{"id":14629,"date":"2026-04-20T03:05:51","date_gmt":"2026-04-20T00:05:51","guid":{"rendered":"https:\/\/kasskoer.ee\/product\/woof-komposteeritavad-hugieenikotid-koertele-60tk-2\/"},"modified":"2026-04-20T03:05:53","modified_gmt":"2026-04-20T00:05:53","slug":"woof-komposteeritavad-hugieenikotid-koertele-60tk","status":"publish","type":"product","link":"https:\/\/kasskoer.ee\/en\/toode\/woof-komposteeritavad-hugieenikotid-koertele-60tk\/","title":{"rendered":"Woof! komposteeritavad h\u00fcgieenikotid koertele 60tk"},"content":{"rendered":"<p><b>Woof! taimsed biolagunevad v\u00e4ljaheitekotid koertele.<\/b><br \/>&#13;<\/p>\n<li>Suurem\u00f5\u00f5tmelised 22,5 x 33 cm kotid sobivad igas suuruses koertele.<\/li>\n<p>&#13;<\/p>\n<li>Tugevad ja rebenemiskindlad kotid on lihtsasti avatavad.<\/li>\n<p>&#13;<\/p>\n<li>Pakend sisaldab 4 rulli (4&#215;15 kotti).&#13;\n<li>100% plastikuvabad.<\/li>\n<p>&#13;<\/p>\n<li>Valmistatud maisit\u00e4rklisest &#8211; lagunevad t\u00e4ielikult 90-180 p\u00e4eva jooksul.<\/li>\n<p>&#13;<\/p>\n<li>Pakend ning rullide sisud on toodetud taask\u00e4ideldud paberist.<\/li>\n","protected":false},"excerpt":{"rendered":"<p>Maisit\u00e4rklisest valmistatud biolagunevad ja komposteeritavad kakakotid.<\/p>\n","protected":false},"featured_media":10942,"template":"","meta":[],"product_cat":[688,365],"product_tag":[],"class_list":{"0":"post-14629","1":"product","2":"type-product","3":"status-publish","4":"has-post-thumbnail","6":"product_cat-koerad","7":"product_cat-koerte-tarvikud","8":"pa_brand-woof","9":"pa_ean-2348","10":"pa_kaal-0-210","11":"pa_tootjariik-eesti","13":"first","14":"outofstock","15":"taxable","16":"shipping-taxable","17":"purchasable","18":"product-type-simple"},"_links":{"self":[{"href":"https:\/\/kasskoer.ee\/en\/wp-json\/wp\/v2\/product\/14629","targetHints":{"allow":["GET"]}}],"collection":[{"href":"https:\/\/kasskoer.ee\/en\/wp-json\/wp\/v2\/product"}],"about":[{"href":"https:\/\/kasskoer.ee\/en\/wp-json\/wp\/v2\/types\/product"}],"wp:featuredmedia":[{"embeddable":true,"href":"https:\/\/kasskoer.ee\/en\/wp-json\/wp\/v2\/media\/10942"}],"wp:attachment":[{"href":"https:\/\/kasskoer.ee\/en\/wp-json\/wp\/v2\/media?parent=14629"}],"wp:term":[{"taxonomy":"product_cat","embeddable":true,"href":"https:\/\/kasskoer.ee\/en\/wp-json\/wp\/v2\/product_cat?post=14629"},{"taxonomy":"product_tag","embeddable":true,"href":"https:\/\/kasskoer.ee\/en\/wp-json\/wp\/v2\/product_tag?post=14629"}],"curies":[{"name":"wp","href":"https:\/\/api.w.org\/{rel}","templated":true}]}}