{"id":14636,"date":"2026-04-20T03:05:51","date_gmt":"2026-04-20T00:05:51","guid":{"rendered":"https:\/\/kasskoer.ee\/product\/brit-veterinary-diet-struvite-konserv-kassidele-200g-2\/"},"modified":"2026-04-20T03:05:53","modified_gmt":"2026-04-20T00:05:53","slug":"brit-veterinary-diet-struvite-konserv-kassidele-200g","status":"publish","type":"product","link":"https:\/\/kasskoer.ee\/en\/toode\/brit-veterinary-diet-struvite-konserv-kassidele-200g\/","title":{"rendered":"Brit Veterinary Diet Struvite konserv kassidele 200g"},"content":{"rendered":"<p><b>Brit Struvite t\u00e4isdieettoit struviitkivide lahustamiseks ja struviitkivide taastekke v\u00e4hendamiseks kassidele.<\/b><br \/>&#13;<br \/>\n<br \/>&#13;<br \/>\n<b>N\u00e4idustused<\/b>&#13;<\/p>\n<li>Struviidikristallide ja -kivide lahustamine ja ennetamine.<\/li>\n<p>&#13;<\/p>\n<li>Kuseteede bakteriaalsete infektsioonide ravi osa.<\/li>\n<p>&#13;<\/p>\n<li>Kristalluuria ennetamine.<\/li>\n<p>&#13;<\/p>\n<li>Kasside idiopaatilise kusep\u00f5iep\u00f5letiku ravi osa.<\/li>\n<p>&#13;<br \/>\n<br \/>&#13;<br \/>\n<b>Koostis<\/b><br \/>&#13;<br \/>\nKalkun (55%), rohelised herned (3%), hernejahu, l\u00f5he\u00f5li (2%), lignotselluloos, kuivatatud vetikad (0,5%, Ascophyllum nodosum), naatriumkloriid (0,5%), kaltsiumsulfaat (0,35%), kuivatatud j\u00f5hvikalehed (0,2%, Vaccinium vitis-idaea), mannaan-oligosahhariidid (0,01%), frukto-oligosahhariidid (0,01%), mohaave t\u00e4\u00e4kliilia (0,008%), beeta-gl\u00fckaanid (0,008%), kuivatatud astelpaju (0,006%).&#13;<br \/>\n<br \/>&#13;<br \/>\n<br \/><b>Anal\u00fc\u00fctilised koostisosad<\/b><br \/>&#13;<br \/>\nToorvalk 9,0 %, toorrasv 8,0 %, toortuhk 2,0 %, niiskus 78,0 %, toorkiud 1,0 %, kaltsium 0,2 %, fosfor 0,2 %, naatrium 0,8 %, magneesium 0,04 %, kaalium 0,3 %, kloriid 0,35 %, v\u00e4\u00e4vel 0,1 %, h\u00fcdroks\u00fcproliin 0,1 %, D3-vitamiin 200 R\u00dc\/kg, oomega-3 rasvhapped 0,2 %, oomega-6 rasvhapped 0,3 %.&#13;<br \/>\n<br \/>&#13;<br \/>\n<br \/><b>S\u00f6\u00f6dalisandid<\/b><br \/>&#13;<br \/>\nVitamiin A (3a672a) 6 000 R\u00dc, vitamiin D3 (3a671) 100 mg, vitamiin E (3a700) 300 mg, biotiin (3a880) 1,5 mg, tsink (3b606) 50 mg, raud (3b106) 30 mg, mangaan (3b504) 30 mg, kaaliumjodiid (3b201) 1,8 mg, vask (3b406) 1,5 mg, seleen (3b810) 0,1 mg, L-karnitiin (3a910) 100 mg, L-metioniin (3c305) 5 000 mg, L-tr\u00fcptofaan (3c441) 10 mg, L-arginiin (3c3.6.1) 10 mg. Tehnoloogilised lisaained 1 kg kohta: jaanileivapuujahu (E 410) 5 000 mg.<br \/>&#13;<br \/>\n<br \/><b>Metaboliseeruv energia<\/b><br \/>&#13;<br \/>\n1140 kcal\/kg<br \/>&#13;<br \/>\n<br \/>&#13;<br \/>\n<b>S\u00f6\u00f6tmisjuhend<\/b><br \/>&#13;<br \/>\nKonsulteerige enne Brit VD toidu kasutamist oma veterinaararstiga. Struviidide lahustamiseks kasutage kassitoitu Brit VD Struvite Cat 5\u201312 n\u00e4dalat. Vanematel kassidel kontrollige regulaarselt uriini sihtm\u00e4rk pH-d (6,2\u20136,4) ja neerude talitlust. Struviidide kordumise ennetamiseks kasutage kassitoitu Brit VD Struvite Cat olenevalt uriinianal\u00fc\u00fcsist kuni 6 kuud.<br \/>&#13;<br \/>\n<br \/>&#13;<br \/>\n<b>Soovituslik p\u00e4evane kogus<\/b>&#13;<\/p>\n<figure class=\"table\">\n<table>\n<tbody>\n<tr>\n<td><strong>Kassi kaal (kg)<\/strong><\/td>\n<td>2<\/td>\n<td>4<\/td>\n<td>6<\/td>\n<td>10<\/td>\n<\/tr>\n<tr>\n<td><strong>P\u00e4evane kogus (g\/p\u00e4evas)<\/strong><\/td>\n<td>150<\/td>\n<td>250<\/td>\n<td>350<\/td>\n<td>450<\/td>\n<\/tr>\n<\/tbody>\n<\/table>\n<\/figure>\n","protected":false},"excerpt":{"rendered":"<p>Brit Veterinary struviitkivide ennetamist ja lahustamist toetav konserv kassidele.<\/p>\n","protected":false},"featured_media":10950,"template":"","meta":[],"product_cat":[689,33],"product_tag":[],"class_list":{"0":"post-14636","1":"product","2":"type-product","3":"status-publish","4":"has-post-thumbnail","6":"product_cat-kassid","7":"product_cat-konservid-kassidele","8":"pa_brand-brit-gf-veterinary-diet","9":"pa_ean-2397","10":"pa_kaal-0-200","11":"pa_tootjariik-tsehhi","13":"first","14":"instock","15":"taxable","16":"shipping-taxable","17":"purchasable","18":"product-type-simple"},"_links":{"self":[{"href":"https:\/\/kasskoer.ee\/en\/wp-json\/wp\/v2\/product\/14636","targetHints":{"allow":["GET"]}}],"collection":[{"href":"https:\/\/kasskoer.ee\/en\/wp-json\/wp\/v2\/product"}],"about":[{"href":"https:\/\/kasskoer.ee\/en\/wp-json\/wp\/v2\/types\/product"}],"wp:featuredmedia":[{"embeddable":true,"href":"https:\/\/kasskoer.ee\/en\/wp-json\/wp\/v2\/media\/10950"}],"wp:attachment":[{"href":"https:\/\/kasskoer.ee\/en\/wp-json\/wp\/v2\/media?parent=14636"}],"wp:term":[{"taxonomy":"product_cat","embeddable":true,"href":"https:\/\/kasskoer.ee\/en\/wp-json\/wp\/v2\/product_cat?post=14636"},{"taxonomy":"product_tag","embeddable":true,"href":"https:\/\/kasskoer.ee\/en\/wp-json\/wp\/v2\/product_tag?post=14636"}],"curies":[{"name":"wp","href":"https:\/\/api.w.org\/{rel}","templated":true}]}}