{"id":14639,"date":"2026-04-20T03:05:51","date_gmt":"2026-04-20T00:05:51","guid":{"rendered":"https:\/\/kasskoer.ee\/product\/brit-veterinary-diet-gastrointestinal-konserv-kassidele-200g-2\/"},"modified":"2026-04-20T03:05:53","modified_gmt":"2026-04-20T00:05:53","slug":"brit-veterinary-diet-gastrointestinal-konserv-kassidele-200g","status":"publish","type":"product","link":"https:\/\/kasskoer.ee\/en\/toode\/brit-veterinary-diet-gastrointestinal-konserv-kassidele-200g\/","title":{"rendered":"Brit Veterinary Diet Gastrointestinal konserv kassidele 200g"},"content":{"rendered":"<p><b>Brit Gastrointestinal t\u00e4isdieettoit seedetrakti h\u00e4iretega kassidele.<\/b><br \/>&#13;<br \/>\n<br \/>&#13;<br \/>\n<b>N\u00e4idustused<\/b>&#13;<\/p>\n<li>\u00c4ge gastroenteriit (k\u00f5hulahtisus, oksendamine).<\/li>\n<p>&#13;<\/p>\n<li>Krooniline gastroenteriit (k\u00f5hulahtisus, oksendamine).<\/li>\n<p>&#13;<\/p>\n<li>P\u00f5letikuline soolehaigus (IBD).<\/li>\n<p>&#13;<\/p>\n<li>K\u00f5hulahtisus v\u00f5i k\u00f5hukinnisus.<\/li>\n<p>&#13;<br \/>\n<br \/>&#13;<br \/>\n<b>Koostis<\/b><br \/>&#13;<br \/>\nL\u00f5he (55%), rohelised herned (3%), \u00f5llep\u00e4rm (2%), hernejahu, l\u00f5he\u00f5li (2%), lignotselluloos, montmorijoniit (0,5%), kuivatatud vetikad (0,5%, Ascophyllum nodosum), mannaan-oligosahhariidid (0,012%), beeta-gl\u00fckaanid (0,01%), frukto-oligosahhariidid (0,008%), mohaave t\u00e4\u00e4kliilia (0,008%), kuivatatud astelpaju (0,006%).&#13;<br \/>\n<br \/>&#13;<br \/>\n<br \/><b>Anal\u00fc\u00fctilised koostisosad<\/b><br \/>&#13;<br \/>\nToorvalk 9,0 %, toorrasv 7,0 %, toortuhk 2,5 %, niiskus 78,0 %, toorkiud 1,0 %, kaltsium 0,2 %, fosfor 0,25 %, naatrium 0,6 %, magneesium 0,03 %, kaalium 0,3 %, oomega-3 rasvhapped 0,2%, oomega-6 rasvhapped 0,2%.&#13;<br \/>\n<br \/>&#13;<br \/>\n<br \/><b>S\u00f6\u00f6dalisandid<\/b><br \/>&#13;<br \/>\nA-vitamiin (3a672a) 6000 R\u00dc, D3-vitamiin (3a671) 200 mg, E-vitamiin (3a700) 300 mg, C-vitamiin (3a312) 100 mg, biotiin (3a880) 1,2 mg, tsink (3b606) 50 mg, raud (3b106) 25 mg, mangaan (3b504) 25 mg, kaaliumjodiid (3b201) 1,8 mg, vask (3b406) 1,5 mg, seleen (3b810) 0,1 mg, L-metioniin (3c305) 2000 mg, L-arginiin (3c3.6.1) 1000 mg, tauriin (3a370) 1500 mg, naatriumvesinikglutamaat (2b621) 3000 mg. Tehnoloogilised lisandid 1 kg kohta: jaanileivapuujahu (E 410) 5000 mg.<br \/>&#13;<br \/>\n<br \/><b>Metaboliseeruv energia<\/b><br \/>&#13;<br \/>\n1075 kcal\/kg<br \/>&#13;<br \/>\n<br \/>&#13;<br \/>\n<b>S\u00f6\u00f6tmisjuhend<\/b><br \/>&#13;<br \/>\nKonsulteerige enne Brit VD toidu kasutamist oma veterinaararstiga. \u00c4gedate imendumish\u00e4irete korral andke kassile 1\u20133 n\u00e4dalat ainult kassitoitu Brit VD Gastrointestinal Cat ja vett. Soolehatude ja nende funktsiooni t\u00e4ielikuks taastumiseks kulub kuni 3 n\u00e4dalat. Maldigestiooni korral andke kassile kassitoitu Brit VD Gastrointestinal Cat 3\u201312 n\u00e4dalat. Krooniliste seedetrakti h\u00e4irete korral tuleb seda kasutada elu l\u00f5puni.<br \/>&#13;<br \/>\n<br \/>&#13;<br \/>\n<b>Soovituslik p\u00e4evane kogus<\/b>&#13;<\/p>\n<figure class=\"table\">\n<table>\n<tbody>\n<tr>\n<td><strong>Kassi kaal (kg)<\/strong><\/td>\n<td>2<\/td>\n<td>4<\/td>\n<td>6<\/td>\n<td>10<\/td>\n<\/tr>\n<tr>\n<td><strong>P\u00e4evane kogus (g\/p\u00e4evas)<\/strong><\/td>\n<td>200<\/td>\n<td>350<\/td>\n<td>450<\/td>\n<td>600<\/td>\n<\/tr>\n<\/tbody>\n<\/table>\n<\/figure>\n","protected":false},"excerpt":{"rendered":"<p>Brit Veterinary konserv seedetrakti h\u00e4iretega kassidele.<\/p>\n","protected":false},"featured_media":10956,"template":"","meta":[],"product_cat":[689,33],"product_tag":[],"class_list":{"0":"post-14639","1":"product","2":"type-product","3":"status-publish","4":"has-post-thumbnail","6":"product_cat-kassid","7":"product_cat-konservid-kassidele","8":"pa_brand-brit-gf-veterinary-diet","9":"pa_ean-2413","10":"pa_kaal-0-200","11":"pa_tootjariik-tsehhi","13":"first","14":"instock","15":"taxable","16":"shipping-taxable","17":"purchasable","18":"product-type-simple"},"_links":{"self":[{"href":"https:\/\/kasskoer.ee\/en\/wp-json\/wp\/v2\/product\/14639","targetHints":{"allow":["GET"]}}],"collection":[{"href":"https:\/\/kasskoer.ee\/en\/wp-json\/wp\/v2\/product"}],"about":[{"href":"https:\/\/kasskoer.ee\/en\/wp-json\/wp\/v2\/types\/product"}],"wp:featuredmedia":[{"embeddable":true,"href":"https:\/\/kasskoer.ee\/en\/wp-json\/wp\/v2\/media\/10956"}],"wp:attachment":[{"href":"https:\/\/kasskoer.ee\/en\/wp-json\/wp\/v2\/media?parent=14639"}],"wp:term":[{"taxonomy":"product_cat","embeddable":true,"href":"https:\/\/kasskoer.ee\/en\/wp-json\/wp\/v2\/product_cat?post=14639"},{"taxonomy":"product_tag","embeddable":true,"href":"https:\/\/kasskoer.ee\/en\/wp-json\/wp\/v2\/product_tag?post=14639"}],"curies":[{"name":"wp","href":"https:\/\/api.w.org\/{rel}","templated":true}]}}