{"id":14640,"date":"2026-04-20T03:05:51","date_gmt":"2026-04-20T00:05:51","guid":{"rendered":"https:\/\/kasskoer.ee\/product\/brit-veterinary-diet-diabetes-konserv-kassidele-200g-2\/"},"modified":"2026-04-20T03:05:53","modified_gmt":"2026-04-20T00:05:53","slug":"brit-veterinary-diet-diabetes-konserv-kassidele-200g","status":"publish","type":"product","link":"https:\/\/kasskoer.ee\/en\/toode\/brit-veterinary-diet-diabetes-konserv-kassidele-200g\/","title":{"rendered":"Brit Veterinary Diet Diabetes konserv kassidele 200g"},"content":{"rendered":"<p><b>Brit Diabetes t\u00e4isdieettoit melliitdiabeedi ravi toetuseks kassidele.<\/b><br \/>&#13;<br \/>\n<br \/>&#13;<br \/>\n<b>N\u00e4idustused<\/b>&#13;<\/p>\n<li>Melliitdiabeet.<\/li>\n<p>&#13;<\/p>\n<li>Krooniline koliit.<\/li>\n<p>&#13;<br \/>\n<br \/>&#13;<br \/>\n<b>Koostis<\/b><br \/>&#13;<br \/>\nLammas (55%), rohelised herned (3,5%), l\u00f5he\u00f5li (2%), hernejahu, lignotselluloos (1%), ps\u00fclliumi seemnekestad ja seemned (0,5%), kuivatatud vetikad (0,5%, Ascophyllum nodosum), gl\u00fckoosamiin (0,015%), kondroitiinsulfaat (0,01%), mannaan-oligosahhariidid (0,01%), beeta-gl\u00fckaanid (0,008%), kuivatatud astelpaju (0,006%), frukto-oligosahhariidid (0,005%), mohaave t\u00e4\u00e4kliilia (0,005%).&#13;<br \/>\n<br \/>&#13;<br \/>\n<br \/><b>Anal\u00fc\u00fctilised koostisosad<\/b><br \/>&#13;<br \/>\nToorvalk 9,0 %, toorrasv 8,0 %, toortuhk 2,0 %, niiskus 78,0 %, suhkruid kokku (l\u00e4mmastikuvaba ekstraktina) 1,5 %, toorkiud 2,0 %, kaltsium 0,2 %, fosfor 0,25 %, naatrium 0,5 %, t\u00e4rklis 2 %, suhkruid kokku 0,5 %, magneesium 0,02 %, oomega-3 rasvhapped 0,1 %, oomega-6 rasvhapped 0,2 %.&#13;<br \/>\n<br \/>&#13;<br \/>\n<br \/><b>S\u00f6\u00f6dalisandid<\/b><br \/>&#13;<br \/>\nA-vitamiin (3a672a) 6000 R\u00dc, D3-vitamiin (3a671) 200 mg, E-vitamiin (3a700) 300 mg, C-vitamiin (3a312) 100 mg, biotiin (3a880) 1,2 mg, tsink (3b606) 45 mg, raud (3b106) 20 mg, mangaan (3b504) 15 mg, kaaliumjodiid (3b201) 1,5 mg, vask (3b406) 1,5 mg, seleen (3b810) 0,1 mg, tauriin (3a370) 1100 mg, L-karnitiin (3a910) 250 mg, L-metioniin (3c305) 2000 mg, L-arginiin (3c3.6.1) 10 mg. Tehnoloogilised lisandid 1 kg kohta: jaanileivapuujahu (E 410) 5000 mg.<br \/>&#13;<br \/>\n<br \/><b>Metaboliseeruv energia<\/b><br \/>&#13;<br \/>\n1130 kcal\/kg<br \/>&#13;<br \/>\n<br \/>&#13;<br \/>\n<b>S\u00f6\u00f6tmisjuhend<\/b><br \/>&#13;<br \/>\nKonsulteerige enne Brit VD toidu kasutamist oma veterinaararstiga. Andke kassitoitu Brit VD Diabetes Cat esialgu kuni 6 kuud. Jagage p\u00e4evanorm mitmeks osaks ja andke neid korrap\u00e4raste ajavahemike j\u00e4rel, l\u00e4htudes kassi haigusseisundist. Optimaalse insuliiniannuse valimiseks peate regulaarselt kontrollima veresuhkru taset. \u00c4rge andke oma kassile muid lemmiklooma- v\u00f5i inimeste toite ega suupisteid. Melliitdiabeeti p\u00f5devate kasside optimaalse kehakaalu s\u00e4ilitamine parandab insuliinitundlikkust. Melliitdiabeedi t\u00f5husaks ohjamiseks tuleb kassi korrap\u00e4raselt kaaluda. Madala gl\u00fckeemilise indeksi ja k\u00f5rge valgusisaldusega dieedid v\u00f5ivad melliitdiabeeti kassidel ravida.<br \/>&#13;<br \/>\n<br \/>&#13;<br \/>\n<b>Soovituslik p\u00e4evane kogus<\/b>&#13;<\/p>\n<figure class=\"table\">\n<table>\n<tbody>\n<tr>\n<td><strong>Kassi kaal (kg)<\/strong><\/td>\n<td>2<\/td>\n<td>4<\/td>\n<td>6<\/td>\n<td>10<\/td>\n<\/tr>\n<tr>\n<td><strong>P\u00e4evane kogus (g\/p\u00e4evas)<\/strong><\/td>\n<td>200<\/td>\n<td>350<\/td>\n<td>450<\/td>\n<td>600<\/td>\n<\/tr>\n<\/tbody>\n<\/table>\n<\/figure>\n","protected":false},"excerpt":{"rendered":"<p>Brit Veterinary diabeedi ravi toetav konserv kassidele.<\/p>\n","protected":false},"featured_media":10958,"template":"","meta":[],"product_cat":[689,33],"product_tag":[],"class_list":{"0":"post-14640","1":"product","2":"type-product","3":"status-publish","4":"has-post-thumbnail","6":"product_cat-kassid","7":"product_cat-konservid-kassidele","8":"pa_brand-brit-gf-veterinary-diet","9":"pa_ean-2414","10":"pa_kaal-0-200","11":"pa_tootjariik-tsehhi","13":"first","14":"instock","15":"taxable","16":"shipping-taxable","17":"purchasable","18":"product-type-simple"},"_links":{"self":[{"href":"https:\/\/kasskoer.ee\/en\/wp-json\/wp\/v2\/product\/14640","targetHints":{"allow":["GET"]}}],"collection":[{"href":"https:\/\/kasskoer.ee\/en\/wp-json\/wp\/v2\/product"}],"about":[{"href":"https:\/\/kasskoer.ee\/en\/wp-json\/wp\/v2\/types\/product"}],"wp:featuredmedia":[{"embeddable":true,"href":"https:\/\/kasskoer.ee\/en\/wp-json\/wp\/v2\/media\/10958"}],"wp:attachment":[{"href":"https:\/\/kasskoer.ee\/en\/wp-json\/wp\/v2\/media?parent=14640"}],"wp:term":[{"taxonomy":"product_cat","embeddable":true,"href":"https:\/\/kasskoer.ee\/en\/wp-json\/wp\/v2\/product_cat?post=14640"},{"taxonomy":"product_tag","embeddable":true,"href":"https:\/\/kasskoer.ee\/en\/wp-json\/wp\/v2\/product_tag?post=14640"}],"curies":[{"name":"wp","href":"https:\/\/api.w.org\/{rel}","templated":true}]}}