{"id":14642,"date":"2026-04-20T03:05:51","date_gmt":"2026-04-20T00:05:51","guid":{"rendered":"https:\/\/kasskoer.ee\/product\/brit-veterinary-diet-obesity-konserv-koertele-400g-2\/"},"modified":"2026-04-20T03:05:53","modified_gmt":"2026-04-20T00:05:53","slug":"brit-veterinary-diet-obesity-konserv-koertele-400g","status":"publish","type":"product","link":"https:\/\/kasskoer.ee\/en\/toode\/brit-veterinary-diet-obesity-konserv-koertele-400g\/","title":{"rendered":"Brit Veterinary Diet Obesity konserv koertele 400g"},"content":{"rendered":"<p><b>Brit Obesity t\u00e4isdieettoit kehakaalu langetamiseks ja s\u00e4ilitamiseks.<\/b><br \/>&#13;<br \/>\n<br \/>&#13;<br \/>\n<b>N\u00e4idustused<\/b>&#13;<\/p>\n<li>\u00dclekaaluliste ja rasvunud koerte kehakaalu v\u00e4hendamine.<\/li>\n<p>&#13;<\/p>\n<li>Optimaalse kehakaalu s\u00e4ilitamine.<\/li>\n<p>&#13;<\/p>\n<li>Kaalu s\u00e4ilitamine p\u00e4rast kastreerimist.<\/li>\n<p>&#13;<br \/>\n<br \/>&#13;<br \/>\n<b>Koostis<\/b><br \/>&#13;<br \/>\nLammas (55%), rohelised herned (4%), l\u00f5he\u00f5li (2%), lignotselluloos (2%), hernejahu, kaltsiumkarbonaat, ps\u00fclliumi kestad ja seemned (0,5%), kuivatatud vetikad (0,5%, Ascophyllum nodosum), gl\u00fckoosamiin (0,018%), kondroitiinsulfaat (0,013%), mannan-oligosahhariidid (0,01%), \u03b2-gl\u00fckaanid (0,01%), frukto-oligosahhariidid (0,008%), Mojave yucca (0,006%), kuivatatud astelpaju (0,008%).&#13;<br \/>\n<br \/>&#13;<br \/>\n<br \/><b>Anal\u00fc\u00fctilised koostisosad<\/b><br \/>&#13;<br \/>\nToorvalk 8,0 %, toorrasv 7,0 %, toortuhk 2,0 %, niiskus 78,0 %, kogusuhkrud (NFE-na) 2,5 %, toorkiud 4,5 %, kaltsium 0,1 %, fosfor 0,2 %, naatrium 0,1 %, t\u00e4rklis 2,0 %, kogusuhkrud 1,0 %, magneesium 0,08 %, oomega-3 rasvhapped 0,1 %, oomega-6 rasvhapped 0,2 %.&#13;<br \/>\n<br \/>&#13;<br \/>\n<br \/><b>S\u00f6\u00f6dalisandid<\/b><br \/>&#13;<br \/>\nVitamiin A (3a672a) 5 000 R\u00dc, vitamiin D3 (3a671) 300 R\u00dc, vitamiin E (3a700) 300 mg, vitamiin C (3a312) 150 mg, biotiin (3a880) 0,6 mg, tsink (3b606) 40 mg, raud (3b106) 15 mg, mangaan (3b504) 15 mg, kaaliumjodiid (3b201) 1,0 mg, vask (3b406) 1,5 mg, seleen (3b8.10) 0,05 mg, tauriin (3a370) 600 mg, L-karnitiin (3a910) 200 mg. Tehnoloogilised lisaained 1 kg kohta: jaanileivapuujahu (E 410) 5 000 mg.<br \/>&#13;<br \/>\n<br \/><b>Metaboliseeruv energia<\/b><br \/>&#13;<br \/>\n1030 kcal\/kg<br \/>&#13;<br \/>\n<br \/>&#13;<br \/>\n<b>S\u00f6\u00f6tmisjuhend<\/b><br \/>&#13;<br \/>\nKonsulteerige enne Brit VD toidu kasutamist oma veterinaararstiga. M\u00e4\u00e4rake oma koera t\u00f5ugu arvestades tema sihtkaal ja kohandage koeratoidu Brit VD Obesity Dog \u00f6\u00f6p\u00e4evast portsjonit iga n\u00e4dal 1\u20132% v\u00f5rra kehakaalust. T\u00f5husaks ja ohutuks kaalulangetamiseks tuleb koera korrap\u00e4raselt kaaluda. Kasutage koeratoitu Brit VD Obesity Dog v\u00e4hemalt 2 kuud. \u00c4rge andke koerale muid lemmiklooma- v\u00f5i inimeste toite ega suupisteid. P\u00e4rast soovitud kehakaalu saavutamist andke koeratoidu Brit VD Obesity Dog kohandatud portsjonit veel j\u00e4rgmised 6 kuud.<br \/>&#13;<br \/>\n<br \/><b>Soovituslik p\u00e4evane kogus<\/b>&#13;<\/p>\n<figure class=\"table\">\n<table>\n<tbody>\n<tr>\n<td><strong>Koera kaal (kg)<\/strong><\/td>\n<td>5-10<\/td>\n<td>10-30<\/td>\n<td>30-60<\/td>\n<\/tr>\n<tr>\n<td><strong>P\u00e4evane kogus (g\/p\u00e4evas)<\/strong><\/td>\n<td>300-500<\/td>\n<td>500-1200<\/td>\n<td>1200-2000<\/td>\n<\/tr>\n<\/tbody>\n<\/table>\n<\/figure>\n","protected":false},"excerpt":{"rendered":"<p>Brit Veterinary kehakaalu langetamist toetav konserv koertele.<\/p>\n","protected":false},"featured_media":10962,"template":"","meta":[],"product_cat":[688,106],"product_tag":[],"class_list":{"0":"post-14642","1":"product","2":"type-product","3":"status-publish","4":"has-post-thumbnail","6":"product_cat-koerad","7":"product_cat-konservid-koertele","8":"pa_brand-brit-gf-veterinary-diet","9":"pa_ean-2416","10":"pa_kaal-0-400","11":"pa_tootjariik-tsehhi","13":"first","14":"instock","15":"taxable","16":"shipping-taxable","17":"purchasable","18":"product-type-simple"},"_links":{"self":[{"href":"https:\/\/kasskoer.ee\/en\/wp-json\/wp\/v2\/product\/14642","targetHints":{"allow":["GET"]}}],"collection":[{"href":"https:\/\/kasskoer.ee\/en\/wp-json\/wp\/v2\/product"}],"about":[{"href":"https:\/\/kasskoer.ee\/en\/wp-json\/wp\/v2\/types\/product"}],"wp:featuredmedia":[{"embeddable":true,"href":"https:\/\/kasskoer.ee\/en\/wp-json\/wp\/v2\/media\/10962"}],"wp:attachment":[{"href":"https:\/\/kasskoer.ee\/en\/wp-json\/wp\/v2\/media?parent=14642"}],"wp:term":[{"taxonomy":"product_cat","embeddable":true,"href":"https:\/\/kasskoer.ee\/en\/wp-json\/wp\/v2\/product_cat?post=14642"},{"taxonomy":"product_tag","embeddable":true,"href":"https:\/\/kasskoer.ee\/en\/wp-json\/wp\/v2\/product_tag?post=14642"}],"curies":[{"name":"wp","href":"https:\/\/api.w.org\/{rel}","templated":true}]}}