{"id":14643,"date":"2026-04-20T03:05:51","date_gmt":"2026-04-20T00:05:51","guid":{"rendered":"https:\/\/kasskoer.ee\/product\/brit-veterinary-diet-hypoallergenic-konserv-koertele-400g-2\/"},"modified":"2026-04-20T03:05:53","modified_gmt":"2026-04-20T00:05:53","slug":"brit-veterinary-diet-hypoallergenic-konserv-koertele-400g","status":"publish","type":"product","link":"https:\/\/kasskoer.ee\/en\/toode\/brit-veterinary-diet-hypoallergenic-konserv-koertele-400g\/","title":{"rendered":"Brit Veterinary Diet Hypoallergenic konserv koertele 400g"},"content":{"rendered":"<p><b>Brit Hypoallergenic t\u00e4isdieettoit koertele, kes kannatavad dermatoloogiliste ja seedetrakti probleemide all, mida p\u00f5hjustavad toidust tulenevad soovimatud reaktsioonid (toiduallergia\/-talumatus).<\/b><br \/>&#13;<br \/>\n<br \/>&#13;<br \/>\n<b>N\u00e4idustused<\/b>&#13;<\/p>\n<li>Soovimatud reaktsioonid toidust koos dermatoloogiliste s\u00fcmptomitega.<\/li>\n<p>&#13;<\/p>\n<li>Dermatoloogiliste haiguste (allergia, atoopia ja k\u00f5rvap\u00f5letik) ravi osa.<\/li>\n<p>&#13;<\/p>\n<li>Soovimatud reaktsioonid toidust koos seedetrakti s\u00fcmptomitega.<\/li>\n<p>&#13;<\/p>\n<li>Seedetrakti haiguste (krooniline k\u00f5hulahtisus, p\u00f5letikuline soolehaigus) ravi osa.<\/li>\n<p>&#13;<br \/>\n<br \/>&#13;<br \/>\n<b>Koostis<\/b><br \/>&#13;<br \/>\nL\u00f5he (55%), rohelised herned (4%), l\u00f5he\u00f5li (3%), hernejahu, lignotselluloos, kaltsiumkarbonaat, kuivatatud vetikad (0,5%, Schizochytrium limacinum), kuivatatud vetikad (0,5%, Ascophyllum nodosum), mannan-oligosahhariidid (0,005%), \u03b2-gl\u00fckaanid (0,005%), frukto-oligosahhariidid (0,004%), Mojave yucca (0,003%), kuivatatud astelpaju (0,003%).&#13;<br \/>\n<br \/>&#13;<br \/>\n<br \/><b>Anal\u00fc\u00fctilised koostisosad<\/b><br \/>&#13;<br \/>\nToorvalk 8,0 %, toorrasv 8,0 %, toortuhk 2,5 %, niiskus 78,0 %, toorkiud 1,0 %, kaltsium 0,2 %, fosfor 0,3 %, naatrium 0,25 %, EPA (20:5 n-3) 0,01 %, DHA (22:6 n-3) 0,15 %, magneesium 0,1 %, oomega-3 rasvhapped 0,3 %, oomega-6 rasvhapped 0,2 %.&#13;<br \/>\n<br \/>&#13;<br \/>\n<br \/><b>S\u00f6\u00f6dalisandid<\/b><br \/>&#13;<br \/>\nVitamiin A (3a672a) 5 000 R\u00dc, vitamiin D3 (3a671) 400 R\u00dc, vitamiin E (3a700) 200 mg, vitamiin C (3a312) 150 mg, biotiin (3a880) 0,8 mg, tsink (3b606) 35 mg, raud (3b106) 20 mg, mangaan (3b504) 12 mg, kaaliumjodiid (3b201) 0,2 mg, vask (3b406) 5 mg, seleen (3b8.10) 0,05 mg. Tehnoloogilised lisaained 1 kg kohta: jaanileivapuujahu (E 410) 5 000 mg.<br \/>&#13;<br \/>\n<br \/><b>Metaboliseeruv energia<\/b><br \/>&#13;<br \/>\n1150 kcal\/kg<br \/>&#13;<br \/>\n<br \/>&#13;<br \/>\n<b>S\u00f6\u00f6tmisjuhend<\/b><br \/>&#13;<br \/>\nKonsulteerige enne Brit VD toidu kasutamist oma veterinaararstiga. Andke koerale 6\u20138 n\u00e4dalat ainult koeratoitu Brit VD Hypoallergenic Dog ja vett. \u00c4rge andke muid lemmiklooma- v\u00f5i inimeste toite ega suupisteid ja lisandeid. L\u00f5petage kasutamine toidutalumatuse ja\/v\u00f5i -allergia ilmnemise korral. Koeratoitu Brit VD Hypoallergenic Dog v\u00f5ib kasutada \u00fcksk\u00f5ik kui kaua v\u00f5i monoproteiinil p\u00f5hineva dieedi provokatsioonitesti tegemiseks.<br \/>&#13;<br \/>\n<br \/><b>Soovituslik p\u00e4evane kogus<\/b>&#13;<\/p>\n<figure class=\"table\">\n<table>\n<tbody>\n<tr>\n<td><strong>Koera kaal (kg)<\/strong><\/td>\n<td>5-10<\/td>\n<td>10-30<\/td>\n<td>30-60<\/td>\n<\/tr>\n<tr>\n<td><strong>P\u00e4evane kogus (g\/p\u00e4evas)<\/strong><\/td>\n<td>200-400<\/td>\n<td>400-1000<\/td>\n<td>1000-1600<\/td>\n<\/tr>\n<\/tbody>\n<\/table>\n<\/figure>\n","protected":false},"excerpt":{"rendered":"<p>Brit Veterinary h\u00fcpoallergeenne konserv koertele.<\/p>\n","protected":false},"featured_media":10964,"template":"","meta":[],"product_cat":[688,106],"product_tag":[],"class_list":{"0":"post-14643","1":"product","2":"type-product","3":"status-publish","4":"has-post-thumbnail","6":"product_cat-koerad","7":"product_cat-konservid-koertele","8":"pa_brand-brit-gf-veterinary-diet","9":"pa_ean-2417","10":"pa_kaal-0-400","11":"pa_tootjariik-tsehhi","13":"first","14":"instock","15":"taxable","16":"shipping-taxable","17":"purchasable","18":"product-type-simple"},"_links":{"self":[{"href":"https:\/\/kasskoer.ee\/en\/wp-json\/wp\/v2\/product\/14643","targetHints":{"allow":["GET"]}}],"collection":[{"href":"https:\/\/kasskoer.ee\/en\/wp-json\/wp\/v2\/product"}],"about":[{"href":"https:\/\/kasskoer.ee\/en\/wp-json\/wp\/v2\/types\/product"}],"wp:featuredmedia":[{"embeddable":true,"href":"https:\/\/kasskoer.ee\/en\/wp-json\/wp\/v2\/media\/10964"}],"wp:attachment":[{"href":"https:\/\/kasskoer.ee\/en\/wp-json\/wp\/v2\/media?parent=14643"}],"wp:term":[{"taxonomy":"product_cat","embeddable":true,"href":"https:\/\/kasskoer.ee\/en\/wp-json\/wp\/v2\/product_cat?post=14643"},{"taxonomy":"product_tag","embeddable":true,"href":"https:\/\/kasskoer.ee\/en\/wp-json\/wp\/v2\/product_tag?post=14643"}],"curies":[{"name":"wp","href":"https:\/\/api.w.org\/{rel}","templated":true}]}}