{"id":14644,"date":"2026-04-20T03:05:51","date_gmt":"2026-04-20T00:05:51","guid":{"rendered":"https:\/\/kasskoer.ee\/product\/brit-veterinary-diet-hepatic-konserv-koertele-400g-2\/"},"modified":"2026-04-20T03:05:53","modified_gmt":"2026-04-20T00:05:53","slug":"brit-veterinary-diet-hepatic-konserv-koertele-400g","status":"publish","type":"product","link":"https:\/\/kasskoer.ee\/en\/toode\/brit-veterinary-diet-hepatic-konserv-koertele-400g\/","title":{"rendered":"Brit Veterinary Diet Hepatic konserv koertele 400g"},"content":{"rendered":"<p><b>Brit Hepatic t\u00e4isdieettoit kahjustatud maksatalitlusega koertele.<\/b><br \/>&#13;<br \/>\n<br \/>&#13;<br \/>\n<b>N\u00e4idustused<\/b>&#13;<\/p>\n<li>Maksatalitluse toetamine kroonilise maksapuudulikkuse korral.<\/li>\n<p>&#13;<\/p>\n<li>Portos\u00fcsteemne \u0161unt (PSS).<\/li>\n<p>&#13;<\/p>\n<li>Maksa-entsefalopaatia.<\/li>\n<p>&#13;<\/p>\n<li>M\u00fcrgistusest taastumine.<\/li>\n<p>&#13;<br \/>\n<br \/>&#13;<br \/>\n<b>Koostis<\/b><br \/>&#13;<br \/>\nKalkun (55%), rohelised herned (4%), l\u00f5he\u00f5li (2%), hernejahu, lignotselluloos, kaltsiumkarbonaat, kuivatatud vetikad (0,5%, Ascophyllum nodosum), piimaohaka seemned (0,2%), mannan-oligosahhariidid (0,005%), frukto-oligosahhariidid (0,005%), Mojave yucca (0,0034%), \u03b2-gl\u00fckaanid (0,004%), kuivatatud astelpaju (0,003%).&#13;<br \/>\n<br \/>&#13;<br \/>\n<br \/><b>Anal\u00fc\u00fctilised koostisosad<\/b><br \/>&#13;<br \/>\nToorvalk 9,0 %, toorrasv 9,0 %, toortuhk 2,0 %, niiskus 78,0 %, toorkiud 1,0 %, kogusuhkrud (NFE-na) 4,0 %, kaltsium 0,1 %, fosfor 0,3 %, naatrium 0,2 %, magneesium 0,08 %, vask 0,1 %, oomega-3 rasvhapped 0,1 %, oomega-6 rasvhapped 0,2 %.&#13;<br \/>\n<br \/>&#13;<br \/>\n<br \/><b>S\u00f6\u00f6dalisandid<\/b><br \/>&#13;<br \/>\nVitamiin A (3a672a) 5 000 R\u00dc, vitamiin D3 (3a671) 200 R\u00dc, vitamiin E (3a700) 200 mg, vitamiin C (3a312) 100 mg, biotiin (3a880) 0,6 mg, tsink (3b606) 40 mg, raud (3b106) 15 mg, mangaan (3b504) 15 mg, kaaliumjodiid (3b201) 1,0 mg, seleen (3b8.10) 0,05 mg, tauriin (3a370) 600 mg, L-karnitiin (3a910) 80 mg. Tehnoloogilised lisaained 1 kg kohta: jaanileivapuujahu (E 410) 5 000 mg.<br \/>&#13;<br \/>\n<br \/><b>Metaboliseeruv energia<\/b><br \/>&#13;<br \/>\n1330 kcal\/kg<br \/>&#13;<br \/>\n<br \/>&#13;<br \/>\n<b>S\u00f6\u00f6tmisjuhend<\/b><br \/>&#13;<br \/>\nKonsulteerige enne Brit VD toidu kasutamist oma veterinaararstiga. Andke koeratoitu Brit VD Hepatic Dog esialgu kuni 6 kuud. Jagage toidu p\u00e4evanorm mitmeks v\u00f5rdseks osaks, pakkudes neid kogu p\u00e4eva v\u00e4ltel. \u00c4rge andke koerale muid lemmiklooma- v\u00f5i inimeste toite ega suupisteid. Kroonilise maksapuudulikkuse korral tuleb seda kasutada elu l\u00f5puni.<br \/>&#13;<br \/>\n<br \/><b>Soovituslik p\u00e4evane kogus<\/b>&#13;<\/p>\n<figure class=\"table\">\n<table>\n<tbody>\n<tr>\n<td><strong>Koera kaal (kg)<\/strong><\/td>\n<td>5-10<\/td>\n<td>10-30<\/td>\n<td>30-60<\/td>\n<\/tr>\n<tr>\n<td><strong>P\u00e4evane kogus (g\/p\u00e4evas)<\/strong><\/td>\n<td>200-400<\/td>\n<td>400-800<\/td>\n<td>800-1400<\/td>\n<\/tr>\n<\/tbody>\n<\/table>\n<\/figure>\n","protected":false},"excerpt":{"rendered":"<p>Brit Veterinary maksa funktsiooni toetav konserv koertele.<\/p>\n","protected":false},"featured_media":10966,"template":"","meta":[],"product_cat":[688,106],"product_tag":[],"class_list":{"0":"post-14644","1":"product","2":"type-product","3":"status-publish","4":"has-post-thumbnail","6":"product_cat-koerad","7":"product_cat-konservid-koertele","8":"pa_brand-brit-gf-veterinary-diet","9":"pa_ean-2418","10":"pa_kaal-0-400","11":"pa_tootjariik-tsehhi","13":"first","14":"instock","15":"taxable","16":"shipping-taxable","17":"purchasable","18":"product-type-simple"},"_links":{"self":[{"href":"https:\/\/kasskoer.ee\/en\/wp-json\/wp\/v2\/product\/14644","targetHints":{"allow":["GET"]}}],"collection":[{"href":"https:\/\/kasskoer.ee\/en\/wp-json\/wp\/v2\/product"}],"about":[{"href":"https:\/\/kasskoer.ee\/en\/wp-json\/wp\/v2\/types\/product"}],"wp:featuredmedia":[{"embeddable":true,"href":"https:\/\/kasskoer.ee\/en\/wp-json\/wp\/v2\/media\/10966"}],"wp:attachment":[{"href":"https:\/\/kasskoer.ee\/en\/wp-json\/wp\/v2\/media?parent=14644"}],"wp:term":[{"taxonomy":"product_cat","embeddable":true,"href":"https:\/\/kasskoer.ee\/en\/wp-json\/wp\/v2\/product_cat?post=14644"},{"taxonomy":"product_tag","embeddable":true,"href":"https:\/\/kasskoer.ee\/en\/wp-json\/wp\/v2\/product_tag?post=14644"}],"curies":[{"name":"wp","href":"https:\/\/api.w.org\/{rel}","templated":true}]}}