{"id":14645,"date":"2026-04-20T03:05:51","date_gmt":"2026-04-20T00:05:51","guid":{"rendered":"https:\/\/kasskoer.ee\/product\/brit-veterinary-diet-gastrointestinal-konserv-koertele-400g-2\/"},"modified":"2026-04-20T03:05:54","modified_gmt":"2026-04-20T00:05:54","slug":"brit-veterinary-diet-gastrointestinal-konserv-koertele-400g","status":"publish","type":"product","link":"https:\/\/kasskoer.ee\/en\/toode\/brit-veterinary-diet-gastrointestinal-konserv-koertele-400g\/","title":{"rendered":"Brit Veterinary Diet Gastrointestinal konserv koertele 400g"},"content":{"rendered":"<p><b>Brit Gastrointestinal t\u00e4isdieettoit seedetrakti h\u00e4iretega koertele.<\/b><br \/>&#13;<br \/>\n<br \/>&#13;<br \/>\n<b>N\u00e4idustused<\/b>&#13;<\/p>\n<li>\u00c4ge gastroenteriit (k\u00f5hulahtisus, oksendamine).<\/li>\n<p>&#13;<\/p>\n<li>Krooniline gastroenteriit (k\u00f5hulahtisus, oksendamine).<\/li>\n<p>&#13;<\/p>\n<li>Seedetrakti rahustamine p\u00e4rast k\u00f5hulahtisust v\u00f5i oksendamist.<\/li>\n<p>&#13;<\/p>\n<li>Pankreatiit.<\/li>\n<p>&#13;<\/p>\n<li>Suurenenud k\u00f5hupuhitus.<\/li>\n<p>&#13;<\/p>\n<li>Seedeh\u00e4ired.<\/li>\n<p>&#13;<\/p>\n<li>Eksokriinne pankrease puudulikkus (EPI).<\/li>\n<p>&#13;<br \/>\n<br \/>&#13;<br \/>\n<b>Koostis<\/b><br \/>&#13;<br \/>\nL\u00f5he (55%), rohelised herned (4%), \u00f5llep\u00e4rm (3%), l\u00f5he\u00f5li (2%), hernejahu, lignotselluloos, kaltsiumkarbonaat, montmorilloniit (0,5%), ps\u00fclliumi kestad ja seemned (0,5%), kuivatatud vetikad (0,5%, Ascophyllum nodosum), mannan-oligosahhariidid (0,005%), \u03b2-gl\u00fckaanid (0,005%), frukto-oligosahhariidid (0,004%), Mojave yucca (0,004%), kuivatatud astelpaju (0,004%).&#13;<br \/>\n<br \/>&#13;<br \/>\n<br \/><b>Anal\u00fc\u00fctilised koostisosad<\/b><br \/>&#13;<br \/>\nToorvalk 8,0 %, toorrasv 6,0 %, toortuhk 3,0 %, niiskus 78,0 %, toorkiud 1,0 %, kaltsium 0,2 %, fosfor 0,3 %, naatrium 0,2 %, magneesium 0,07 %, kaalium 0,3 %, oomega-3 rasvhapped 0,2 %, oomega-6 rasvhapped 0,2 %.&#13;<br \/>\n<br \/>&#13;<br \/>\n<br \/><b>S\u00f6\u00f6dalisandid<\/b><br \/>&#13;<br \/>\nVitamiin A (3a672a) 5 000 R\u00dc, vitamiin D3 (3a671) 200 R\u00dc, vitamiin E (3a700) 250 mg, vitamiin C (3a312) 80 mg, biotiin (3a880) 0,5 mg, tsink (3b606) 30 mg, raud (3b106) 15 mg, mangaan (3b504) 18 mg, kaaliumjodiid (3b201) 1,0 mg, vask (3b406) 1,2 mg, seleen (3b8.10) 0,05 mg, L-karnitiin (3a910) 80 mg, tauriin (3a370) 500 mg, mononaatriumglutamaat (2b621) 3 000 mg, L-arginiin (3c3.6.1) 1 000 mg. Tehnoloogilised lisaained 1 kg kohta: jaanileivapuujahu (E 410) 5 000 mg.<br \/>&#13;<br \/>\n<br \/><b>Metaboliseeruv energia<\/b><br \/>&#13;<br \/>\n1015 kcal\/kg<br \/>&#13;<br \/>\n<br \/>&#13;<br \/>\n<b>S\u00f6\u00f6tmisjuhend<\/b><br \/>&#13;<br \/>\nKonsulteerige enne Brit VD toidu kasutamist oma veterinaararstiga. \u00c4gedate imendumish\u00e4irete korral andke koerale 1\u20133 n\u00e4dalat ainult koeratoitu Brit VD Gastrointestinal Dog ja vett. Soolehatude ja nende funktsiooni t\u00e4ielikuks taastumiseks kulub kuni 3 n\u00e4dalat. Maldigestiooni korral andke koerale koeratoitu Brit VD Gastrointestinal Dog 3\u201312 n\u00e4dalat. Krooniliste seedetrakti h\u00e4irete korral tuleb seda kasutada elu l\u00f5puni.<br \/>&#13;<br \/>\n<br \/><b>Soovituslik p\u00e4evane kogus<\/b>&#13;<\/p>\n<figure class=\"table\">\n<table>\n<tbody>\n<tr>\n<td><strong>Koera kaal (kg)<\/strong><\/td>\n<td>5-10<\/td>\n<td>10-30<\/td>\n<td>30-60<\/td>\n<\/tr>\n<tr>\n<td><strong>P\u00e4evane kogus (g\/p\u00e4evas)<\/strong><\/td>\n<td>200-400<\/td>\n<td>400-900<\/td>\n<td>900-1500<\/td>\n<\/tr>\n<\/tbody>\n<\/table>\n<\/figure>\n","protected":false},"excerpt":{"rendered":"<p>Brit Veterinary konserv seedetrakti h\u00e4iretega koertele.<\/p>\n","protected":false},"featured_media":10968,"template":"","meta":[],"product_cat":[688,106],"product_tag":[],"class_list":{"0":"post-14645","1":"product","2":"type-product","3":"status-publish","4":"has-post-thumbnail","6":"product_cat-koerad","7":"product_cat-konservid-koertele","8":"pa_brand-brit-gf-veterinary-diet","9":"pa_ean-2419","10":"pa_kaal-0-400","11":"pa_tootjariik-tsehhi","13":"first","14":"instock","15":"taxable","16":"shipping-taxable","17":"purchasable","18":"product-type-simple"},"_links":{"self":[{"href":"https:\/\/kasskoer.ee\/en\/wp-json\/wp\/v2\/product\/14645","targetHints":{"allow":["GET"]}}],"collection":[{"href":"https:\/\/kasskoer.ee\/en\/wp-json\/wp\/v2\/product"}],"about":[{"href":"https:\/\/kasskoer.ee\/en\/wp-json\/wp\/v2\/types\/product"}],"wp:featuredmedia":[{"embeddable":true,"href":"https:\/\/kasskoer.ee\/en\/wp-json\/wp\/v2\/media\/10968"}],"wp:attachment":[{"href":"https:\/\/kasskoer.ee\/en\/wp-json\/wp\/v2\/media?parent=14645"}],"wp:term":[{"taxonomy":"product_cat","embeddable":true,"href":"https:\/\/kasskoer.ee\/en\/wp-json\/wp\/v2\/product_cat?post=14645"},{"taxonomy":"product_tag","embeddable":true,"href":"https:\/\/kasskoer.ee\/en\/wp-json\/wp\/v2\/product_tag?post=14645"}],"curies":[{"name":"wp","href":"https:\/\/api.w.org\/{rel}","templated":true}]}}