{"id":14646,"date":"2026-04-20T03:05:51","date_gmt":"2026-04-20T00:05:51","guid":{"rendered":"https:\/\/kasskoer.ee\/product\/brit-veterinary-diet-diabetes-konserv-koertele-400g-2\/"},"modified":"2026-04-20T03:05:54","modified_gmt":"2026-04-20T00:05:54","slug":"brit-veterinary-diet-diabetes-konserv-koertele-400g","status":"publish","type":"product","link":"https:\/\/kasskoer.ee\/en\/toode\/brit-veterinary-diet-diabetes-konserv-koertele-400g\/","title":{"rendered":"Brit Veterinary Diet Diabetes konserv koertele 400g"},"content":{"rendered":"<p><b>Brit Diabetes t\u00e4isdieettoit melliitdiabeedi ravi toetuseks.<\/b><br \/>&#13;<br \/>\n<br \/>&#13;<br \/>\n<b>N\u00e4idustused<\/b>&#13;<\/p>\n<li>Melliitdiabeet.<\/li>\n<p>&#13;<\/p>\n<li>Krooniline koliit.<\/li>\n<p>&#13;<br \/>\n<br \/>&#13;<br \/>\n<b>Koostis<\/b><br \/>&#13;<br \/>\nLammas (55%), rohelised herned (4,5%), l\u00f5he\u00f5li (2,5%), hernejahu, lignotselluloos (1%), kaltsiumkarbonaat, ps\u00fclliumi kestad ja seemned (0,5%), kuivatatud vetikad (0,5%, Ascophyllum nodosum), gl\u00fckoosamiin (0,01%), kondroitiinsulfaat (0,006%), mannan-oligosahhariidid (0,005%), \u03b2-gl\u00fckaanid (0,005%), frukto-oligosahhariidid (0,0004%), Mojave yucca (0,004%), kuivatatud astelpaju (0,004%).&#13;<br \/>\n<br \/>&#13;<br \/>\n<br \/><b>Anal\u00fc\u00fctilised koostisosad<\/b><br \/>&#13;<br \/>\nToorvalk 7,5 %, toorrasv 7,0 %, toortuhk 2,0 %, niiskus 78,0 %, kogusuhkrud (NFE-na) 2,5 %, toorkiud 3,5 %, kaltsium 0,1 %, fosfor 0,2 %, naatrium 0,1 %, t\u00e4rklis 2,0 %, kogusuhkrud 1,0 %, magneesium 0,08 %, oomega-3 rasvhapped 0,1 %, oomega-6 rasvhapped 0,2 %.&#13;<br \/>\n<br \/>&#13;<br \/>\n<br \/><b>S\u00f6\u00f6dalisandid<\/b><br \/>&#13;<br \/>\nVitamiin A (3a672a) 5 000 R\u00dc, vitamiin D3 (3a671) 300 R\u00dc, vitamiin E (3a700) 300 mg, vitamiin C (3a312) 150 mg, biotiin (3a880) 0,6 mg, tsink (3b606) 40 mg, raud (3b106) 15 mg, mangaan (3b504) 15 mg, kaaliumjodiid (3b201) 1,0 mg, vask (3b406) 1,5 mg, seleen (3b8.10) 0,05 mg, tauriin (3a370) 600 mg, L-karnitiin (3a910) 150 mg. Tehnoloogilised lisaained 1 kg kohta: jaanileivapuujahu (E 410) 5 000 mg.<br \/>&#13;<br \/>\n<br \/><b>Metaboliseeruv energia<\/b><br \/>&#13;<br \/>\n1060 kcal\/kg<br \/>&#13;<br \/>\n<br \/>&#13;<br \/>\n<b>S\u00f6\u00f6tmisjuhend<\/b><br \/>&#13;<br \/>\nKonsulteerige enne Brit VD toidu kasutamist oma veterinaararstiga. Andke koeratoitu Brit VD Diabetes Dog esialgu kuni 6 kuud. Jagage p\u00e4evanorm 3 v\u00f5rdseks osaks ja andke neid korrap\u00e4raste ajavahemike j\u00e4rel, l\u00e4htudes koera haigusseisundist. Optimaalse insuliiniannuse valimiseks peate regulaarselt kontrollima veresuhkru taset. \u00c4rge andke oma koerale muid lemmiklooma- v\u00f5i inimeste toite ega suupisteid.<br \/>&#13;<br \/>\n<br \/><b>Soovituslik p\u00e4evane kogus<\/b>&#13;<\/p>\n<figure class=\"table\">\n<table>\n<tbody>\n<tr>\n<td><strong>Koera kaal (kg)<\/strong><\/td>\n<td>5-10<\/td>\n<td>10-30<\/td>\n<td>30-60<\/td>\n<\/tr>\n<tr>\n<td><strong>P\u00e4evane kogus (g\/p\u00e4evas)<\/strong><\/td>\n<td>300-500<\/td>\n<td>500-1200<\/td>\n<td>1200-2000<\/td>\n<\/tr>\n<\/tbody>\n<\/table>\n<\/figure>\n","protected":false},"excerpt":{"rendered":"<p>Brit Veterinary diabeedi ravi toetav konserv koertele.<\/p>\n","protected":false},"featured_media":10970,"template":"","meta":[],"product_cat":[688,106],"product_tag":[],"class_list":{"0":"post-14646","1":"product","2":"type-product","3":"status-publish","4":"has-post-thumbnail","6":"product_cat-koerad","7":"product_cat-konservid-koertele","8":"pa_brand-brit-gf-veterinary-diet","9":"pa_ean-2420","10":"pa_kaal-0-400","11":"pa_tootjariik-tsehhi","13":"first","14":"instock","15":"taxable","16":"shipping-taxable","17":"purchasable","18":"product-type-simple"},"_links":{"self":[{"href":"https:\/\/kasskoer.ee\/en\/wp-json\/wp\/v2\/product\/14646","targetHints":{"allow":["GET"]}}],"collection":[{"href":"https:\/\/kasskoer.ee\/en\/wp-json\/wp\/v2\/product"}],"about":[{"href":"https:\/\/kasskoer.ee\/en\/wp-json\/wp\/v2\/types\/product"}],"wp:featuredmedia":[{"embeddable":true,"href":"https:\/\/kasskoer.ee\/en\/wp-json\/wp\/v2\/media\/10970"}],"wp:attachment":[{"href":"https:\/\/kasskoer.ee\/en\/wp-json\/wp\/v2\/media?parent=14646"}],"wp:term":[{"taxonomy":"product_cat","embeddable":true,"href":"https:\/\/kasskoer.ee\/en\/wp-json\/wp\/v2\/product_cat?post=14646"},{"taxonomy":"product_tag","embeddable":true,"href":"https:\/\/kasskoer.ee\/en\/wp-json\/wp\/v2\/product_tag?post=14646"}],"curies":[{"name":"wp","href":"https:\/\/api.w.org\/{rel}","templated":true}]}}