{"id":14650,"date":"2026-04-20T03:05:51","date_gmt":"2026-04-20T00:05:51","guid":{"rendered":"https:\/\/kasskoer.ee\/product\/brit-veterinary-diet-struvite-erisoot-kassidele-5kg-2\/"},"modified":"2026-04-20T03:05:54","modified_gmt":"2026-04-20T00:05:54","slug":"brit-veterinary-diet-struvite-erisoot-kassidele-5kg","status":"publish","type":"product","link":"https:\/\/kasskoer.ee\/en\/toode\/brit-veterinary-diet-struvite-erisoot-kassidele-5kg\/","title":{"rendered":"Brit Veterinary Diet Struvite eris\u00f6\u00f6t kassidele 5kg"},"content":{"rendered":"<p><b>Brit Struvite t\u00e4isdieettoit struviitkivide lahustamiseks ja struviitkivide taastekke v\u00e4hendamiseks kassidele.<\/b><br \/>&#13;<br \/>\n<br \/>&#13;<br \/>\n<b>N\u00e4idustused<\/b>&#13;<\/p>\n<li>Struviidikristallide ja -kivide lahustamine ja ennetamine.<\/li>\n<p>&#13;<\/p>\n<li>Kuseteede bakteriaalsete infektsioonide ravi osa.<\/li>\n<p>&#13;<\/p>\n<li>Kristalluuria ennetamine.<\/li>\n<p>&#13;<\/p>\n<li>Kasside idiopaatilise kusep\u00f5iep\u00f5letiku ravi osa.<\/li>\n<p>&#13;<br \/>\n<br \/>&#13;<br \/>\n<b>Koostis<\/b><br \/>&#13;<br \/>\nDeh\u00fcdreeritud kana (20%), kollased herned (16%), kollase herne valk, kanarasv (10%), h\u00fcdrol\u00fc\u00fcsitud kanavalk (10%), tatar, rohelised herned (6%), naatriumkloriid (3%), \u00f5una viljaliha, kartulivalk, l\u00f5he\u00f5li (2%), h\u00fcdrol\u00fc\u00fcsitud kanamaks (2%), mineraalid, \u00f5llep\u00e4rm, kaltsiumsulfaat (0,7%, uriini hapestav aine), kuivatatud vetikad (0,5%, Ascophyllum nodosum), pohlad (0,3%, Vaccinium vitis-idaea), p\u00e4rmiekstrakt (mannaan-oligosahhariidide allikas, 0,022%), beeta-gl\u00fckaanid (0,02%), frukto-oligosahhariidid (0,02%), Mohaave t\u00e4\u00e4kliilia (0,02%), astelpaju (0,015%).&#13;<br \/>\n<br \/>&#13;<br \/>\n<br \/><b>Anal\u00fc\u00fctilised koostisosad<\/b><br \/>&#13;<br \/>\nToorvalk 34,0 %, toorrasv 16,0 %, toorkiud 2,2 %, toortuhk 8,7 %, niiskus 10 %, oomega-3 0,6 %, oomega-6 2,1 %, kaltsium 0,8 %, fosfor 0,7 %, naatrium 1,3 %, magneesium 0,06 %, kaalium 0,45 %, kloriid 1,8 %, v\u00e4\u00e4vel 0,6 %, tauriin 0,23 %, h\u00fcdroks\u00fcproliin 0,4 %, D-vitamiin 500 R\u00dc\/kg, metioniin 1,0 %.&#13;<br \/>\n<br \/>&#13;<br \/>\n<br \/><b>S\u00f6\u00f6dalisandid<\/b><br \/>&#13;<br \/>\nVitamiin A (3a672a) 25 000 R\u00dc, vitamiin D3 (E671) 500 R\u00dc, vitamiin E (3a700) 1 000 mg, koliinkloriid (3a890) 2 300 mg, biotiin (3a880) 3 mg, vitamiin B1 (3a821) 10 mg, vitamiin B2 30 mg, niatsiinamiid (3a315) 100 mg, kaltsium-D-pantotenaat (3a841) 60 mg, vitamiin B6 (3a831) 35 mg, foolhape (3a316) 15 mg, vitamiin B12 0,18 mg, tsinkkelaadi aminohapete h\u00fcdraat (3b606) 120 mg, rauakelaadi aminohapete h\u00fcdraat (E1) 60 mg, mangaankelaat aminohapete h\u00fcdraadist (E5) 60 mg, kaaliumjodiid (3b201) 4 mg, vaskkelaadi aminohapete h\u00fcdraat (E4) 3,5 mg, orgaaniline Seleen, mis on toodetud Saccaromyces cerevisiae CNCM I-3060 poolt (seleenitud p\u00e4rm, inaktiveeritud) (3b8.10) 0,2 mg, tauriin (3a370) 2 300 mg, L-karnitiin (3a910) 230 mg, L-metioniin (3c305) 7 000 mg, L-tr\u00fcptofaan (3.4.1.) 1 400 mg. Soolefloora stabilisaatorid 1 kg kohta: Enterococcus faecium DSM 10663\/NCIMB 10415 (4b1707) 1&#215;109 CFU.<br \/>&#13;<br \/>\n<br \/><b>Metaboliseeruv energia<\/b><br \/>&#13;<br \/>\n3800 kcal\/kg<br \/>&#13;<br \/>\n<br \/>&#13;<br \/>\n<b>S\u00f6\u00f6tmisjuhend<\/b><br \/>&#13;<br \/>\nKonsulteerige enne Brit VD toidu kasutamist oma veterinaararstiga. Struviidide lahustamiseks kasutage kassitoitu Brit VD Struvite Cat 5\u201312 n\u00e4dalat. Vanematel kassidel kontrollige regulaarselt uriini sihtm\u00e4rk pH-d (6,2\u20136,4) ja neerude talitlust. Struviidide kordumise ennetamiseks kasutage kassitoitu Brit VD Struvite Cat olenevalt uriinianal\u00fc\u00fcsist kuni 6 kuud.<br \/>&#13;<br \/>\n<br \/>&#13;<br \/>\n<b>Soovituslik p\u00e4evane kogus<\/b>&#13;<\/p>\n<figure class=\"table\">\n<table>\n<tbody>\n<tr>\n<td><strong>Kassi kaal (kg)<\/strong><\/td>\n<td>2<\/td>\n<td>3<\/td>\n<td>4<\/td>\n<td>5<\/td>\n<td>6<\/td>\n<td>8<\/td>\n<td>10<\/td>\n<td>12<\/td>\n<\/tr>\n<tr>\n<td><strong>P\u00e4evane kogus (g\/p\u00e4evas)<\/strong><\/td>\n<td>55<\/td>\n<td>65<\/td>\n<td>75<\/td>\n<td>80<\/td>\n<td>90<\/td>\n<td>100<\/td>\n<td>110<\/td>\n<td>130<\/td>\n<\/tr>\n<\/tbody>\n<\/table>\n<\/figure>\n","protected":false},"excerpt":{"rendered":"<p>Brit Veterinary struviitkivide ennetamist ja lahustamist toetav kassitoit.<\/p>\n","protected":false},"featured_media":10978,"template":"","meta":[],"product_cat":[689,75],"product_tag":[],"class_list":{"0":"post-14650","1":"product","2":"type-product","3":"status-publish","4":"has-post-thumbnail","6":"product_cat-kassid","7":"product_cat-kassitoit","8":"pa_brand-brit-gf-veterinary-diet","9":"pa_ean-2398","10":"pa_kaal-5-000","11":"pa_tootjariik-tsehhi","13":"first","14":"instock","15":"taxable","16":"shipping-taxable","17":"purchasable","18":"product-type-simple"},"_links":{"self":[{"href":"https:\/\/kasskoer.ee\/en\/wp-json\/wp\/v2\/product\/14650","targetHints":{"allow":["GET"]}}],"collection":[{"href":"https:\/\/kasskoer.ee\/en\/wp-json\/wp\/v2\/product"}],"about":[{"href":"https:\/\/kasskoer.ee\/en\/wp-json\/wp\/v2\/types\/product"}],"wp:featuredmedia":[{"embeddable":true,"href":"https:\/\/kasskoer.ee\/en\/wp-json\/wp\/v2\/media\/10978"}],"wp:attachment":[{"href":"https:\/\/kasskoer.ee\/en\/wp-json\/wp\/v2\/media?parent=14650"}],"wp:term":[{"taxonomy":"product_cat","embeddable":true,"href":"https:\/\/kasskoer.ee\/en\/wp-json\/wp\/v2\/product_cat?post=14650"},{"taxonomy":"product_tag","embeddable":true,"href":"https:\/\/kasskoer.ee\/en\/wp-json\/wp\/v2\/product_tag?post=14650"}],"curies":[{"name":"wp","href":"https:\/\/api.w.org\/{rel}","templated":true}]}}