{"id":14652,"date":"2026-04-20T03:05:51","date_gmt":"2026-04-20T00:05:51","guid":{"rendered":"https:\/\/kasskoer.ee\/product\/brit-veterinary-diet-hypoallergenic-erisoot-kassidele-5kg-2\/"},"modified":"2026-04-20T03:05:54","modified_gmt":"2026-04-20T00:05:54","slug":"brit-veterinary-diet-hypoallergenic-erisoot-kassidele-5kg","status":"publish","type":"product","link":"https:\/\/kasskoer.ee\/en\/toode\/brit-veterinary-diet-hypoallergenic-erisoot-kassidele-5kg\/","title":{"rendered":"Brit Veterinary Diet Hypoallergenic eris\u00f6\u00f6t kassidele 5kg"},"content":{"rendered":"<p><b>Brit Hypoallergenic t\u00e4isdieettoit kassidele, kes kannatavad dermatoloogiliste ja seedetrakti probleemide all, mida p\u00f5hjustavad toidust tulenevad soovimatud reaktsioonid (toiduallergia\/-talumatus).<\/b><br \/>&#13;<br \/>\n<br \/>&#13;<br \/>\n<b>N\u00e4idustused<\/b>&#13;<\/p>\n<li>Soovimatud reaktsioonid toidust koos dermatoloogiliste s\u00fcmptomitega.<\/li>\n<p>&#13;<\/p>\n<li>Dermatoloogiliste haiguste (allergia, atoopia ja k\u00f5rvap\u00f5letik) ravi osa.<\/li>\n<p>&#13;<\/p>\n<li>Soovimatud reaktsioonid toidust koos seedetrakti s\u00fcmptomitega.<\/li>\n<p>&#13;<\/p>\n<li>Seedetrakti haiguste (krooniline k\u00f5hulahtisus, p\u00f5letikuline soolehaigus) ravi osa.<\/li>\n<p>&#13;<br \/>\n<br \/>&#13;<br \/>\n<b>Koostis<\/b><br \/>&#13;<br \/>\nDeh\u00fcdreeritud l\u00f5he (30%), kollased herned (20%), h\u00fcdrol\u00fc\u00fcsitud l\u00f5hevalk (20%), kookos\u00f5li, tatar, kollase herne proteiin, \u00f5una viljaliha, h\u00fcdrol\u00fc\u00fcsitud l\u00f5hekaste (2%), l\u00f5he\u00f5li (2%), mineraalid, kuivatatud vetikad (0,5%, Ascophyllum nodosum), kuivatatud vetikad (0,4%, Schizochytrium limacinum), p\u00e4rmiekstrakt (mannaan-oligosahhariidide allikas, 0,02%), beeta-gl\u00fckaanid (0,02%), astelpaju (0,015%), frukto-oligosahhariidid (0,013%), Mohaave t\u00e4\u00e4kliilia (0,013%).&#13;<br \/>\n<br \/>&#13;<br \/>\n<br \/><b>Anal\u00fc\u00fctilised koostisosad<\/b><br \/>&#13;<br \/>\nToorvalk 29,0 %, toorrasv 17,0 %, toorkiud 1,5 %, toortuhk 7,2 %, niiskus 10 %, oomega-3 1,0 %, oomega-6 0,85 %, kaltsium 1,3 %, fosfor 0,9 %, EPA-d (20:5 n-3) 0,3 %, DHA-d (22:6 n-3) 0,55 %, naatrium 0,3 %, magneesium 0,09 %.&#13;<br \/>\n<br \/>&#13;<br \/>\n<br \/><b>S\u00f6\u00f6dalisandid<\/b><br \/>&#13;<br \/>\nVitamiin A (3a672a) 25 000 R\u00dc, vitamiin D3 (E671) 850 R\u00dc, vitamiin E (3a700) 700 mg, vitamiin C (3a312) 500 mg, koliinkloriid (3a890) 2 300 mg, biotiin (3a880) 4 mg, vitamiin B1 (3a821) 10 mg, vitamiin B2 30 mg, niatsiinamiid (3a315) 50 mg, kaltsium-D-pantotenaat (3a841) 50 mg, vitamiin B6 (3a831) 35 mg, foolhape (3a316) 15 mg, vitamiin B12 0,03 mg, tsinkkelaadi aminohapete h\u00fcdraat (3b606) 150 mg, rauakelaadi aminohapete h\u00fcdraat (E1) 110 mg, mangaankelaat aminohapete h\u00fcdraadist (E5) 65 mg, kaaliumjodiid (3b201) 4,2 mg, vaskkelaadi aminohapete h\u00fcdraat (E4) 12 mg, orgaaniline Seleen, mis on toodetud Saccaromyces cerevisiae CNCM I-3060 poolt (seleenitud p\u00e4rm, inaktiveeritud) (3b8.10) 0,2 mg, tauriin (3a370) 2 600 mg, L-karnitiin (3a910) 75 mg, L-metioniin (3c305) 4 000 mg. Soolefloora stabilisaatorid 1 kg kohta: Enterococcus faecium DSM 10663\/NCIMB 10415 (4b1707) 1&#215;109 CFU.<br \/>&#13;<br \/>\n<br \/><b>Metaboliseeruv energia<\/b><br \/>&#13;<br \/>\n3900 kcal\/kg<br \/>&#13;<br \/>\n<br \/>&#13;<br \/>\n<b>S\u00f6\u00f6tmisjuhend<\/b><br \/>&#13;<br \/>\nKonsulteerige enne Brit VD toidu kasutamist oma veterinaararstiga. Andke kassile 6\u20138 n\u00e4dalat ainult kassitoitu Brit VD Hypoallergenic Cat ja vett. \u00c4rge andke muid lemmiklooma- v\u00f5i inimeste toite ega suupisteid ja lisandeid. L\u00f5petage kasutamine toidutalumatuse ja\/v\u00f5i -allergia ilmnemise korral. Kassitoitu Brit VD Hypoallergenic Cat v\u00f5ib kasutada \u00fcksk\u00f5ik kui kaua v\u00f5i monoproteiinil p\u00f5hineva dieedi provokatsioonitesti tegemiseks.<br \/>&#13;<br \/>\n<br \/>&#13;<br \/>\n<b>Soovituslik p\u00e4evane kogus<\/b>&#13;<\/p>\n<figure class=\"table\">\n<table>\n<tbody>\n<tr>\n<td><strong>Kassi kaal (kg)<\/strong><\/td>\n<td>2<\/td>\n<td>3<\/td>\n<td>4<\/td>\n<td>5<\/td>\n<td>6<\/td>\n<td>8<\/td>\n<td>10<\/td>\n<td>12<\/td>\n<\/tr>\n<tr>\n<td><strong>P\u00e4evane kogus (g\/p\u00e4evas)<\/strong><\/td>\n<td>55<\/td>\n<td>65<\/td>\n<td>70<\/td>\n<td>80<\/td>\n<td>85<\/td>\n<td>95<\/td>\n<td>100<\/td>\n<td>120<\/td>\n<\/tr>\n<\/tbody>\n<\/table>\n<\/figure>\n","protected":false},"excerpt":{"rendered":"<p>Brit Veterinary h\u00fcpoallergeenne kassitoit.<\/p>\n","protected":false},"featured_media":10982,"template":"","meta":[],"product_cat":[689,75],"product_tag":[],"class_list":{"0":"post-14652","1":"product","2":"type-product","3":"status-publish","4":"has-post-thumbnail","6":"product_cat-kassid","7":"product_cat-kassitoit","8":"pa_brand-brit-gf-veterinary-diet","9":"pa_ean-2400","10":"pa_kaal-5-000","11":"pa_tootjariik-tsehhi","13":"first","14":"instock","15":"taxable","16":"shipping-taxable","17":"purchasable","18":"product-type-simple"},"_links":{"self":[{"href":"https:\/\/kasskoer.ee\/en\/wp-json\/wp\/v2\/product\/14652","targetHints":{"allow":["GET"]}}],"collection":[{"href":"https:\/\/kasskoer.ee\/en\/wp-json\/wp\/v2\/product"}],"about":[{"href":"https:\/\/kasskoer.ee\/en\/wp-json\/wp\/v2\/types\/product"}],"wp:featuredmedia":[{"embeddable":true,"href":"https:\/\/kasskoer.ee\/en\/wp-json\/wp\/v2\/media\/10982"}],"wp:attachment":[{"href":"https:\/\/kasskoer.ee\/en\/wp-json\/wp\/v2\/media?parent=14652"}],"wp:term":[{"taxonomy":"product_cat","embeddable":true,"href":"https:\/\/kasskoer.ee\/en\/wp-json\/wp\/v2\/product_cat?post=14652"},{"taxonomy":"product_tag","embeddable":true,"href":"https:\/\/kasskoer.ee\/en\/wp-json\/wp\/v2\/product_tag?post=14652"}],"curies":[{"name":"wp","href":"https:\/\/api.w.org\/{rel}","templated":true}]}}