{"id":14659,"date":"2026-04-20T03:05:51","date_gmt":"2026-04-20T00:05:51","guid":{"rendered":"https:\/\/kasskoer.ee\/product\/flamingo-karvaeemaldaja-rubbo-185x20x53cm-2\/"},"modified":"2026-04-20T03:05:54","modified_gmt":"2026-04-20T00:05:54","slug":"flamingo-karvaeemaldaja-rubbo-185x20x53cm","status":"publish","type":"product","link":"https:\/\/kasskoer.ee\/en\/toode\/flamingo-karvaeemaldaja-rubbo-185x20x53cm\/","title":{"rendered":"Flamingo karvaeemaldaja Rubbo 18,5x20x5,3cm"},"content":{"rendered":"<p>Parim lahendus lemmikloomade karvade eemaldamiseks riietelt, vaipadelt ja m\u00f6\u00f6blilt. Sobib suurep\u00e4raselt suurtele pindadele ja seda on lihtne t\u00fchjendada.<\/p>\n","protected":false},"excerpt":{"rendered":"<p>Flamingo Rubbo plastikust karvaeemaldaja suurtele pindadele.<\/p>\n","protected":false},"featured_media":10992,"template":"","meta":[],"product_cat":[688,365],"product_tag":[],"class_list":{"0":"post-14659","1":"product","2":"type-product","3":"status-publish","4":"has-post-thumbnail","6":"product_cat-koerad","7":"product_cat-koerte-tarvikud","8":"pa_brand-flamingo","9":"pa_ean-2459","10":"pa_kaal-0-180","11":"pa_tootjariik-hiina","13":"first","14":"instock","15":"taxable","16":"shipping-taxable","17":"purchasable","18":"product-type-simple"},"_links":{"self":[{"href":"https:\/\/kasskoer.ee\/en\/wp-json\/wp\/v2\/product\/14659","targetHints":{"allow":["GET"]}}],"collection":[{"href":"https:\/\/kasskoer.ee\/en\/wp-json\/wp\/v2\/product"}],"about":[{"href":"https:\/\/kasskoer.ee\/en\/wp-json\/wp\/v2\/types\/product"}],"wp:featuredmedia":[{"embeddable":true,"href":"https:\/\/kasskoer.ee\/en\/wp-json\/wp\/v2\/media\/10992"}],"wp:attachment":[{"href":"https:\/\/kasskoer.ee\/en\/wp-json\/wp\/v2\/media?parent=14659"}],"wp:term":[{"taxonomy":"product_cat","embeddable":true,"href":"https:\/\/kasskoer.ee\/en\/wp-json\/wp\/v2\/product_cat?post=14659"},{"taxonomy":"product_tag","embeddable":true,"href":"https:\/\/kasskoer.ee\/en\/wp-json\/wp\/v2\/product_tag?post=14659"}],"curies":[{"name":"wp","href":"https:\/\/api.w.org\/{rel}","templated":true}]}}