{"id":14676,"date":"2026-04-20T03:05:55","date_gmt":"2026-04-20T00:05:55","guid":{"rendered":"https:\/\/kasskoer.ee\/product\/flamingo-naistenogesega-pehme-mangukala-kassile-13cm-2\/"},"modified":"2026-04-20T03:05:56","modified_gmt":"2026-04-20T00:05:56","slug":"flamingo-naistenogesega-pehme-mangukala-kassile-13cm","status":"publish","type":"product","link":"https:\/\/kasskoer.ee\/en\/toode\/flamingo-naistenogesega-pehme-mangukala-kassile-13cm\/","title":{"rendered":"Flamingo naisten\u00f5gesega pehme m\u00e4ngukala kassile 13cm"},"content":{"rendered":"<p>V\u00e4rviline ja ergutav m\u00e4nguasi, mis on valmistatud vastupidavast materjalist.<br \/>&#13;<br \/>\n<br \/>&#13;<br \/>\n<b>M\u00f5\u00f5dud<\/b><br \/>&#13;<br \/>\n13 x 8cm<\/p>\n","protected":false},"excerpt":{"rendered":"<p>Flamingo vastupidavast materjalist ja pehme kunstkarusnahaga m\u00e4ngukala.<\/p>\n","protected":false},"featured_media":11008,"template":"","meta":[],"product_cat":[1321],"product_tag":[],"class_list":{"0":"post-14676","1":"product","2":"type-product","3":"status-publish","4":"has-post-thumbnail","6":"product_cat-kasside-manguasjad","7":"pa_brand-flamingo","8":"pa_ean-2457","9":"pa_kaal-0-030","10":"pa_tootjariik-hiina","12":"first","13":"instock","14":"taxable","15":"shipping-taxable","16":"purchasable","17":"product-type-simple"},"_links":{"self":[{"href":"https:\/\/kasskoer.ee\/en\/wp-json\/wp\/v2\/product\/14676","targetHints":{"allow":["GET"]}}],"collection":[{"href":"https:\/\/kasskoer.ee\/en\/wp-json\/wp\/v2\/product"}],"about":[{"href":"https:\/\/kasskoer.ee\/en\/wp-json\/wp\/v2\/types\/product"}],"wp:featuredmedia":[{"embeddable":true,"href":"https:\/\/kasskoer.ee\/en\/wp-json\/wp\/v2\/media\/11008"}],"wp:attachment":[{"href":"https:\/\/kasskoer.ee\/en\/wp-json\/wp\/v2\/media?parent=14676"}],"wp:term":[{"taxonomy":"product_cat","embeddable":true,"href":"https:\/\/kasskoer.ee\/en\/wp-json\/wp\/v2\/product_cat?post=14676"},{"taxonomy":"product_tag","embeddable":true,"href":"https:\/\/kasskoer.ee\/en\/wp-json\/wp\/v2\/product_tag?post=14676"}],"curies":[{"name":"wp","href":"https:\/\/api.w.org\/{rel}","templated":true}]}}