{"id":14683,"date":"2026-04-20T03:05:55","date_gmt":"2026-04-20T00:05:55","guid":{"rendered":"https:\/\/kasskoer.ee\/product\/flamingo-naistenogest-sisaldav-sulgedega-pall-kassile-2\/"},"modified":"2026-04-20T03:05:56","modified_gmt":"2026-04-20T00:05:56","slug":"flamingo-naistenogest-sisaldav-sulgedega-pall-kassile","status":"publish","type":"product","link":"https:\/\/kasskoer.ee\/en\/toode\/flamingo-naistenogest-sisaldav-sulgedega-pall-kassile\/","title":{"rendered":"Flamingo naisten\u00f5gest sisaldav sulgedega pall kassile"},"content":{"rendered":"<p>Pehme naisten\u00f5gest sisaldav sulgedega pall l\u00e4bim\u00f5\u00f5duga 5cm.<\/p>\n","protected":false},"excerpt":{"rendered":"<p>Flamingo pruunides toonides sulgedega pall kassile.<\/p>\n","protected":false},"featured_media":11014,"template":"","meta":[],"product_cat":[1321],"product_tag":[],"class_list":{"0":"post-14683","1":"product","2":"type-product","3":"status-publish","4":"has-post-thumbnail","6":"product_cat-kasside-manguasjad","7":"pa_brand-flamingo","8":"pa_ean-2342","9":"pa_kaal-0-020","10":"pa_tootjariik-hiina","12":"first","13":"outofstock","14":"taxable","15":"shipping-taxable","16":"purchasable","17":"product-type-simple"},"_links":{"self":[{"href":"https:\/\/kasskoer.ee\/en\/wp-json\/wp\/v2\/product\/14683","targetHints":{"allow":["GET"]}}],"collection":[{"href":"https:\/\/kasskoer.ee\/en\/wp-json\/wp\/v2\/product"}],"about":[{"href":"https:\/\/kasskoer.ee\/en\/wp-json\/wp\/v2\/types\/product"}],"wp:featuredmedia":[{"embeddable":true,"href":"https:\/\/kasskoer.ee\/en\/wp-json\/wp\/v2\/media\/11014"}],"wp:attachment":[{"href":"https:\/\/kasskoer.ee\/en\/wp-json\/wp\/v2\/media?parent=14683"}],"wp:term":[{"taxonomy":"product_cat","embeddable":true,"href":"https:\/\/kasskoer.ee\/en\/wp-json\/wp\/v2\/product_cat?post=14683"},{"taxonomy":"product_tag","embeddable":true,"href":"https:\/\/kasskoer.ee\/en\/wp-json\/wp\/v2\/product_tag?post=14683"}],"curies":[{"name":"wp","href":"https:\/\/api.w.org\/{rel}","templated":true}]}}