{"id":14685,"date":"2026-04-21T03:10:01","date_gmt":"2026-04-21T00:10:01","guid":{"rendered":"https:\/\/kasskoer.ee\/product\/flamingo-kummist-kondiga-mangunoor-koertele-25cm-2\/"},"modified":"2026-04-21T03:10:03","modified_gmt":"2026-04-21T00:10:03","slug":"flamingo-kummist-kondiga-mangunoor-koertele-25cm","status":"publish","type":"product","link":"https:\/\/kasskoer.ee\/en\/toode\/flamingo-kummist-kondiga-mangunoor-koertele-25cm\/","title":{"rendered":"Flamingo kummist kondiga m\u00e4ngun\u00f6\u00f6r koertele 25cm"},"content":{"rendered":"<p>Tugevast puuvillast ja l\u00f5busates v\u00e4rvides kummist kondiga m\u00e4ngun\u00f6\u00f6r sobib suurep\u00e4raselt t\u00f5mbamism\u00e4ngudeks.<\/p>\n","protected":false},"excerpt":{"rendered":"<p>Flamingo tugevast materjalist kondiga m\u00e4ngun\u00f6\u00f6r koertele.<\/p>\n","protected":false},"featured_media":11016,"template":"","meta":[],"product_cat":[1326,688],"product_tag":[],"class_list":{"0":"post-14685","1":"product","2":"type-product","3":"status-publish","4":"has-post-thumbnail","6":"product_cat-koerte-manguasjad","7":"product_cat-koerad","8":"pa_brand-flamingo","9":"pa_ean-2349","10":"pa_kaal-0-100","11":"pa_tootjariik-hiina","13":"first","14":"instock","15":"taxable","16":"shipping-taxable","17":"purchasable","18":"product-type-simple"},"_links":{"self":[{"href":"https:\/\/kasskoer.ee\/en\/wp-json\/wp\/v2\/product\/14685","targetHints":{"allow":["GET"]}}],"collection":[{"href":"https:\/\/kasskoer.ee\/en\/wp-json\/wp\/v2\/product"}],"about":[{"href":"https:\/\/kasskoer.ee\/en\/wp-json\/wp\/v2\/types\/product"}],"wp:featuredmedia":[{"embeddable":true,"href":"https:\/\/kasskoer.ee\/en\/wp-json\/wp\/v2\/media\/11016"}],"wp:attachment":[{"href":"https:\/\/kasskoer.ee\/en\/wp-json\/wp\/v2\/media?parent=14685"}],"wp:term":[{"taxonomy":"product_cat","embeddable":true,"href":"https:\/\/kasskoer.ee\/en\/wp-json\/wp\/v2\/product_cat?post=14685"},{"taxonomy":"product_tag","embeddable":true,"href":"https:\/\/kasskoer.ee\/en\/wp-json\/wp\/v2\/product_tag?post=14685"}],"curies":[{"name":"wp","href":"https:\/\/api.w.org\/{rel}","templated":true}]}}