{"id":14691,"date":"2026-04-20T03:05:55","date_gmt":"2026-04-20T00:05:55","guid":{"rendered":"https:\/\/kasskoer.ee\/product\/flamingo-roosa-koera-mantel-coco-20cm-2\/"},"modified":"2026-04-20T03:05:56","modified_gmt":"2026-04-20T00:05:56","slug":"flamingo-roosa-koera-mantel-coco-20cm","status":"publish","type":"product","link":"https:\/\/kasskoer.ee\/en\/toode\/flamingo-roosa-koera-mantel-coco-20cm\/","title":{"rendered":"Flamingo roosa koera mantel Coco 20cm"},"content":{"rendered":"<p><b>Ilus ja stiilne Coco mantel, mis t\u00e4nu pehmele fliisile hoiab Teie karvase s\u00f5bra m\u00f5nusalt soojas.<\/b>&#13;<\/p>\n<li>Takjaribaga kinnitus k\u00f5hu- ja kaelapiirkonnas.<\/li>\n<p>&#13;<\/p>\n<li>Mantel on pritsmekindel.<\/li>\n<p>&#13;<\/p>\n<li>Pestav 30\u00b0C juures.<\/li>\n<p>&#13;<\/p>\n<li>Mantel on valmistatud pol\u00fcestrist.<\/li>\n<p>&#13;<br \/>\n<br \/><b>M\u00f5\u00f5dud<\/b><br \/>&#13;<br \/>\nA:20cm B:26-28cm C:34-38cm<\/p>\n","protected":false},"excerpt":{"rendered":"<p>Flamingo Coco s\u00e4ravate kivikestega roosa mantel koerale.<\/p>\n","protected":false},"featured_media":11022,"template":"","meta":[],"product_cat":[2240],"product_tag":[],"class_list":{"0":"post-14691","1":"product","2":"type-product","3":"status-publish","4":"has-post-thumbnail","6":"product_cat-koerte-riided","7":"pa_brand-flamingo","8":"pa_ean-2350","9":"pa_kaal-0-070","10":"pa_tootjariik-hiina","12":"first","13":"instock","14":"taxable","15":"shipping-taxable","16":"purchasable","17":"product-type-simple"},"_links":{"self":[{"href":"https:\/\/kasskoer.ee\/en\/wp-json\/wp\/v2\/product\/14691","targetHints":{"allow":["GET"]}}],"collection":[{"href":"https:\/\/kasskoer.ee\/en\/wp-json\/wp\/v2\/product"}],"about":[{"href":"https:\/\/kasskoer.ee\/en\/wp-json\/wp\/v2\/types\/product"}],"wp:featuredmedia":[{"embeddable":true,"href":"https:\/\/kasskoer.ee\/en\/wp-json\/wp\/v2\/media\/11022"}],"wp:attachment":[{"href":"https:\/\/kasskoer.ee\/en\/wp-json\/wp\/v2\/media?parent=14691"}],"wp:term":[{"taxonomy":"product_cat","embeddable":true,"href":"https:\/\/kasskoer.ee\/en\/wp-json\/wp\/v2\/product_cat?post=14691"},{"taxonomy":"product_tag","embeddable":true,"href":"https:\/\/kasskoer.ee\/en\/wp-json\/wp\/v2\/product_tag?post=14691"}],"curies":[{"name":"wp","href":"https:\/\/api.w.org\/{rel}","templated":true}]}}