{"id":14726,"date":"2026-04-20T03:05:55","date_gmt":"2026-04-20T00:05:55","guid":{"rendered":"https:\/\/kasskoer.ee\/product\/kimo-chicken-tuna-konserv-kassidele-70g-2\/"},"modified":"2026-04-20T03:05:57","modified_gmt":"2026-04-20T00:05:57","slug":"kimo-chicken-tuna-konserv-kassidele-70g","status":"publish","type":"product","link":"https:\/\/kasskoer.ee\/en\/toode\/kimo-chicken-tuna-konserv-kassidele-70g\/","title":{"rendered":"Kimo Chicken &#038; Tuna konserv kassidele 70g"},"content":{"rendered":"<p><b>Kimo konserv kana, tuunikala ja riisiga. T\u00e4iends\u00f6\u00f6t t\u00e4iskasvanud kassidele.<\/b><br \/>&#13;<\/p>\n<li>Ei sisalda s\u00e4ilitusaineid, kunstlikke v\u00e4rvaineid ega maitsetugevdajaid.<\/li>\n<p>&#13;<\/p>\n<li>Valmistatud ainult looduslikest koostisosadest.<\/li>\n<p>&#13;<\/p>\n<li>Sobib ka k\u00f5ige valivamatele kassidele.<\/li>\n<p>&#13;<\/p>\n<li>Aitab tagada kassidele vajaliku vedeliku tarbimist.<\/li>\n<p>&#13;<br \/>\n<br \/>&#13;<br \/>\n<b>Koostis<\/b><br \/>&#13;<br \/>\nKana (65%), tuunikala (5%), riis (2%), puljong.<br \/>&#13;<br \/>\n<br \/>&#13;<br \/>\n<b>Anal\u00fc\u00fctilised koostisosad<\/b><br \/>&#13;<br \/>\nToorvalk 16%, toortuhk 1%, toorrasv 0,5%, toorkiud 0,1%, niiskus 82%.<br \/>&#13;<br \/>\n<br \/>&#13;<br \/>\n<b>Metaboliseeruv energia<\/b><br \/>&#13;<br \/>\n620 kcal\/kg<br \/>&#13;<br \/>\n<br \/>&#13;<br \/>\n<b>S\u00f6\u00f6tmisjuhend<\/b><br \/>&#13;<br \/>\nSoovituslik p\u00e4evane tarbimine on m\u00e4rgitud tabelis. Veenduge, et v\u00e4rske joogivesi oleks alati k\u00e4ttesaadav. Serveerida toatemperatuuril. Avatuna hoida k\u00fclmkapis, tarbida 3 p\u00e4eva jooksul. S\u00e4ilitada jahedas, kuivas kohas, eemal otsesest p\u00e4ikesevalgusest. Parim enne: vaata etiketilt.&#13;<br \/>\n<br \/>&#13;<\/p>\n<table>&#13;<\/p>\n<tr>&#13;<\/p>\n<th align=\"center\">Kassi kaal (kg)<\/th>\n<p>&#13;<\/p>\n<th align=\"center\">P\u00e4evane soovituslik kogus (g\/p\u00e4evas)<\/th>\n<p>&#13;<br \/>\n<\/tr>\n<p>&#13;<\/p>\n<tr>&#13;<\/p>\n<td align=\"center\">0.5-1.0<\/td>\n<p>&#13;<\/p>\n<td align=\"center\">10.0-20.0<\/td>\n<p>&#13;<br \/>\n<\/tr>\n<p>&#13;<\/p>\n<tr>&#13;<\/p>\n<td align=\"center\">1.0-3.0<\/td>\n<p>&#13;<\/p>\n<td align=\"center\">20.0-50.0<\/td>\n<p>&#13;<br \/>\n<\/tr>\n<p>&#13;<\/p>\n<tr>&#13;<\/p>\n<td align=\"center\">3.0-4.0<\/td>\n<p>&#13;<\/p>\n<td align=\"center\">50.0-70.0<\/td>\n<p>&#13;<br \/>\n<\/tr>\n<p>&#13;<\/p>\n<tr>&#13;<\/p>\n<td align=\"center\">>4.0<\/td>\n<p>&#13;<\/p>\n<td align=\"center\">>70.0<\/td>\n<p>&#13;<br \/>\n<\/tr>\n<p>&#13;<br \/>\n<\/table>\n","protected":false},"excerpt":{"rendered":"<p>Konserv kassidele kana, tuunikala ja riisiga.<\/p>\n","protected":false},"featured_media":11048,"template":"","meta":[],"product_cat":[689,33],"product_tag":[],"class_list":{"0":"post-14726","1":"product","2":"type-product","3":"status-publish","4":"has-post-thumbnail","6":"product_cat-kassid","7":"product_cat-konservid-kassidele","8":"pa_brand-kimo","9":"pa_ean-2295","10":"pa_kaal-0-070","11":"pa_tootjariik-tai","13":"first","14":"instock","15":"taxable","16":"shipping-taxable","17":"purchasable","18":"product-type-simple"},"_links":{"self":[{"href":"https:\/\/kasskoer.ee\/en\/wp-json\/wp\/v2\/product\/14726","targetHints":{"allow":["GET"]}}],"collection":[{"href":"https:\/\/kasskoer.ee\/en\/wp-json\/wp\/v2\/product"}],"about":[{"href":"https:\/\/kasskoer.ee\/en\/wp-json\/wp\/v2\/types\/product"}],"wp:featuredmedia":[{"embeddable":true,"href":"https:\/\/kasskoer.ee\/en\/wp-json\/wp\/v2\/media\/11048"}],"wp:attachment":[{"href":"https:\/\/kasskoer.ee\/en\/wp-json\/wp\/v2\/media?parent=14726"}],"wp:term":[{"taxonomy":"product_cat","embeddable":true,"href":"https:\/\/kasskoer.ee\/en\/wp-json\/wp\/v2\/product_cat?post=14726"},{"taxonomy":"product_tag","embeddable":true,"href":"https:\/\/kasskoer.ee\/en\/wp-json\/wp\/v2\/product_tag?post=14726"}],"curies":[{"name":"wp","href":"https:\/\/api.w.org\/{rel}","templated":true}]}}