{"id":14737,"date":"2026-04-20T03:05:55","date_gmt":"2026-04-20T00:05:55","guid":{"rendered":"https:\/\/kasskoer.ee\/product\/kimo-naturaalne-narimiskont-tursaga-12cm-2tk-110g-2\/"},"modified":"2026-04-20T03:05:58","modified_gmt":"2026-04-20T00:05:58","slug":"kimo-naturaalne-narimiskont-tursaga-12cm-2tk-110g","status":"publish","type":"product","link":"https:\/\/kasskoer.ee\/en\/toode\/kimo-naturaalne-narimiskont-tursaga-12cm-2tk-110g\/","title":{"rendered":"Kimo naturaalne n\u00e4rimiskont tursaga 12cm 2tk 110g"},"content":{"rendered":"<p><b>Kimo naturaalne koeramaius tursaga. S\u00f6\u00f6dalisand t\u00e4iskasvanud koertele.<\/b><br \/>&#13;<br \/>\nMaitsev ja looduslik maius v\u00f5imaldab teil oma lemmikut premeerida pakkudes talle samal ajal tegevust. Lisaks on n\u00e4rimine enamus koerte lemmiktegevus ja aitab s\u00e4ilitada head suuh\u00fcgieeni, v\u00e4hendades hambakatu teket. Samuti on see suurep\u00e4rane valik lemmiklooma rahustamiseks.<br \/>&#13;<\/p>\n<li>Erakordselt maitsev.<\/li>\n<p>&#13;<\/p>\n<li>Aitab s\u00e4ilitada head suuh\u00fcgieeni.<\/li>\n<p>&#13;<\/p>\n<li>Sobib alates 12 kuu vanustele koertele.<\/li>\n<p>&#13;<\/p>\n<li>100% looduslik \u2013 ei sisalda teravilja, gluteeni, kunstlikke v\u00e4rvaineid, s\u00e4ilitusaineid ega suhkrut.<\/li>\n<p>&#13;<\/p>\n<li>Valmistatud Poolas.<\/li>\n<p>&#13;<\/p>\n<li>Pakend sisaldab 2 maiust, iga\u00fcks 55g.<\/li>\n<p>&#13;<br \/>\n<br \/>&#13;<br \/>\n<b>Koostis<\/b><br \/>&#13;<br \/>\nToornahk 94%, tursanahk 5%, pulli peenis 1%.<br \/>&#13;<br \/>\n<br \/>&#13;<br \/>\n<b>Anal\u00fc\u00fctilised koostisosad<\/b><br \/>&#13;<br \/>\nToorvalk 89,6%, toorrasv 1,9%, toortuhk 0,9%, toorkiud 0,2%, oomega-3 rasvhapped 1,2%, oomega-6 rasvhapped 0,3%.<br \/>&#13;<br \/>\n<br \/>&#13;<br \/>\n<b>Metaboliseeruv energia<\/b><br \/>&#13;<br \/>\n355 kcal\/100g<br \/>&#13;<br \/>\n<br \/>&#13;<br \/>\n<b>S\u00f6\u00f6tmisjuhend<\/b><br \/>&#13;<br \/>\nMaius on m\u00f5eldud t\u00e4iskasvanud koertele. Andke maiust vastavalt koera suurusele, 1-2 t\u00fckki p\u00e4evas. Maiust anda s\u00f6\u00f6gikordade vahel. Pakkuge koerale alati v\u00e4rsket vett. J\u00e4lgige oma koera s\u00f6\u00f6mise ajal. See ei ole t\u00e4isv\u00e4\u00e4rtuslik ja tasakaalustatud toit. Hoidke jahedas kuivas kohas, eemal otsesest p\u00e4ikesevalgusest.<\/p>\n","protected":false},"excerpt":{"rendered":"<p>Naturaalne koeramaius tursaga.<\/p>\n","protected":false},"featured_media":11068,"template":"","meta":[],"product_cat":[1332,688],"product_tag":[],"class_list":{"0":"post-14737","1":"product","2":"type-product","3":"status-publish","4":"has-post-thumbnail","6":"product_cat-koerte-narimiskondid","7":"product_cat-koerad","8":"pa_brand-kimo","9":"pa_ean-2309","10":"pa_kaal-0-110","11":"pa_tootjariik-poola","13":"first","14":"instock","15":"taxable","16":"shipping-taxable","17":"purchasable","18":"product-type-simple"},"_links":{"self":[{"href":"https:\/\/kasskoer.ee\/en\/wp-json\/wp\/v2\/product\/14737","targetHints":{"allow":["GET"]}}],"collection":[{"href":"https:\/\/kasskoer.ee\/en\/wp-json\/wp\/v2\/product"}],"about":[{"href":"https:\/\/kasskoer.ee\/en\/wp-json\/wp\/v2\/types\/product"}],"wp:featuredmedia":[{"embeddable":true,"href":"https:\/\/kasskoer.ee\/en\/wp-json\/wp\/v2\/media\/11068"}],"wp:attachment":[{"href":"https:\/\/kasskoer.ee\/en\/wp-json\/wp\/v2\/media?parent=14737"}],"wp:term":[{"taxonomy":"product_cat","embeddable":true,"href":"https:\/\/kasskoer.ee\/en\/wp-json\/wp\/v2\/product_cat?post=14737"},{"taxonomy":"product_tag","embeddable":true,"href":"https:\/\/kasskoer.ee\/en\/wp-json\/wp\/v2\/product_tag?post=14737"}],"curies":[{"name":"wp","href":"https:\/\/api.w.org\/{rel}","templated":true}]}}