{"id":14750,"date":"2026-04-20T03:05:58","date_gmt":"2026-04-20T00:05:58","guid":{"rendered":"https:\/\/kasskoer.ee\/product\/country-dog-high-energy-koeratoit-15kg-2\/"},"modified":"2026-04-20T03:05:58","modified_gmt":"2026-04-20T00:05:58","slug":"country-dog-high-energy-koeratoit-15kg","status":"publish","type":"product","link":"https:\/\/kasskoer.ee\/en\/toode\/country-dog-high-energy-koeratoit-15kg\/","title":{"rendered":"Country Dog High Energy koeratoit 15kg"},"content":{"rendered":"<p><b>Country Dog Premium High Energy on 100% tasakaalustatud t\u00e4istoit, mis sobib suurema aktiivsusega t\u00e4iskasvanud koertele.<\/b><br \/>&#13;<\/p>\n<li>Toitev kvaliteetne liha esimese koostisosana garanteerib toidu suurep\u00e4rase seeduvuse ja annab j\u00f5udu lemmiku igap\u00e4evastele tegemistele.<\/li>\n<p>&#13;<\/p>\n<li>T\u00e4istoidus sisalduvad E-vitamiin, seleen ja teised vitamiinid s\u00e4ilitavad organismi loomuliku vastupanuv\u00f5ime.<\/li>\n<p>&#13;<\/p>\n<li>Lisatud l\u00f5he\u00f5li, mis sisaldab asendamatuid oomega-3 ja oomega-6 rasvhappeid, et s\u00e4ilitada naha tervis ning ilus ja l\u00e4ikiv karv.<\/li>\n<p>&#13;<\/p>\n<li>Country Dog Premium High Energy on loomulikult maitsev ja ei sisalda kunstlikke maitseaineid.<\/li>\n<p>&#13;<br \/>\n<br \/>&#13;<br \/>\n<b>Koostis<\/b><br \/>&#13;<br \/>\nLiha ja loomset p\u00e4ritolu saadused, teravili, kanarasv, looduslikud maitseained, l\u00f5he\u00f5li, kuivatatud \u00f5un, p\u00e4rm, DL-metioniin, L-l\u00fcsiin, mineraalid, vasksulfaat, A-vitamiin, D3-vitamiin, E-vitamiin.<br \/>&#13;<br \/>\n<br \/>&#13;<br \/>\n<b>Anal\u00fc\u00fctilised koostisosad<\/b><br \/>&#13;<br \/>\nToorvalk 28,0%, toorrasv 18,0%, niiskus 10,0%, toortuhk 9,0%, toorkiud 3,0%, kaltsium 1,8%, fosfor 1,3%.<br \/>&#13;<br \/>\n<br \/>&#13;<br \/>\n<b>S\u00f6\u00f6dalisandid<\/b><br \/>&#13;<br \/>\nA-vitamiin (3a672a) 15000 R\u00dc, D3-vitamiin (3a671) 1500 R\u00dc, E-vitamiin (alfa-tokoferool) (3a700) 130 mg, vask (3b406) 15 mg. Sisaldab EL poolt heakskiidetud antioks\u00fcdante.<br \/>&#13;<br \/>\n<br \/>&#13;<br \/>\n<b>S\u00f6\u00f6tmisjuhend<\/b><br \/>&#13;<br \/>\nS\u00f6\u00f6da kuivalt v\u00f5i kergelt niisutatult. Veenduge, et koeral oleks alati l\u00e4heduses v\u00e4rske joogivesi. Koera p\u00e4evane toitumisvajadus v\u00f5ib v\u00e4liskeskkonnast, koera suurusest, vanusest ja aktiivsustasemest olenevalt erineda. Soovitatavad kogused p\u00e4evas on m\u00e4rgitud s\u00f6\u00f6tmisnormides. Selleks, et teie koer oleks optimaalses konditsioonis, treenige teda piisavalt ja \u00e4rge toitke teda \u00fcle. Hoida kuivas ja jahedas kohas.<br \/>&#13;<br \/>\n<br \/>&#13;<br \/>\n<b>P\u00e4evane soovituslik kogus<\/b><br \/>&#13;\n<\/p>\n<figure class=\"table\">\n<table>\n<tbody>\n<tr>\n<td><strong>Koera kaal (kg)<\/strong><\/td>\n<td>5<\/td>\n<td>10<\/td>\n<td>20<\/td>\n<td>30<\/td>\n<td>40<\/td>\n<td>50<\/td>\n<td>60<\/td>\n<\/tr>\n<tr>\n<td><strong>P\u00e4evane kogus (g\/p\u00e4evas)<\/strong><\/td>\n<td>85<\/td>\n<td>140<\/td>\n<td>240<\/td>\n<td>320<\/td>\n<td>400<\/td>\n<td>470<\/td>\n<td>540<\/td>\n<\/tr>\n<\/tbody>\n<\/table>\n<\/figure>\n","protected":false},"excerpt":{"rendered":"<p>Country Dog preemium t\u00e4istoit aktiivse koera tervise ja vitaalsuse heaks.<\/p>\n","protected":false},"featured_media":11088,"template":"","meta":[],"product_cat":[688,64],"product_tag":[],"class_list":{"0":"post-14750","1":"product","2":"type-product","3":"status-publish","4":"has-post-thumbnail","6":"product_cat-koerad","7":"product_cat-koeratoit","8":"pa_brand-country-dog","9":"pa_ean-2233","10":"pa_kaal-15-000","11":"pa_tootjariik-euroopa-liit","13":"first","14":"instock","15":"taxable","16":"shipping-taxable","17":"purchasable","18":"product-type-simple"},"_links":{"self":[{"href":"https:\/\/kasskoer.ee\/en\/wp-json\/wp\/v2\/product\/14750","targetHints":{"allow":["GET"]}}],"collection":[{"href":"https:\/\/kasskoer.ee\/en\/wp-json\/wp\/v2\/product"}],"about":[{"href":"https:\/\/kasskoer.ee\/en\/wp-json\/wp\/v2\/types\/product"}],"wp:featuredmedia":[{"embeddable":true,"href":"https:\/\/kasskoer.ee\/en\/wp-json\/wp\/v2\/media\/11088"}],"wp:attachment":[{"href":"https:\/\/kasskoer.ee\/en\/wp-json\/wp\/v2\/media?parent=14750"}],"wp:term":[{"taxonomy":"product_cat","embeddable":true,"href":"https:\/\/kasskoer.ee\/en\/wp-json\/wp\/v2\/product_cat?post=14750"},{"taxonomy":"product_tag","embeddable":true,"href":"https:\/\/kasskoer.ee\/en\/wp-json\/wp\/v2\/product_tag?post=14750"}],"curies":[{"name":"wp","href":"https:\/\/api.w.org\/{rel}","templated":true}]}}