{"id":14751,"date":"2026-04-20T03:05:58","date_gmt":"2026-04-20T00:05:58","guid":{"rendered":"https:\/\/kasskoer.ee\/product\/nordicpet-taimsest-kiust-granuleeritud-allapanu-lemmikloomale-5l-2\/"},"modified":"2026-04-20T03:05:59","modified_gmt":"2026-04-20T00:05:59","slug":"nordicpet-taimsest-kiust-granuleeritud-allapanu-lemmikloomale-5l","status":"publish","type":"product","link":"https:\/\/kasskoer.ee\/en\/toode\/nordicpet-taimsest-kiust-granuleeritud-allapanu-lemmikloomale-5l\/","title":{"rendered":"NordicPet taimsest kiust granuleeritud allapanu lemmikloomale 5L"},"content":{"rendered":"<p><b>NordicPet naturaalne taimsest kiust allapanu graanul.<\/b>&#13;<\/p>\n<li>Tehnoloogiliselt t\u00e4iustatud taimne kiud pakub meeldivat ja l\u00f5hnatut keskkonda.<\/li>\n<p>&#13;<\/p>\n<li>Erakordselt k\u00f5rge imamisv\u00f5ime &#8211; imab kuni 7 korda oma mahust.<\/li>\n<p>&#13;<\/p>\n<li>Sobib igat liiki lemmikutele &#8211; kassidele, j\u00e4nestele, lindudele ning n\u00e4rilistele.<\/li>\n<p>&#13;<\/p>\n<li>Tolmuvaba ja ei sisalda kemikaale &#8211; seega v\u00e4ga tervislik valik sinu lemmikule.<\/li>\n<p>&#13;<br \/>\n<br \/>&#13;<br \/>\nNordicPet allapanu on valmistatud taimsetest kiududest, mis aastaga uuesti kasvavad. See muudab selle v\u00e4ga keskkonnas\u00f5bralikuks. Tootmisel on kasutatud ainult keskkonnas\u00f5bralikke tehnoloogiaid. Lisaks on see kompostitav ja biolagunev, nii et selle \u00f6koloogilise allapanu kasutamisega hoolite nii oma lemmikust kui ka meie planeedi tulevikust.<br \/>&#13;<br \/>\n<br \/>&#13;<br \/>\n<b>Kasutamine<\/b><br \/>&#13;<br \/>\nS\u00f5ltuvalt looma t\u00fc\u00fcbist ja suurusest puistage liivakasti 2-6cm paksune kiht allapanu. Kasutatud allapanu lisa bioj\u00e4\u00e4tmetesse v\u00f5i komposteeri. V\u00e4ikese koguse v\u00f5ib visata WC-sse. M\u00e4\u00e4rdunud liivakast t\u00fchjenda ning t\u00e4ida uue allapanuga.<\/p>\n","protected":false},"excerpt":{"rendered":"<p>NordicPet looduslik ja keskkonnas\u00f5bralik aastasest taimsest kiust valmistatud pelletid lemmikule.<\/p>\n","protected":false},"featured_media":11090,"template":"","meta":[],"product_cat":[1316,693,3078],"product_tag":[],"class_list":{"0":"post-14751","1":"product","2":"type-product","3":"status-publish","4":"has-post-thumbnail","6":"product_cat-nariliste-allapanu","7":"product_cat-muud-loomad","8":"product_cat-narilised","9":"pa_brand-nordicpet","10":"pa_ean-2213","11":"pa_kaal-1-800","12":"pa_tootjariik-euroopa-liit","14":"first","15":"instock","16":"taxable","17":"shipping-taxable","18":"purchasable","19":"product-type-simple"},"_links":{"self":[{"href":"https:\/\/kasskoer.ee\/en\/wp-json\/wp\/v2\/product\/14751","targetHints":{"allow":["GET"]}}],"collection":[{"href":"https:\/\/kasskoer.ee\/en\/wp-json\/wp\/v2\/product"}],"about":[{"href":"https:\/\/kasskoer.ee\/en\/wp-json\/wp\/v2\/types\/product"}],"wp:featuredmedia":[{"embeddable":true,"href":"https:\/\/kasskoer.ee\/en\/wp-json\/wp\/v2\/media\/11090"}],"wp:attachment":[{"href":"https:\/\/kasskoer.ee\/en\/wp-json\/wp\/v2\/media?parent=14751"}],"wp:term":[{"taxonomy":"product_cat","embeddable":true,"href":"https:\/\/kasskoer.ee\/en\/wp-json\/wp\/v2\/product_cat?post=14751"},{"taxonomy":"product_tag","embeddable":true,"href":"https:\/\/kasskoer.ee\/en\/wp-json\/wp\/v2\/product_tag?post=14751"}],"curies":[{"name":"wp","href":"https:\/\/api.w.org\/{rel}","templated":true}]}}