{"id":14757,"date":"2026-04-20T03:05:58","date_gmt":"2026-04-20T00:05:58","guid":{"rendered":"https:\/\/kasskoer.ee\/product\/nordicpet-puitkiust-paakuv-kassiliiv-10l-2\/"},"modified":"2026-04-20T03:05:59","modified_gmt":"2026-04-20T00:05:59","slug":"nordicpet-puitkiust-paakuv-kassiliiv-10l","status":"publish","type":"product","link":"https:\/\/kasskoer.ee\/en\/toode\/nordicpet-puitkiust-paakuv-kassiliiv-10l\/","title":{"rendered":"NordicPet puitkiust paakuv kassiliiv 10L"},"content":{"rendered":"<p><b>NordicPet premium naturaalne paakuv puitkiust kassiliiv.<\/b>&#13;<\/p>\n<li>Valmistatud taaskasutatud puitkiust. Seet\u00f5ttu on see kompostitav ja t\u00e4iesti ohutu nii teie kassile kui ka keskkonnale.<\/li>\n<p>&#13;<\/p>\n<li>Erakordselt k\u00f5rge imamisv\u00f5ime &#8211; imab kuni 7 korda oma mahust, hoides teie kassi k\u00e4pad alati kuivad ja puhtad.<\/li>\n<p>&#13;<\/p>\n<li>Neutraliseerib suurep\u00e4raselt l\u00f5hnu.<\/li>\n<p>&#13;<\/p>\n<li>Paakub tugevateks t\u00fckkideks, nii on puhastamine eriti lihtne.<\/li>\n<p>&#13;<\/p>\n<li>Tolmuvaba ja ei sisalda kemikaale &#8211; seega aitab see hoida teie kassi hingamis- ja seedes\u00fcsteemi tervena.<\/li>\n<p>&#13;<br \/>\n<br \/>&#13;<br \/>\nNordicPet kassiliiv on valmistatud taaskasutatud, FSC-sertifitseeritud puitj\u00e4\u00e4kidest, mis aitab metsades tuhandeid puid s\u00e4\u00e4sta. Tootmisel on kasutatud ainult keskkonnas\u00f5bralikke tehnoloogiaid. Lisaks on see kompostitav ja biolagunev, nii et selle \u00f6koloogilise liiva kasutamisega hoolite nii oma lemmikust kui ka meie planeedi tulevikust.<br \/>&#13;<br \/>\n<br \/>&#13;<br \/>\n<b>Kasutamine<\/b><br \/>&#13;<br \/>\nLiivakasti t\u00e4itmine: valage kassi liivakasti umbes 5 cm paksune kiht NordicPet looduslikku paakuvat puitliiva.<br \/>&#13;<br \/>\nKasutatud liiva eemaldamine: eemaldage iga p\u00e4ev paakunud t\u00fckid ja v\u00e4ljaheited. Visake liiv orgaaniliste j\u00e4\u00e4tmete konteinerisse v\u00f5i kompostige. \u00dcksikuid t\u00fckke v\u00f5ib ka WC-st alla lasta. Lisa eemaldatud kogusele sarnane kogus liiva.<br \/>&#13;<br \/>\nKasti uuesti t\u00e4itmine: iga 4\u20136 n\u00e4dala tagant vaheta v\u00e4lja kogu liiv.<\/p>\n","protected":false},"excerpt":{"rendered":"<p>NordicPet looduslik ja keskkonnas\u00f5bralik taaskasutatud puitkiust valmistatud kassiliiv.<\/p>\n","protected":false},"featured_media":11096,"template":"","meta":[],"product_cat":[689,565],"product_tag":[],"class_list":{"0":"post-14757","1":"product","2":"type-product","3":"status-publish","4":"has-post-thumbnail","6":"product_cat-kassid","7":"product_cat-kassiliivad","8":"pa_brand-nordicpet","9":"pa_ean-2216","10":"pa_kaal-4-200","11":"pa_tootjariik-euroopa-liit","13":"first","14":"instock","15":"taxable","16":"shipping-taxable","17":"purchasable","18":"product-type-simple"},"_links":{"self":[{"href":"https:\/\/kasskoer.ee\/en\/wp-json\/wp\/v2\/product\/14757","targetHints":{"allow":["GET"]}}],"collection":[{"href":"https:\/\/kasskoer.ee\/en\/wp-json\/wp\/v2\/product"}],"about":[{"href":"https:\/\/kasskoer.ee\/en\/wp-json\/wp\/v2\/types\/product"}],"wp:featuredmedia":[{"embeddable":true,"href":"https:\/\/kasskoer.ee\/en\/wp-json\/wp\/v2\/media\/11096"}],"wp:attachment":[{"href":"https:\/\/kasskoer.ee\/en\/wp-json\/wp\/v2\/media?parent=14757"}],"wp:term":[{"taxonomy":"product_cat","embeddable":true,"href":"https:\/\/kasskoer.ee\/en\/wp-json\/wp\/v2\/product_cat?post=14757"},{"taxonomy":"product_tag","embeddable":true,"href":"https:\/\/kasskoer.ee\/en\/wp-json\/wp\/v2\/product_tag?post=14757"}],"curies":[{"name":"wp","href":"https:\/\/api.w.org\/{rel}","templated":true}]}}