{"id":14759,"date":"2026-04-20T03:05:58","date_gmt":"2026-04-20T00:05:58","guid":{"rendered":"https:\/\/kasskoer.ee\/product\/kimo-tofu-kassiliiv-lavendli-lohnaga-6l-2\/"},"modified":"2026-04-20T03:05:59","modified_gmt":"2026-04-20T00:05:59","slug":"kimo-tofu-kassiliiv-lavendli-lohnaga-6l","status":"publish","type":"product","link":"https:\/\/kasskoer.ee\/en\/toode\/kimo-tofu-kassiliiv-lavendli-lohnaga-6l\/","title":{"rendered":"Kimo tofu kassiliiv lavendli l\u00f5hnaga 6L"},"content":{"rendered":"<p><b>Tofu paakuv kassiliiv on valmistatud 100% naturaalsetest taimsetest materjalidest.<\/b><br \/>&#13;<\/p>\n<li>See on valmistatud inimestele etten\u00e4htud toidukiust ega sisalda keemilisi lisandeid. Nii pole vaja muretseda isegi siis, kui kass kogemata s\u00f6\u00f6b tofu kassiliiva.<\/li>\n<p>&#13;<\/p>\n<li>Tofu kassiliival on 3x suurem absorbeerimiskiirus &#8211; see imab efektiivselt uriini, vedelikud ja l\u00f5hnad.<\/li>\n<p>&#13;<\/p>\n<li>Tofu kassiliiv on looduss\u00f5bralik ja biolagunev, mist\u00f5ttu on seda mugav k\u00e4sitleda, kuna v\u00f5ib visata tualetti.<\/li>\n<p>&#13;<br \/>\n<br \/>&#13;<br \/>\n<b>Koostis<\/b><br \/>&#13;<br \/>\nTofu, maisit\u00e4rklis, taimsed kiudained, guarkummi.<br \/>&#13;<br \/>\n<br \/>&#13;<br \/>\n<b>Kasutamine<\/b><br \/>&#13;<br \/>\nIga p\u00e4ev:<br \/>&#13;<br \/>\n1. Valage puhtasse kassi liivakasti 4-6cm paksune kiht kassiliiva.<br \/>&#13;<br \/>\n2. K\u00f5rvaldage v\u00e4ljaheited ja paakunud t\u00fckid.<br \/>&#13;<br \/>\n3. Lisage regulaarselt puhast kassiliiva.<br \/>&#13;<br \/>\n<br \/>&#13;<br \/>\nIga n\u00e4dal:<br \/>&#13;<br \/>\n1. Valage kasutamata kassiliiv v\u00e4lja.<br \/>&#13;<br \/>\n2. Peske kassi liivakasti \u00f5rnatoimelise, l\u00f5hnatu pesemisvahendiga.<br \/>&#13;<br \/>\n3. Enne puhta kassiliiva valamist veenduge, et liivakast on kuiv.<br \/>&#13;<br \/>\n4. Lisage kassiliiva, et saavutada vajalik kogus.<\/p>\n","protected":false},"excerpt":{"rendered":"<p>Kimo lavendli l\u00f5hnaga tofu kassiliiv.<\/p>\n","protected":false},"featured_media":11098,"template":"","meta":[],"product_cat":[689,565],"product_tag":[],"class_list":{"0":"post-14759","1":"product","2":"type-product","3":"status-publish","4":"has-post-thumbnail","6":"product_cat-kassid","7":"product_cat-kassiliivad","8":"pa_brand-kimo","9":"pa_ean-2217","10":"pa_kaal-2-500","11":"pa_tootjariik-hiina","13":"first","14":"instock","15":"taxable","16":"shipping-taxable","17":"purchasable","18":"product-type-simple"},"_links":{"self":[{"href":"https:\/\/kasskoer.ee\/en\/wp-json\/wp\/v2\/product\/14759","targetHints":{"allow":["GET"]}}],"collection":[{"href":"https:\/\/kasskoer.ee\/en\/wp-json\/wp\/v2\/product"}],"about":[{"href":"https:\/\/kasskoer.ee\/en\/wp-json\/wp\/v2\/types\/product"}],"wp:featuredmedia":[{"embeddable":true,"href":"https:\/\/kasskoer.ee\/en\/wp-json\/wp\/v2\/media\/11098"}],"wp:attachment":[{"href":"https:\/\/kasskoer.ee\/en\/wp-json\/wp\/v2\/media?parent=14759"}],"wp:term":[{"taxonomy":"product_cat","embeddable":true,"href":"https:\/\/kasskoer.ee\/en\/wp-json\/wp\/v2\/product_cat?post=14759"},{"taxonomy":"product_tag","embeddable":true,"href":"https:\/\/kasskoer.ee\/en\/wp-json\/wp\/v2\/product_tag?post=14759"}],"curies":[{"name":"wp","href":"https:\/\/api.w.org\/{rel}","templated":true}]}}