{"id":14762,"date":"2026-04-20T03:05:58","date_gmt":"2026-04-20T00:05:58","guid":{"rendered":"https:\/\/kasskoer.ee\/product\/country-dog-light-senior-koeratoit-15kg-2\/"},"modified":"2026-04-20T03:05:59","modified_gmt":"2026-04-20T00:05:59","slug":"country-dog-light-senior-koeratoit-15kg","status":"publish","type":"product","link":"https:\/\/kasskoer.ee\/en\/toode\/country-dog-light-senior-koeratoit-15kg\/","title":{"rendered":"Country Dog Light &#038; Senior koeratoit 15kg"},"content":{"rendered":"<p><b>Country Dog Premium Light &#038; Senior on 100% tasakaalustatud t\u00e4istoit, mis on sobilik \u00fclekaalulistele ja eakatele igat t\u00f5ugu koertele.<\/b><br \/>&#13;<\/p>\n<li>Optimaalne valkude ja rasvade suhe aitab kaalu kontrolli all hoida.<\/li>\n<p>&#13;<\/p>\n<li>T\u00e4istoidus sisalduvad E-vitamiin, seleen ja teised vitamiinid s\u00e4ilitavad organismi loomuliku vastupanuv\u00f5ime.<\/li>\n<p>&#13;<\/p>\n<li>Lisatud l\u00f5he\u00f5li, mis sisaldab asendamatuid oomega-3 ja oomega-6 rasvhappeid, et s\u00e4ilitada naha tervis ning ilus ja l\u00e4ikiv karv.<\/li>\n<p>&#13;<\/p>\n<li>Country Dog Premium Light &#038; Senior on loomulikult maitsev ja ei sisalda kunstlikke maitseaineid.<\/li>\n<p>&#13;<br \/>\n<br \/>&#13;<br \/>\n<b>Koostis<\/b><br \/>&#13;<br \/>\nLiha ja loomset p\u00e4ritolu saadused (seal hulgas 10% punast liha), teravili, kanarasv, looduslikud maitseained, l\u00f5he\u00f5li, kuivatatud \u00f5un, p\u00e4rm, mineraalid.<br \/>&#13;<br \/>\n<br \/>&#13;<br \/>\n<b>Anal\u00fc\u00fctilised koostisosad<\/b><br \/>&#13;<br \/>\nToorvalk 20,0%, toorrasv 8,0%, niiskus 10,0%, toortuhk 5,5%, toorkiud 3,0%, kaltsium 1,2%, fosfor 1,0%.<br \/>&#13;<br \/>\n<br \/>&#13;<br \/>\n<b>S\u00f6\u00f6dalisandid<\/b><br \/>&#13;<br \/>\nA-vitamiin (3a672a) 15000 R\u00dc, D3-vitamiin (3a671) 1500 R\u00dc, E-vitamiin (alfa-tokoferool) (3a700) 250 mg, vask (3b406) 15 mg, seleen (3b8.10). Sisaldab EL poolt heakskiidetud antioks\u00fcdante.<br \/>&#13;<br \/>\n<br \/>&#13;<br \/>\n<b>S\u00f6\u00f6tmisjuhend<\/b><br \/>&#13;<br \/>\nS\u00f6\u00f6da kuivalt v\u00f5i kergelt niisutatult. Veenduge, et koeral oleks alati l\u00e4heduses v\u00e4rske joogivesi. Koera p\u00e4evane toitumisvajadus v\u00f5ib v\u00e4liskeskkonnast, koera suurusest, vanusest ja aktiivsustasemest olenevalt erineda. Soovitatavad kogused p\u00e4evas on m\u00e4rgitud s\u00f6\u00f6tmisnormides. Selleks, et teie koer oleks optimaalses konditsioonis, treenige teda piisavalt ja \u00e4rge toitke teda \u00fcle.<br \/>&#13;<br \/>\n<br \/><b>Metaboliseeruv energia<\/b><br \/>&#13;<br \/>\n3400 kcal\/kg<br \/>&#13;<br \/>\n<br \/><b>Soovituslik p\u00e4evane kogus<\/b>&#13;<\/p>\n<figure class=\"table\">\n<table>\n<tbody>\n<tr>\n<td>\n<p style=\"text-align:center;\"><strong>Eeldatav t\u00e4iskasvanud koera kaal (kg)<\/strong><\/p>\n<\/td>\n<td>5<\/td>\n<td>10<\/td>\n<td>15<\/td>\n<td>20<\/td>\n<td>25<\/td>\n<td>30<\/td>\n<td>40<\/td>\n<td>50<\/td>\n<td>60<\/td>\n<\/tr>\n<tr>\n<td>\n<p style=\"text-align:center;\"><strong>P\u00e4evane kogus vanemal ja kaalu s\u00e4ilitaval koeral (g\/p\u00e4evas)<\/strong><\/p>\n<\/td>\n<td>80<\/td>\n<td>140<\/td>\n<td>180<\/td>\n<td>230<\/td>\n<td>270<\/td>\n<td>310<\/td>\n<td>390<\/td>\n<td>450<\/td>\n<td>520<\/td>\n<\/tr>\n<tr>\n<td>\n<p style=\"text-align:center;\"><strong>P\u00e4evane kogus kaalu langetaval koeral (g\/p\u00e4evas)<\/strong><\/p>\n<\/td>\n<td>70<\/td>\n<td>120<\/td>\n<td>160<\/td>\n<td>200<\/td>\n<td>240<\/td>\n<td>270<\/td>\n<td>340<\/td>\n<td>400<\/td>\n<td>460<\/td>\n<\/tr>\n<\/tbody>\n<\/table>\n<\/figure>\n","protected":false},"excerpt":{"rendered":"<p>Country Dog preemium t\u00e4istoit eakatele v\u00f5i kaaluprobleemidega koertele.<\/p>\n","protected":false},"featured_media":11104,"template":"","meta":[],"product_cat":[688,64],"product_tag":[],"class_list":{"0":"post-14762","1":"product","2":"type-product","3":"status-publish","4":"has-post-thumbnail","6":"product_cat-koerad","7":"product_cat-koeratoit","8":"pa_brand-country-dog","9":"pa_ean-2196","10":"pa_kaal-15-000","11":"pa_tootjariik-tsehhi","13":"first","14":"instock","15":"taxable","16":"shipping-taxable","17":"purchasable","18":"product-type-simple"},"_links":{"self":[{"href":"https:\/\/kasskoer.ee\/en\/wp-json\/wp\/v2\/product\/14762","targetHints":{"allow":["GET"]}}],"collection":[{"href":"https:\/\/kasskoer.ee\/en\/wp-json\/wp\/v2\/product"}],"about":[{"href":"https:\/\/kasskoer.ee\/en\/wp-json\/wp\/v2\/types\/product"}],"wp:featuredmedia":[{"embeddable":true,"href":"https:\/\/kasskoer.ee\/en\/wp-json\/wp\/v2\/media\/11104"}],"wp:attachment":[{"href":"https:\/\/kasskoer.ee\/en\/wp-json\/wp\/v2\/media?parent=14762"}],"wp:term":[{"taxonomy":"product_cat","embeddable":true,"href":"https:\/\/kasskoer.ee\/en\/wp-json\/wp\/v2\/product_cat?post=14762"},{"taxonomy":"product_tag","embeddable":true,"href":"https:\/\/kasskoer.ee\/en\/wp-json\/wp\/v2\/product_tag?post=14762"}],"curies":[{"name":"wp","href":"https:\/\/api.w.org\/{rel}","templated":true}]}}