{"id":14766,"date":"2026-04-20T03:05:58","date_gmt":"2026-04-20T00:05:58","guid":{"rendered":"https:\/\/kasskoer.ee\/product\/kitty-joy-tender-boiled-chicken-naturaalne-maius-kassile-25g-2\/"},"modified":"2026-04-20T03:06:00","modified_gmt":"2026-04-20T00:06:00","slug":"kitty-joy-tender-boiled-chicken-naturaalne-maius-kassile-25g","status":"publish","type":"product","link":"https:\/\/kasskoer.ee\/en\/toode\/kitty-joy-tender-boiled-chicken-naturaalne-maius-kassile-25g\/","title":{"rendered":"Kitty Joy Tender Boiled Chicken naturaalne maius kassile 25g"},"content":{"rendered":"<p><b>Kitty Joy keedetud kana rinnaliha. T\u00e4iends\u00f6\u00f6t \u00fcle 6 n\u00e4dala vanustele kassidele.<\/b>&#13;<br \/>\n<br \/>&#13;<\/p>\n<li>Naturaalne keedetud kanaliha on t\u00e4isvalguallikas ja erinevate B-r\u00fchma vitamiinide allikas.<\/li>\n<p>&#13;<\/p>\n<li>Keedetud kanaliha t\u00e4iendab kassi toidulauda, mis aitab hoida immuuns\u00fcsteemi tugevana ja karva l\u00e4ikivana.<\/li>\n<p>&#13;<\/p>\n<li>Keedetud kanalihas on v\u00e4he rasva ja kaloreid, mist\u00f5ttu on see suurep\u00e4rane ka kaaluprobleemidega kassidele.<\/li>\n<p>&#13;<br \/>\n<br \/>&#13;<br \/>\n<b>Koostis<\/b><br \/>&#13;<br \/>\nKana rinnaliha 99,7%, tuunikala ekstrakt ja frukto-oligosahhariid 0,3%.<br \/>&#13;<br \/>\n<br \/>&#13;<br \/>\n<b>Anal\u00fc\u00fctilised koostisosad<\/b><br \/>&#13;<br \/>\nToorvalk (min) 20%, toorrasv (min) 0,1%, toorkiud (maks) 2,5%, toortuhk (maks) 2,5%, niiskus (maks) 72%.<br \/>&#13;<br \/>\n<br \/>&#13;<br \/>\n<b>S\u00f6\u00f6dalisandid<\/b><br \/>&#13;<br \/>\nKarboks\u00fcmet\u00fc\u00fcltselluloos 7,5mg.<br \/>&#13;<br \/>\n<br \/>&#13;<br \/>\n<b>Metaboliseeruv energia<\/b><br \/>&#13;<br \/>\n125,9 kcal\/100g<br \/>&#13;<br \/>\n<br \/>&#13;<br \/>\n<b>S\u00f6\u00f6tmisjuhend<\/b><br \/>&#13;<br \/>\nHoida jahedas ja kuivas kohas, p\u00e4ikesevalguse eest kaitstult. P\u00e4rast avamist s\u00e4ilitada k\u00fclmkapis ning tarbida 24 tunni jooksul. \u00c4rge laske kassil pakendimaterjale n\u00e4rida ega alla neelata. Tagage, et teie neljajalgsel s\u00f5bral on alati piisavalt v\u00e4rsket joogivett.<\/p>\n","protected":false},"excerpt":{"rendered":"<p>Kitty Joy keedetud kana kassile.<\/p>\n","protected":false},"featured_media":11112,"template":"","meta":[],"product_cat":[1211],"product_tag":[],"class_list":{"0":"post-14766","1":"product","2":"type-product","3":"status-publish","4":"has-post-thumbnail","6":"product_cat-kasside-maiused","7":"pa_brand-kitty-joy","8":"pa_ean-2168","9":"pa_kaal-0-025","10":"pa_tootjariik-lati","12":"first","13":"instock","14":"taxable","15":"shipping-taxable","16":"purchasable","17":"product-type-simple"},"_links":{"self":[{"href":"https:\/\/kasskoer.ee\/en\/wp-json\/wp\/v2\/product\/14766","targetHints":{"allow":["GET"]}}],"collection":[{"href":"https:\/\/kasskoer.ee\/en\/wp-json\/wp\/v2\/product"}],"about":[{"href":"https:\/\/kasskoer.ee\/en\/wp-json\/wp\/v2\/types\/product"}],"wp:featuredmedia":[{"embeddable":true,"href":"https:\/\/kasskoer.ee\/en\/wp-json\/wp\/v2\/media\/11112"}],"wp:attachment":[{"href":"https:\/\/kasskoer.ee\/en\/wp-json\/wp\/v2\/media?parent=14766"}],"wp:term":[{"taxonomy":"product_cat","embeddable":true,"href":"https:\/\/kasskoer.ee\/en\/wp-json\/wp\/v2\/product_cat?post=14766"},{"taxonomy":"product_tag","embeddable":true,"href":"https:\/\/kasskoer.ee\/en\/wp-json\/wp\/v2\/product_tag?post=14766"}],"curies":[{"name":"wp","href":"https:\/\/api.w.org\/{rel}","templated":true}]}}