{"id":14769,"date":"2026-04-20T03:05:58","date_gmt":"2026-04-20T00:05:58","guid":{"rendered":"https:\/\/kasskoer.ee\/product\/kitty-joy-lohega-krobe-maius-kassile-20g-2\/"},"modified":"2026-04-20T03:06:00","modified_gmt":"2026-04-20T00:06:00","slug":"kitty-joy-lohega-krobe-maius-kassile-20g","status":"publish","type":"product","link":"https:\/\/kasskoer.ee\/en\/toode\/kitty-joy-lohega-krobe-maius-kassile-20g\/","title":{"rendered":"Kitty Joy l\u00f5hega kr\u00f5be maius kassile 20g"},"content":{"rendered":"<p><b>Kitty Joy l\u00f5hemaitselise t\u00e4idisega kr\u00f5bedad kassik\u00fcpsised. T\u00e4iends\u00f6\u00f6t \u00fcle 8 n\u00e4dala vanustele kassidele.<\/b>&#13;<br \/>\n<br \/>&#13;<\/p>\n<li>Kassik\u00fcpsised aitavad v\u00e4ltida hambakatu ja hambakivi kogunemist.<\/li>\n<p>&#13;<\/p>\n<li>Kassik\u00fcpsised v\u00e4rskendavad kassi hinge\u00f5hku ja tugevdavad tema l\u00f5ualuud.<\/li>\n<p>&#13;<\/p>\n<li>K\u00fcpsise maitsev v\u00e4lisk\u00fclg on kr\u00f5be, t\u00e4idis aga pehme ning rikas oomega-3 ja oomega-6 rasvhapete, mineraalide, vitamiinide ja valkude poolest.<\/li>\n<p>&#13;<br \/>\n<br \/>&#13;<br \/>\n<b>Koostis<\/b><br \/>&#13;<br \/>\nRiisijahu, maisijahu, maap\u00e4hkli valgupulber, l\u00f5hepulber, kanapulber, kala- ja krevetipulber, munakollasepulber, v\u00f5i, kala\u00f5li, naatriumkloriid, vasksulfaat, tsinksulfaat.<br \/>&#13;<br \/>\n<br \/>&#13;<br \/>\n<b>Anal\u00fc\u00fctilised koostisosad<\/b><br \/>&#13;<br \/>\nToorvalk (min) 20%, toorrasv (min) 17%, toortuhk (maks) 8%, toorkiud (maks) 4%, niiskus (maks) 8%.<br \/>&#13;<br \/>\n<br \/>&#13;<br \/>\n<b>S\u00f6\u00f6dalisandid<\/b><br \/>&#13;<br \/>\nFosfolipiidid 100mg, kaltsiumlaktaat 200mg, tauriin 6mg, vitamiin A 60IU, vitamiin D3 70IU, vitamiin E 5mg, FCF 1,6mg.<br \/>&#13;<br \/>\n<br \/>&#13;<br \/>\n<b>Metaboliseeruv energia<\/b><br \/>&#13;<br \/>\n450 kcal\/100g<br \/>&#13;<br \/>\n<br \/>&#13;<br \/>\n<b>S\u00f6\u00f6tmisjuhend<\/b><br \/>&#13;<br \/>\nT\u00e4iskasvanud kassidele s\u00f6\u00f6tke kuni 50 t\u00fckki p\u00e4evas, kassipoegadele kuni 20 t\u00fckki p\u00e4evas. Maiuste andmisel v\u00e4hendage vastavalt p\u00f5hitoidukorda. P\u00e4evane toidukogus s\u00f5ltub teie kassi vanusest, kaalust ja sellest, kui aktiivne ta on. Hoida jahedas ja kuivas kohas, p\u00e4ikesevalguse eest kaitstult. P\u00e4rast avamist tarbida 4 n\u00e4dala jooksul. \u00c4rge laske kassil pakendimaterjale n\u00e4rida ega alla neelata. Tagage, et teie neljajalgsel s\u00f5bral on alati piisavalt v\u00e4rsket joogivett.<\/p>\n","protected":false},"excerpt":{"rendered":"<p>Kitty Joy kr\u00f5mpsuvad kassik\u00fcpsised l\u00f5het\u00e4idisega.<\/p>\n","protected":false},"featured_media":11118,"template":"","meta":[],"product_cat":[1211],"product_tag":[],"class_list":{"0":"post-14769","1":"product","2":"type-product","3":"status-publish","4":"has-post-thumbnail","6":"product_cat-kasside-maiused","7":"pa_brand-kitty-joy","8":"pa_ean-2171","9":"pa_kaal-0-020","10":"pa_tootjariik-lati","12":"first","13":"instock","14":"taxable","15":"shipping-taxable","16":"purchasable","17":"product-type-simple"},"_links":{"self":[{"href":"https:\/\/kasskoer.ee\/en\/wp-json\/wp\/v2\/product\/14769","targetHints":{"allow":["GET"]}}],"collection":[{"href":"https:\/\/kasskoer.ee\/en\/wp-json\/wp\/v2\/product"}],"about":[{"href":"https:\/\/kasskoer.ee\/en\/wp-json\/wp\/v2\/types\/product"}],"wp:featuredmedia":[{"embeddable":true,"href":"https:\/\/kasskoer.ee\/en\/wp-json\/wp\/v2\/media\/11118"}],"wp:attachment":[{"href":"https:\/\/kasskoer.ee\/en\/wp-json\/wp\/v2\/media?parent=14769"}],"wp:term":[{"taxonomy":"product_cat","embeddable":true,"href":"https:\/\/kasskoer.ee\/en\/wp-json\/wp\/v2\/product_cat?post=14769"},{"taxonomy":"product_tag","embeddable":true,"href":"https:\/\/kasskoer.ee\/en\/wp-json\/wp\/v2\/product_tag?post=14769"}],"curies":[{"name":"wp","href":"https:\/\/api.w.org\/{rel}","templated":true}]}}