{"id":14779,"date":"2026-04-20T03:05:58","date_gmt":"2026-04-20T00:05:58","guid":{"rendered":"https:\/\/kasskoer.ee\/product\/kitty-joy-cat-lick-tuunikalaga-kassimaius-4x15g-2\/"},"modified":"2026-04-20T03:06:00","modified_gmt":"2026-04-20T00:06:00","slug":"kitty-joy-cat-lick-tuunikalaga-kassimaius-4x15g","status":"publish","type":"product","link":"https:\/\/kasskoer.ee\/en\/toode\/kitty-joy-cat-lick-tuunikalaga-kassimaius-4x15g\/","title":{"rendered":"Kitty Joy Cat Lick tuunikalaga kassimaius 4x15g"},"content":{"rendered":"<p><b>Kitty Joy tuunikalaga lakutav maius. T\u00e4iends\u00f6\u00f6t \u00fcle 6 n\u00e4dala vanustele kassidele.<\/b>&#13;<br \/>\n<br \/>&#13;<br \/>\nKreemja tekstuuri ja h\u00f5rgu maitsega maius on suurep\u00e4rane moodus rikastada teie kassi toidulauda.&#13;<\/p>\n<li>K\u00f5rge toitev\u00e4\u00e4rtus &#8211; varustab kassi organismi toitainetega, mida ta vajab, et olla tugev ja terve.<\/li>\n<p>&#13;<\/p>\n<li>Suur niiskusesisaldus &#8211; aitab suurendada kassi veetarbimist, mis on oluline neerufunktsioonide s\u00e4ilitamiseks ja deh\u00fcdratsiooni v\u00e4ltimiseks.<\/li>\n<p>&#13;<\/p>\n<li>Tauriin tagab s\u00fcdame, silmade ja aju \u00f5ige funktsioneerimise.<\/li>\n<p>&#13;<\/p>\n<li>Madal kalorite sisaldus &#8211; sobib suurep\u00e4raselt ka kassidele, kellel on kaaluga probleeme.<\/li>\n<p>&#13;<\/p>\n<li>Iga pakend sisaldab nelja \u00fcksikut pakki, et s\u00e4ilitada maksimaalne v\u00e4rskus.<\/li>\n<p>&#13;<br \/>\n<br \/>&#13;<br \/>\n<b>Koostis<\/b><br \/>&#13;<br \/>\nTuunikala 78%, p\u00e4evalille\u00f5li 2%, kartulit\u00e4rklis 1%, naatriumkloriid 0,05%, vesi.<br \/>&#13;<br \/>\n<br \/>&#13;<br \/>\n<b>Anal\u00fc\u00fctilised koostisosad<\/b><br \/>&#13;<br \/>\nToorvalk (min) 9,2%, toorrasv (min) 1,5%, toortuhk (maks) 2,5%, toorkiud (maks) 2,0%, niiskus (maks) 83%.<br \/>&#13;<br \/>\n<br \/>&#13;<br \/>\n<b>S\u00f6\u00f6dalisandid<\/b><br \/>&#13;<br \/>\nTauriin 30mg, guarkummi 30mg, kaaliumsorbaat 30mg.<br \/>&#13;<br \/>\n<br \/>&#13;<br \/>\n<b>Metaboliseeruv energia<\/b><br \/>&#13;<br \/>\n58 kcal\/100g<br \/>&#13;<br \/>\n<br \/>&#13;<br \/>\n<b>S\u00f6\u00f6tmisjuhend<\/b><br \/>&#13;<br \/>\nHoida jahedas ja kuivas kohas. P\u00e4rast avamist s\u00e4ilitada k\u00fclmkapis ning tarbida 24 tunni jooksul. \u00c4rge laske kassil pakendimaterjale n\u00e4rida ega alla neelata. Tagage, et teie neljajalgsel s\u00f5bral on alati piisavalt v\u00e4rsket joogivett.<\/p>\n","protected":false},"excerpt":{"rendered":"<p>Kitty Joy naturaalne tuunikalaga maius kassile.<\/p>\n","protected":false},"featured_media":11132,"template":"","meta":[],"product_cat":[1211],"product_tag":[],"class_list":{"0":"post-14779","1":"product","2":"type-product","3":"status-publish","4":"has-post-thumbnail","6":"product_cat-kasside-maiused","7":"pa_brand-kitty-joy","8":"pa_ean-2176","9":"pa_kaal-0-060","10":"pa_tootjariik-lati","12":"first","13":"instock","14":"taxable","15":"shipping-taxable","16":"purchasable","17":"product-type-simple"},"_links":{"self":[{"href":"https:\/\/kasskoer.ee\/en\/wp-json\/wp\/v2\/product\/14779","targetHints":{"allow":["GET"]}}],"collection":[{"href":"https:\/\/kasskoer.ee\/en\/wp-json\/wp\/v2\/product"}],"about":[{"href":"https:\/\/kasskoer.ee\/en\/wp-json\/wp\/v2\/types\/product"}],"wp:featuredmedia":[{"embeddable":true,"href":"https:\/\/kasskoer.ee\/en\/wp-json\/wp\/v2\/media\/11132"}],"wp:attachment":[{"href":"https:\/\/kasskoer.ee\/en\/wp-json\/wp\/v2\/media?parent=14779"}],"wp:term":[{"taxonomy":"product_cat","embeddable":true,"href":"https:\/\/kasskoer.ee\/en\/wp-json\/wp\/v2\/product_cat?post=14779"},{"taxonomy":"product_tag","embeddable":true,"href":"https:\/\/kasskoer.ee\/en\/wp-json\/wp\/v2\/product_tag?post=14779"}],"curies":[{"name":"wp","href":"https:\/\/api.w.org\/{rel}","templated":true}]}}