{"id":14784,"date":"2026-04-20T03:05:58","date_gmt":"2026-04-20T00:05:58","guid":{"rendered":"https:\/\/kasskoer.ee\/product\/brit-raw-kulmkuivatatud-maius-urinary-koertele-40g-2\/"},"modified":"2026-04-20T03:06:00","modified_gmt":"2026-04-20T00:06:00","slug":"brit-raw-kulmkuivatatud-maius-urinary-koertele-40g","status":"publish","type":"product","link":"https:\/\/kasskoer.ee\/en\/toode\/brit-raw-kulmkuivatatud-maius-urinary-koertele-40g\/","title":{"rendered":"Brit Raw k\u00fclmkuivatatud maius Urinary koertele 40g"},"content":{"rendered":"<p><b>Brit k\u00fclmkuivatatud t\u00e4iends\u00f6\u00f6t koertele. Sobib suurep\u00e4raselt maiusena v\u00f5i funktsionaalse lisandina toidule.<\/b>&#13;<\/p>\n<li>96% k\u00fclmkuivatatud v\u00e4rsket liha ja organeid.<\/li>\n<p>&#13;<\/p>\n<li>Naturaalne.<\/li>\n<p>&#13;<\/p>\n<li>Sisaldab maksa, mis on \u00fclim maitsetugevdaja.<\/li>\n<p>&#13;<\/p>\n<li>Ei ole lisatud kunstlikke s\u00e4ilitusaineid, l\u00f5hna- ja maitseaineid, v\u00e4rvaineid ega soola.<\/li>\n<p>&#13;<\/p>\n<li>K\u00f5rvits &#8211; lahustumatute kiudainete allikas.<\/li>\n<p>&#13;<\/p>\n<li>J\u00f5hvikad \u2013 looduslik kuseteede tervise tugi.<\/li>\n<p>&#13;<br \/>\n<br \/>&#13;<br \/>\n<b>Koostis<\/b><br \/>&#13;<br \/>\nV\u00e4rske kalkuniliha l\u00f5iked (80%), v\u00e4rske kalkunimaks (15%), lignotselluloos (2%), k\u00f5rvits (1%), kuivatatud j\u00f5hvikad (Vaccinium vitis-idaea) (1%), hernejahu, inaktiveeritud bakterid ja nende osad (Lactobacillus helveticus HA \u2013 122, 15&#215;109 rakku\/kg).<br \/>&#13;<br \/>\n<br \/><b>Anal\u00fc\u00fctilised koostisosad<\/b><br \/>&#13;<br \/>\nToorvalk 43,0%, toorrasv 37,0%, toortuhk 10,0%, toorkiud 2,5%, niiskus 4,0%, kaltsium 3,0%, fosfor 2,0%, naatrium 1,0%. <br \/>&#13;<br \/>\n<br \/>&#13;<br \/>\n<b>S\u00f6\u00f6dalisandid<\/b><br \/>&#13;<br \/>\nSisaldab looduslikke antioks\u00fcdante: tokoferooli ekstraktid taime\u00f5lidest (1b306(i)), askorb\u00fc\u00fclpalmitaat (1b304) ja rosmariini ekstrakt. Sisaldab EL poolt heaks kiidetud s\u00e4ilitusaineid: sidrunhape (1a330).<br \/>&#13;<br \/>\n<br \/>&#13;<br \/>\n<b>Metaboliseeruv energia<\/b><br \/>&#13;<br \/>\n4960 kcal\/kg<br \/>&#13;<br \/>\n<br \/>&#13;<br \/>\n<b>S\u00f6\u00f6tmisjuhend<\/b><br \/>&#13;<br \/>\nAnda igap\u00e4evaselt koos toiduga toidu maitse ja omaduste parendamiseks v\u00f5i maiusena. K\u00fclmkuivatatud t\u00e4iends\u00f6\u00f6t on m\u00f5eldud kasutamiseks toidulisandina, mitte t\u00e4iss\u00f6\u00f6da ja tasakaalustatud toitumise alternatiivina. 100 g k\u00fclmkuivatatud toote toitev\u00e4\u00e4rtus vastab 300 g v\u00e4rske toore liha toitev\u00e4\u00e4rtusele. Tagage, et teie neljajalgsel s\u00f5bral on alati piisavalt v\u00e4rsket joogivett.<\/p>\n","protected":false},"excerpt":{"rendered":"<p>Brit k\u00fclmkuivatatud maiused kalkuniga koertele.<\/p>\n","protected":false},"featured_media":11138,"template":"","meta":[],"product_cat":[1210,688],"product_tag":[],"class_list":{"0":"post-14784","1":"product","2":"type-product","3":"status-publish","4":"has-post-thumbnail","6":"product_cat-koerte-maiused","7":"product_cat-koerad","8":"pa_brand-brit","9":"pa_ean-2164","10":"pa_kaal-0-040","11":"pa_tootjariik-eesti","13":"first","14":"instock","15":"taxable","16":"shipping-taxable","17":"purchasable","18":"product-type-simple"},"_links":{"self":[{"href":"https:\/\/kasskoer.ee\/en\/wp-json\/wp\/v2\/product\/14784","targetHints":{"allow":["GET"]}}],"collection":[{"href":"https:\/\/kasskoer.ee\/en\/wp-json\/wp\/v2\/product"}],"about":[{"href":"https:\/\/kasskoer.ee\/en\/wp-json\/wp\/v2\/types\/product"}],"wp:featuredmedia":[{"embeddable":true,"href":"https:\/\/kasskoer.ee\/en\/wp-json\/wp\/v2\/media\/11138"}],"wp:attachment":[{"href":"https:\/\/kasskoer.ee\/en\/wp-json\/wp\/v2\/media?parent=14784"}],"wp:term":[{"taxonomy":"product_cat","embeddable":true,"href":"https:\/\/kasskoer.ee\/en\/wp-json\/wp\/v2\/product_cat?post=14784"},{"taxonomy":"product_tag","embeddable":true,"href":"https:\/\/kasskoer.ee\/en\/wp-json\/wp\/v2\/product_tag?post=14784"}],"curies":[{"name":"wp","href":"https:\/\/api.w.org\/{rel}","templated":true}]}}