{"id":14787,"date":"2026-04-20T03:05:58","date_gmt":"2026-04-20T00:05:58","guid":{"rendered":"https:\/\/kasskoer.ee\/product\/brit-premium-delicate-gravy-family-multipakk-margtoit-kassidele-12x85g-2\/"},"modified":"2026-04-20T03:06:01","modified_gmt":"2026-04-20T00:06:01","slug":"brit-premium-delicate-gravy-family-multipakk-margtoit-kassidele-12x85g","status":"publish","type":"product","link":"https:\/\/kasskoer.ee\/en\/toode\/brit-premium-delicate-gravy-family-multipakk-margtoit-kassidele-12x85g\/","title":{"rendered":"Brit Premium Delicate Gravy Family multipakk m\u00e4rgtoit kassidele 12x85g"},"content":{"rendered":"<p><b>T\u00e4iskasvanud kassidele m\u00f5eldud lihat\u00fckid kastmes. Multipakk sisaldab nelja sorti erineva lihaga pakikest: 3 tk kanaga, 3 tk kalkuniga, 3 tk veisega, 3 tk tuunikalaga.<\/b><br \/> Premium m\u00e4rg-t\u00e4iss\u00f6\u00f6t t\u00e4iskasvanud kassidele.<br \/>&#13;<br \/>\n<br \/>&#13;<br \/>\n\u00d5rnad ja mahlased rebitud liha meenutavad fileet\u00fckid pakuvad kassile veel paremat elamust, sest lihat\u00fckid tunduvad palju reaalsemad, ning lisaks ei sisalda need kunstlikke l\u00f5hna- ja maitseaineid ega s\u00e4ilitusaineid. T\u00e4nu unikaalsele s\u00e4\u00e4stvale aurutamismeetodile on alles liha algne l\u00f5hn ja maitse.&#13;<\/p>\n<li>M\u00f5nusad v\u00e4ikesed fileet\u00fckid.<\/li>\n<p>&#13;<\/p>\n<li>Fileet\u00fckid on suure lihasisaldusega.<\/li>\n<p>&#13;<\/p>\n<li>S\u00e4\u00e4stev aurutamismeetod.<\/li>\n<p>&#13;<\/p>\n<li>Sisaldab vitamiine ja mineraalaineid.<\/li>\n<p>&#13;<\/p>\n<li>Ei sisalda kunstlikke l\u00f5hna- ja maitseaineid.<\/li>\n<p>&#13;<\/p>\n<li>Ei sisalda s\u00e4ilitusaineid.<\/li>\n<p>&#13;<br \/>\n<br \/>&#13;<br \/>\n<b>Koostis<\/b><br \/>&#13;<br \/>\n<b>Fileet\u00fckid kanaga<\/b> &#8211; liha ja loomsed k\u00f5rvalsaadused fileet\u00fckkidena 82% (kana 8%), taimsed valguekstraktid, taimsed k\u00f5rvalsaadused (inuliin 0,4%), mineraalained, suhkrud.&#13;<br \/>\n<br \/>&#13;<br \/>\n<b>Fileet\u00fckid kalkuniga<\/b> &#8211; liha ja loomsed k\u00f5rvalsaadused fileet\u00fckkidena 82% (kalkun 8%), taimsed valguekstraktid, taimsed k\u00f5rvalsaadused (inuliin 0,4%), mineraalained, suhkrud.&#13;<br \/>\n<br \/>&#13;<br \/>\n<b>Fileet\u00fckid veisega<\/b> &#8211; liha ja loomsed k\u00f5rvalsaadused fileet\u00fckkidena 82% (veiseliha 8%), taimsed valguekstraktid, taimsed k\u00f5rvalsaadused (inuliin 0,4%), mineraalained, suhkrud.&#13;<br \/>\n<br \/>&#13;<br \/>\n<b>Fileet\u00fckid tuunikalaga<\/b> &#8211; liha ja loomsed k\u00f5rvalsaadused fileet\u00fckkidena 74%, kala ja kala k\u00f5rvalsaadused (tuunikala fileet\u00fckkidena 8%), taimsed valguekstraktid, taimsed k\u00f5rvalsaadused (inuliin 0,4%), mineraalained, suhkrud.<br \/>&#13;<br \/>\n<br \/>&#13;<br \/>\n<b>Anal\u00fc\u00fctilised koostisosad<\/b><br \/>&#13;<br \/>\nToorvalk 8,5%, toorrasv 4,5%, toortuhk 2,0%, toorkiud 0,4%, niiskus 82%.<br \/>&#13;<br \/>\n<br \/>&#13;<br \/>\n<b>S\u00f6\u00f6dalisandid<\/b><br \/>&#13;<br \/>\nD3-vitamiin (E671) 250 R\u00dc, E-vitamiin (\u03b1-tokoferool) (3a700) 100 mg, tsink (3b606) 10 mg, mangaan (E5) 2 mg, jood (3b201) 0,7 mg, vask (E4) 0,2 mg, tauriin (3a370) 450 mg, biotiin 0,1 mg.<br \/>&#13;<br \/>\n<br \/>&#13;<br \/>\n<b>Toitmisteave<\/b><br \/>Serveerige toit toatemperatuuril. Avatuna hoida k\u00fclmkapis. Veenduge, et teie lemmikloomal on alati v\u00e4rske joogivesi.<\/p>\n","protected":false},"excerpt":{"rendered":"<p>Brit Premium einekotikeste multipakk t\u00e4iskasvanud kassidele.<\/p>\n","protected":false},"featured_media":17659,"template":"","meta":[],"product_cat":[689,33],"product_tag":[],"class_list":{"0":"post-14787","1":"product","2":"type-product","3":"status-publish","4":"has-post-thumbnail","6":"product_cat-kassid","7":"product_cat-konservid-kassidele","8":"pa_brand-brit-premium","9":"pa_ean-3006","10":"pa_kaal-1-020","11":"pa_tootjariik-euroopa-liit","13":"first","14":"instock","15":"taxable","16":"shipping-taxable","17":"purchasable","18":"product-type-simple"},"_links":{"self":[{"href":"https:\/\/kasskoer.ee\/en\/wp-json\/wp\/v2\/product\/14787","targetHints":{"allow":["GET"]}}],"collection":[{"href":"https:\/\/kasskoer.ee\/en\/wp-json\/wp\/v2\/product"}],"about":[{"href":"https:\/\/kasskoer.ee\/en\/wp-json\/wp\/v2\/types\/product"}],"wp:featuredmedia":[{"embeddable":true,"href":"https:\/\/kasskoer.ee\/en\/wp-json\/wp\/v2\/media\/17659"}],"wp:attachment":[{"href":"https:\/\/kasskoer.ee\/en\/wp-json\/wp\/v2\/media?parent=14787"}],"wp:term":[{"taxonomy":"product_cat","embeddable":true,"href":"https:\/\/kasskoer.ee\/en\/wp-json\/wp\/v2\/product_cat?post=14787"},{"taxonomy":"product_tag","embeddable":true,"href":"https:\/\/kasskoer.ee\/en\/wp-json\/wp\/v2\/product_tag?post=14787"}],"curies":[{"name":"wp","href":"https:\/\/api.w.org\/{rel}","templated":true}]}}