{"id":14796,"date":"2026-04-20T03:05:58","date_gmt":"2026-04-20T00:05:58","guid":{"rendered":"https:\/\/kasskoer.ee\/product\/brit-dental-stick-mobility-narimispulgad-koertele-7tk-251g-2\/"},"modified":"2026-04-20T03:06:01","modified_gmt":"2026-04-20T00:06:01","slug":"brit-dental-stick-mobility-narimispulgad-koertele-7tk-251g","status":"publish","type":"product","link":"https:\/\/kasskoer.ee\/en\/toode\/brit-dental-stick-mobility-narimispulgad-koertele-7tk-251g\/","title":{"rendered":"Brit Dental Stick Mobility n\u00e4rimispulgad koertele 7tk 251g"},"content":{"rendered":"<p><b>Brit liikuvust toetavad n\u00e4rimispulgad kollageeni ja kurkumiga. T\u00e4iends\u00f6\u00f6t koertele.<\/b>&#13;<br \/>\n<br \/>&#13;<\/p>\n<li>Kollageen \u2013 liigeste, k\u00f5\u00f5luste ja sidemete toetamine.<\/li>\n<p>&#13;<\/p>\n<li>Kurkum \u2013 p\u00f5letike ennetamine.<\/li>\n<p>&#13;<\/p>\n<li>M\u00fcnt \u2013 mikroobidevastased omadused ja v\u00e4rske hinge\u00f5hk.<\/li>\n<p>&#13;<\/p>\n<li>Gl\u00fckoosamiin \u2013 kondroprotektor, k\u00f5hrede toetamine.<\/li>\n<p>&#13;<\/p>\n<li>SHMP \u2013 hammaste tervis, hambakivi tekke ennetamine.<\/li>\n<p>&#13;<\/p>\n<li>Ei sisalda gluteeni, GMO-sid ega toiduv\u00e4rve.<\/li>\n<p>&#13;<br \/>\n<br \/>&#13;<br \/>\n<b>Koostis<\/b><br \/>&#13;<br \/>\nKaerajahu, taimne gl\u00fctserool (14%), kartulit\u00e4rklis (10%), h\u00fcdrol\u00fc\u00fcsitud p\u00e4rm (5%), lignotselluloos (3%), melass (3%), kollageen (2%), kuivatatud kurkum (2%), gl\u00fckoosamiin (0,5%), kuivatatud mikrovetikas (Schizochytrium sp., 0,5%), kuivatatud m\u00fcnt (0,5%), naatriumheksametafosfaat (0,3%).<br \/>&#13;<br \/>\n<br \/>&#13;<br \/>\n<b>Anal\u00fc\u00fctilised koostisosad<\/b><br \/>&#13;<br \/>\nToorvalk 10,5%, toorrasv 4,0%, toortuhk 2,5%, toorkiud 4,0%, niiskus 17,0%, kaltsium 0,1%, fosfor 0,2%, naatrium 0,05%, oomega-3 rasvhapped 0,2%.<br \/>&#13;<br \/>\n<br \/>&#13;<br \/>\n<b>S\u00f6\u00f6dalisandid<\/b><br \/>&#13;<br \/>\nC-vitamiin (3a312) 100 mg.<br \/>&#13;<br \/>\n<br \/>&#13;<br \/>\n<b>Metaboliseeruv energia<\/b><br \/>&#13;<br \/>\n3035 kcal\/kg<br \/>&#13;<br \/>\n<br \/>&#13;<br \/>\n<b>Toitmisjuhend<\/b><br \/>&#13;<br \/>\n Pakkuge koerale 1 tk p\u00e4evas maiustuse v\u00f5i preemiana. Tagage alati juurdep\u00e4\u00e4s v\u00e4rskele joogiveele. Tegu ei ole t\u00e4iss\u00f6\u00f6daga, \u00e4rge \u00fcletage soovitatavat p\u00e4evast annust.<\/p>\n","protected":false},"excerpt":{"rendered":"<p>Brit hambaid igap\u00e4evaselt hooldav maiustus koertele.<\/p>\n","protected":false},"featured_media":11162,"template":"","meta":[],"product_cat":[1210,688],"product_tag":[],"class_list":{"0":"post-14796","1":"product","2":"type-product","3":"status-publish","4":"has-post-thumbnail","6":"product_cat-koerte-maiused","7":"product_cat-koerad","8":"pa_brand-brit-care","9":"pa_ean-2141","10":"pa_kaal-0-251","11":"pa_tootjariik-euroopa-liit","13":"first","14":"instock","15":"taxable","16":"shipping-taxable","17":"purchasable","18":"product-type-simple"},"_links":{"self":[{"href":"https:\/\/kasskoer.ee\/en\/wp-json\/wp\/v2\/product\/14796","targetHints":{"allow":["GET"]}}],"collection":[{"href":"https:\/\/kasskoer.ee\/en\/wp-json\/wp\/v2\/product"}],"about":[{"href":"https:\/\/kasskoer.ee\/en\/wp-json\/wp\/v2\/types\/product"}],"wp:featuredmedia":[{"embeddable":true,"href":"https:\/\/kasskoer.ee\/en\/wp-json\/wp\/v2\/media\/11162"}],"wp:attachment":[{"href":"https:\/\/kasskoer.ee\/en\/wp-json\/wp\/v2\/media?parent=14796"}],"wp:term":[{"taxonomy":"product_cat","embeddable":true,"href":"https:\/\/kasskoer.ee\/en\/wp-json\/wp\/v2\/product_cat?post=14796"},{"taxonomy":"product_tag","embeddable":true,"href":"https:\/\/kasskoer.ee\/en\/wp-json\/wp\/v2\/product_tag?post=14796"}],"curies":[{"name":"wp","href":"https:\/\/api.w.org\/{rel}","templated":true}]}}