{"id":14799,"date":"2026-04-20T03:05:58","date_gmt":"2026-04-20T00:05:58","guid":{"rendered":"https:\/\/kasskoer.ee\/product\/puppy-crush-lemmiku-pesukinnas-green-tea-1tk-2\/"},"modified":"2026-04-20T03:06:01","modified_gmt":"2026-04-20T00:06:01","slug":"puppy-crush-lemmiku-pesukinnas-green-tea-1tk","status":"publish","type":"product","link":"https:\/\/kasskoer.ee\/en\/toode\/puppy-crush-lemmiku-pesukinnas-green-tea-1tk\/","title":{"rendered":"Puppy Crush lemmiku pesukinnas Green Tea 1tk"},"content":{"rendered":"<p>Puppy Crush pesukinnas on k\u00f5ik \u00fches lihtne lahendus oma lemmiku pesemiseks.&#13;<\/p>\n<li>K\u00f5ik \u00fches lahendus sisaldab nii \u0161ampooni kui ka palsamit.<\/li>\n<p>&#13;<\/p>\n<li>Kinnas on ergonoomilise kujuga, et sobituda parimal viisil sinu k\u00e4ega.<\/li>\n<p>&#13;<\/p>\n<li>T\u00e4nu kinda ainulaadsetele omadustele eemaldab see suurep\u00e4raselt mustuse.<\/li>\n<p>&#13;<\/p>\n<li>Sisaldab koostisosi, mis eemaldavad suurep\u00e4raselt ebameeldivad l\u00f5hnad.<\/li>\n<p>&#13;<\/p>\n<li>Unikaalne vegan koostis, mis on tehtud 97% naturaalsetest koostisosadest, tekitab suurep\u00e4rase vahu pesemiseks.<\/li>\n<p>&#13;<\/p>\n<li>Ei p\u00f5hjusta \u00e4rritusi.<\/li>\n<p>&#13;<br \/>\n<br \/>&#13;<br \/>\n<b>Kasutamine<\/b><br \/>&#13;<br \/>\nMasseeri kindaga m\u00e4rga karva kuni tekib vaht. Peale pesemist loputa p\u00f5hjalikult.&#13;<br \/>\n<br \/>&#13;<br \/>\n<br \/><b>Koostis<\/b><br \/>&#13;<br \/>\nVesi, met\u00fc\u00fclpropaandiool, gl\u00fctseriin, kaaliumkoko\u00fc\u00fclgl\u00fctsinaat, laur\u00fc\u00fclgl\u00fckosiid, laur\u00fc\u00fclh\u00fcdroks\u00fcsultaiin, naatriumkoko\u00fc\u00fcl \u00f5una aminohapped, betaiin, ts\u00fcklodekstriin, teep\u00f5\u00f5sa leheekstrakt, houttuynia cordata ekstrakt, aaloe ekstrakt, h\u00fcdrol\u00fc\u00fcsitud nisuvalk, centella asiatica juure ekstrakt, centella asiatica ekstrakt, centella asiatica lehe ekstrakt, naatriumh\u00fcaluronaat, madekassosiid, asiatikosiid, asiatikhape, madekassikhape, jojobaseemne\u00f5li, ahvileivapuuseemne\u00f5li, arbuusiseemne\u00f5li, aaloelehemahl, fosfolipiidid, ahvileivapuuvilja ekstrakt, ksantaankumm, sidrunhape, pol\u00fckvaternium-67, naatriumkloriid, dinaatrium EDTA, h\u00fcdroks\u00fcatsetofenoon, kloorfenesiin, l\u00f5hnaaine.<\/p>\n","protected":false},"excerpt":{"rendered":"<p>Puppy Crush rohelise teega pesukinnas.<\/p>\n","protected":false},"featured_media":11168,"template":"","meta":[],"product_cat":[688,365],"product_tag":[],"class_list":{"0":"post-14799","1":"product","2":"type-product","3":"status-publish","4":"has-post-thumbnail","6":"product_cat-koerad","7":"product_cat-koerte-tarvikud","8":"pa_brand-puppy-crush","9":"pa_ean-2116","10":"pa_kaal-0-030","11":"pa_tootjariik-korea-vabariik","13":"first","14":"outofstock","15":"taxable","16":"shipping-taxable","17":"purchasable","18":"product-type-simple"},"_links":{"self":[{"href":"https:\/\/kasskoer.ee\/en\/wp-json\/wp\/v2\/product\/14799","targetHints":{"allow":["GET"]}}],"collection":[{"href":"https:\/\/kasskoer.ee\/en\/wp-json\/wp\/v2\/product"}],"about":[{"href":"https:\/\/kasskoer.ee\/en\/wp-json\/wp\/v2\/types\/product"}],"wp:featuredmedia":[{"embeddable":true,"href":"https:\/\/kasskoer.ee\/en\/wp-json\/wp\/v2\/media\/11168"}],"wp:attachment":[{"href":"https:\/\/kasskoer.ee\/en\/wp-json\/wp\/v2\/media?parent=14799"}],"wp:term":[{"taxonomy":"product_cat","embeddable":true,"href":"https:\/\/kasskoer.ee\/en\/wp-json\/wp\/v2\/product_cat?post=14799"},{"taxonomy":"product_tag","embeddable":true,"href":"https:\/\/kasskoer.ee\/en\/wp-json\/wp\/v2\/product_tag?post=14799"}],"curies":[{"name":"wp","href":"https:\/\/api.w.org\/{rel}","templated":true}]}}