{"id":14800,"date":"2026-04-20T03:05:58","date_gmt":"2026-04-20T00:05:58","guid":{"rendered":"https:\/\/kasskoer.ee\/product\/puppy-crush-lohnatud-hugieenilapid-15x20cm-30tk-2\/"},"modified":"2026-04-20T03:06:01","modified_gmt":"2026-04-20T00:06:01","slug":"puppy-crush-lohnatud-hugieenilapid-15x20cm-30tk","status":"publish","type":"product","link":"https:\/\/kasskoer.ee\/en\/toode\/puppy-crush-lohnatud-hugieenilapid-15x20cm-30tk\/","title":{"rendered":"Puppy Crush l\u00f5hnatud h\u00fcgieenilapid 15x20cm 30tk"},"content":{"rendered":"<p>Puppy Crush h\u00fcgieenilapid on lihtne ja mugav viis igap\u00e4evase mustuse eemaldamiseks teie lemmiku nahalt ja karvalt.&#13;<\/p>\n<li>Sobib kasutamiseks lemmiku k\u00f5ikidel kehaosadel, sealhulgas silmad, k\u00f5rvad ja k\u00e4pad.<\/li>\n<p>&#13;<\/p>\n<li>Lapid on niisutatud looduslikku p\u00e4ritolu puhastatavate koostiosadega.<\/li>\n<p>&#13;<\/p>\n<li>Vegan koostis &#8211; ei sisalda loomset p\u00e4ritolu koostisosi.<\/li>\n<p>&#13;<\/p>\n<li>Parabeenide ja sulfaatide vaba!<\/li>\n<p>&#13;<\/p>\n<li>Biolagunev.<\/li>\n<p>&#13;<br \/>\n<br \/>&#13;<br \/>\n<b>Koostis<\/b><br \/>&#13;<br \/>\nVesi, gl\u00fctseriin, viinamarjaseemne\u00f5li, tomatiseemne\u00f5li, musts\u00f5straseemne\u00f5li, oliivi\u00f5li, moringa oleifera seemne\u00f5li, p\u00e4evalilleseemne\u00f5li, porgandiseemne\u00f5li, saflooriseemne\u00f5li, teep\u00f5\u00f5saseemne\u00f5li, brokoliseemne\u00f5li, chamaecyparis obtusa leheekstrakt, kookose ekstrakt, vanilje ekstrakt, tokofer\u00fc\u00fclatsetaat, pantenool, allantoiin, sidrunhape, naatriumtsitraat, pol\u00fcsorbaat 20, naatriumbensoaat, dinaatrium EDTA, bensalkooniumkloriid.<\/p>\n","protected":false},"excerpt":{"rendered":"<p>Puppy Crush multifunktsionaalsed l\u00f5hnatud h\u00fcgieenilapid.<\/p>\n","protected":false},"featured_media":11170,"template":"","meta":[],"product_cat":[688,365],"product_tag":[],"class_list":{"0":"post-14800","1":"product","2":"type-product","3":"status-publish","4":"has-post-thumbnail","6":"product_cat-koerad","7":"product_cat-koerte-tarvikud","8":"pa_brand-puppy-crush","9":"pa_ean-2117","10":"pa_kaal-0-200","11":"pa_tootjariik-korea-vabariik","13":"first","14":"outofstock","15":"taxable","16":"shipping-taxable","17":"purchasable","18":"product-type-simple"},"_links":{"self":[{"href":"https:\/\/kasskoer.ee\/en\/wp-json\/wp\/v2\/product\/14800","targetHints":{"allow":["GET"]}}],"collection":[{"href":"https:\/\/kasskoer.ee\/en\/wp-json\/wp\/v2\/product"}],"about":[{"href":"https:\/\/kasskoer.ee\/en\/wp-json\/wp\/v2\/types\/product"}],"wp:featuredmedia":[{"embeddable":true,"href":"https:\/\/kasskoer.ee\/en\/wp-json\/wp\/v2\/media\/11170"}],"wp:attachment":[{"href":"https:\/\/kasskoer.ee\/en\/wp-json\/wp\/v2\/media?parent=14800"}],"wp:term":[{"taxonomy":"product_cat","embeddable":true,"href":"https:\/\/kasskoer.ee\/en\/wp-json\/wp\/v2\/product_cat?post=14800"},{"taxonomy":"product_tag","embeddable":true,"href":"https:\/\/kasskoer.ee\/en\/wp-json\/wp\/v2\/product_tag?post=14800"}],"curies":[{"name":"wp","href":"https:\/\/api.w.org\/{rel}","templated":true}]}}