{"id":14802,"date":"2026-04-20T03:05:58","date_gmt":"2026-04-20T00:05:58","guid":{"rendered":"https:\/\/kasskoer.ee\/product\/puppy-crush-hambapuhastuslapid-bbq-50tk-2\/"},"modified":"2026-04-20T03:06:01","modified_gmt":"2026-04-20T00:06:01","slug":"puppy-crush-hambapuhastuslapid-bbq-50tk","status":"publish","type":"product","link":"https:\/\/kasskoer.ee\/en\/toode\/puppy-crush-hambapuhastuslapid-bbq-50tk\/","title":{"rendered":"Puppy Crush hambapuhastuslapid BBQ 50tk"},"content":{"rendered":"<p>Puppy Crush lemmiklooma hambalapp on lihtsasti kasutatav s\u00f5rme kujuline puhastusvahend lemmiku hammaste ja igemete puhastamiseks.&#13;<\/p>\n<li>Tagab puhtad hambad ja igemed.<\/li>\n<p>&#13;<\/p>\n<li>Eemaldab halva hinge\u00f5hu.<\/li>\n<p>&#13;<\/p>\n<li>Pakendatud \u00fcksikult, mis muudab need lihtsasti kaasa v\u00f5etavateks.<\/li>\n<p>&#13;<\/p>\n<li>Lapid ei vaja lisa niisutust, pakendist v\u00e4lja v\u00f5ttes koheselt kasutamiseks valmis.<\/li>\n<p>&#13;<\/p>\n<li>Sobib h\u00e4sti, kui lemmikul on igemetega probleeme ja tavaline harjamine v\u00f5ib olla valulik.<\/li>\n<p>&#13;<br \/>\n<br \/>&#13;<br \/>\n<b>Kasutamine<\/b><br \/>&#13;<br \/>\nPuhastage lemmiku hambad ja igemed ringikujuliste liigutustega. \u00dchtlasi v\u00f5ib ka puhastada keele. Olenevalt lemmiku suurusest ja seisundist kasuta vajadusel mitut lappi. Loputamine ei ole vajalik. Parima tulemuse saavutamiseks korrata tegevust iga p\u00e4ev.<br \/>&#13;<br \/>\n<br \/>&#13;<br \/>\n<b>Koostis<\/b><br \/>&#13;<br \/>\nVesi, gl\u00fctseriin, tsellulooskumm, naatriumvesinikkarbonaat, tetranaatriump\u00fcrofosfaat, propaandiool, naatriumsahhariin, karrageen, pol\u00fcsorbaat 20, sidrunhape, naatriumtsitraat, tset\u00fc\u00fclp\u00fcridiiniumkloriid, kaaliumsorbaat, naatriumbensoaat, rohelise teelehe ekstrakt, aloe vera ekstrakt, l\u00f5hnaaine.<\/p>\n","protected":false},"excerpt":{"rendered":"<p>Puppy Cruch grillitud liha maitselised hambapuhastuslapid.<\/p>\n","protected":false},"featured_media":11174,"template":"","meta":[],"product_cat":[688,365],"product_tag":[],"class_list":{"0":"post-14802","1":"product","2":"type-product","3":"status-publish","4":"has-post-thumbnail","6":"product_cat-koerad","7":"product_cat-koerte-tarvikud","8":"pa_brand-puppy-crush","9":"pa_ean-2119","10":"pa_kaal-0-050","11":"pa_tootjariik-korea-vabariik","13":"first","14":"outofstock","15":"taxable","16":"shipping-taxable","17":"purchasable","18":"product-type-simple"},"_links":{"self":[{"href":"https:\/\/kasskoer.ee\/en\/wp-json\/wp\/v2\/product\/14802","targetHints":{"allow":["GET"]}}],"collection":[{"href":"https:\/\/kasskoer.ee\/en\/wp-json\/wp\/v2\/product"}],"about":[{"href":"https:\/\/kasskoer.ee\/en\/wp-json\/wp\/v2\/types\/product"}],"wp:featuredmedia":[{"embeddable":true,"href":"https:\/\/kasskoer.ee\/en\/wp-json\/wp\/v2\/media\/11174"}],"wp:attachment":[{"href":"https:\/\/kasskoer.ee\/en\/wp-json\/wp\/v2\/media?parent=14802"}],"wp:term":[{"taxonomy":"product_cat","embeddable":true,"href":"https:\/\/kasskoer.ee\/en\/wp-json\/wp\/v2\/product_cat?post=14802"},{"taxonomy":"product_tag","embeddable":true,"href":"https:\/\/kasskoer.ee\/en\/wp-json\/wp\/v2\/product_tag?post=14802"}],"curies":[{"name":"wp","href":"https:\/\/api.w.org\/{rel}","templated":true}]}}