{"id":14806,"date":"2026-04-20T03:06:02","date_gmt":"2026-04-20T00:06:02","guid":{"rendered":"https:\/\/kasskoer.ee\/product\/botaniqa-fragrance-fresh-love-lohnaoli-koertele-250ml-2\/"},"modified":"2026-04-20T03:06:02","modified_gmt":"2026-04-20T00:06:02","slug":"botaniqa-fragrance-fresh-love-lohnaoli-koertele-250ml","status":"publish","type":"product","link":"https:\/\/kasskoer.ee\/en\/toode\/botaniqa-fragrance-fresh-love-lohnaoli-koertele-250ml\/","title":{"rendered":"Botaniqa Fragrance Fresh Love l\u00f5hna\u00f5li koertele 250ml"},"content":{"rendered":"<p>Botaniqa Fresh Love \u2013 v\u00e4rske ja puuviljane l\u00f5hn sametise vanilje noodiga. See parf\u00fc\u00fcmvesi sobib suurep\u00e4raselt karvkatte v\u00e4rskendamiseks pesukordade vahel, samuti hooldussalongi k\u00fclastuse l\u00f5pus.<br \/>&#13;<br \/>\n<br \/>&#13;<br \/>\n<b>Kasutamine<\/b><br \/>&#13;<br \/>\nPihustage kuivale karvakattele umbes 20-30 cm kauguselt.<br \/>&#13;<br \/>\n<br \/>&#13;<br \/>\n<b>Koostis<\/b><br \/>&#13;<br \/>\nVesi, alkoholi denaat, parf\u00fc\u00fcm, PEG-40 h\u00fcdrogeenitud kastoor\u00f5li, gl\u00fctseriin, limoneen, alfa-isomet\u00fc\u00fclioon, bens\u00fc\u00fclsalits\u00fclaat, tsitronellool, eugenool, geraniool, heks\u00fc\u00fclkannamal, h\u00fcdroks\u00fctsitronellaal, isoeugenool, linalool.<\/p>\n","protected":false},"excerpt":{"rendered":"<p>Botaniqa Fresh Love l\u00f5hna\u00f5li koertele.<\/p>\n","protected":false},"featured_media":11182,"template":"","meta":[],"product_cat":[2123],"product_tag":[],"class_list":{"0":"post-14806","1":"product","2":"type-product","3":"status-publish","4":"has-post-thumbnail","6":"product_cat-sampoonid","7":"pa_brand-botaniqa","8":"pa_ean-2128","9":"pa_kaal-0-250","10":"pa_tootjariik-poola","12":"first","13":"instock","14":"taxable","15":"shipping-taxable","16":"purchasable","17":"product-type-simple"},"_links":{"self":[{"href":"https:\/\/kasskoer.ee\/en\/wp-json\/wp\/v2\/product\/14806","targetHints":{"allow":["GET"]}}],"collection":[{"href":"https:\/\/kasskoer.ee\/en\/wp-json\/wp\/v2\/product"}],"about":[{"href":"https:\/\/kasskoer.ee\/en\/wp-json\/wp\/v2\/types\/product"}],"wp:featuredmedia":[{"embeddable":true,"href":"https:\/\/kasskoer.ee\/en\/wp-json\/wp\/v2\/media\/11182"}],"wp:attachment":[{"href":"https:\/\/kasskoer.ee\/en\/wp-json\/wp\/v2\/media?parent=14806"}],"wp:term":[{"taxonomy":"product_cat","embeddable":true,"href":"https:\/\/kasskoer.ee\/en\/wp-json\/wp\/v2\/product_cat?post=14806"},{"taxonomy":"product_tag","embeddable":true,"href":"https:\/\/kasskoer.ee\/en\/wp-json\/wp\/v2\/product_tag?post=14806"}],"curies":[{"name":"wp","href":"https:\/\/api.w.org\/{rel}","templated":true}]}}