{"id":14807,"date":"2026-04-20T03:06:02","date_gmt":"2026-04-20T00:06:02","guid":{"rendered":"https:\/\/kasskoer.ee\/product\/botaniqa-avocado-scissoring-karvahooldus-sprei-250ml-2\/"},"modified":"2026-04-20T03:06:02","modified_gmt":"2026-04-20T00:06:02","slug":"botaniqa-avocado-scissoring-karvahooldus-sprei-250ml","status":"publish","type":"product","link":"https:\/\/kasskoer.ee\/en\/toode\/botaniqa-avocado-scissoring-karvahooldus-sprei-250ml\/","title":{"rendered":"Botaniqa Avocado Scissoring karvahooldus sprei 250ml"},"content":{"rendered":"<p><b>Loodusliku p\u00e4ritoluga koostisosadel p\u00f5hinev avokaadoga sprei aitab s\u00e4ilitada karvkatet selle igap\u00e4evase hooldamise ajal.<\/b><br \/>&#13;<br \/>\nIdeaalne groomeritele, et kaitsta karvkatet kujundamise ajal. T\u00e4nu oma antistaatilistele omadustele aitab see k\u00e4\u00e4ridega l\u00f5ikamisel ja kujundamisel karvkatet kontrolli all hoida. Toodet saab kasutada mitu korda \u00fche hooldusseansi jooksul, sest see ei koorma karvkatet, ei kleepu ega j\u00e4ta j\u00e4lgi. Sellel on v\u00e4rske ja meeldiv aroom, mis kestab kaua. <br \/>&#13;<br \/>\n<br \/>&#13;<br \/>\n<b>Kasutamine<\/b><br \/>&#13;<br \/>\nPihustage niiskesse v\u00f5i kuiva karva. Loputamine pole vajalik. Kasuta millal iganes vaja.<br \/>&#13;<br \/>\n<br \/>&#13;<br \/>\n<b>Koostis<\/b><br \/>&#13;<br \/>\nVesi, prop\u00fcleengl\u00fckool, PEG-40 h\u00fcdrogeenitud kastoor\u00f5li, tridetseet-9, Persea Gratissima puuviljaekstrakt, dinaatrium EDTA, DMDM h\u00fcdantoiin, met\u00fc\u00fclkloroisotiasolinoon, met\u00fc\u00fclisotiasolinoon, parf\u00fc\u00fcm, limoneen, heks\u00fc\u00fcltsinnall, tsinelofen\u00fc\u00fcl, tsit\u00fc\u00fclfen\u00fc\u00fcl, tsit\u00fc\u00fclprop\u00fc\u00fclioon genool.<br \/>&#13;<br \/>\n<br \/>&#13;<br \/>\nParabeenide, v\u00e4rvainete, silikoonide, nafta k\u00f5rvalsaaduste ja\u00a0loomset p\u00e4ritolu koostisainete\u00a0vaba!<\/p>\n","protected":false},"excerpt":{"rendered":"<p>Botaniqa avokaadoga karvahooldus sprei koertele.<\/p>\n","protected":false},"featured_media":11184,"template":"","meta":[],"product_cat":[2123],"product_tag":[],"class_list":{"0":"post-14807","1":"product","2":"type-product","3":"status-publish","4":"has-post-thumbnail","6":"product_cat-sampoonid","7":"pa_brand-botaniqa","8":"pa_ean-2129","9":"pa_kaal-0-250","10":"pa_tootjariik-poola","12":"first","13":"instock","14":"taxable","15":"shipping-taxable","16":"purchasable","17":"product-type-simple"},"_links":{"self":[{"href":"https:\/\/kasskoer.ee\/en\/wp-json\/wp\/v2\/product\/14807","targetHints":{"allow":["GET"]}}],"collection":[{"href":"https:\/\/kasskoer.ee\/en\/wp-json\/wp\/v2\/product"}],"about":[{"href":"https:\/\/kasskoer.ee\/en\/wp-json\/wp\/v2\/types\/product"}],"wp:featuredmedia":[{"embeddable":true,"href":"https:\/\/kasskoer.ee\/en\/wp-json\/wp\/v2\/media\/11184"}],"wp:attachment":[{"href":"https:\/\/kasskoer.ee\/en\/wp-json\/wp\/v2\/media?parent=14807"}],"wp:term":[{"taxonomy":"product_cat","embeddable":true,"href":"https:\/\/kasskoer.ee\/en\/wp-json\/wp\/v2\/product_cat?post=14807"},{"taxonomy":"product_tag","embeddable":true,"href":"https:\/\/kasskoer.ee\/en\/wp-json\/wp\/v2\/product_tag?post=14807"}],"curies":[{"name":"wp","href":"https:\/\/api.w.org\/{rel}","templated":true}]}}