{"id":14809,"date":"2026-04-20T03:06:02","date_gmt":"2026-04-20T00:06:02","guid":{"rendered":"https:\/\/kasskoer.ee\/product\/brit-care-insects-with-whey-narimismaius-kutsikatele-200g-2\/"},"modified":"2026-04-20T03:06:02","modified_gmt":"2026-04-20T00:06:02","slug":"brit-care-insects-with-whey-narimismaius-kutsikatele-200g","status":"publish","type":"product","link":"https:\/\/kasskoer.ee\/en\/toode\/brit-care-insects-with-whey-narimismaius-kutsikatele-200g\/","title":{"rendered":"Brit Care Insects with Whey n\u00e4rimismaius kutsikatele 200g"},"content":{"rendered":"<p><b>Brit Care putukate, vadaku ja probiootikumidega maius. Funktsionaalne t\u00e4iends\u00f6\u00f6t kutsikatele.<\/b>&#13;<\/p>\n<li>Toetab tervet kasvamist.<\/li>\n<p>&#13;<\/p>\n<li>Tervislik ja maitsev preemia.<\/li>\n<p>&#13;<\/p>\n<li>Putukavalk \u2013 v\u00e4ga h\u00e4sti seeditav ja v\u00e4ikese allergiaohuga.<\/li>\n<p>&#13;<\/p>\n<li>Suur rasvhapete sisaldus terve naha ja l\u00e4ikiva karvkatte jaoks.<\/li>\n<p>&#13;<\/p>\n<li>V\u00e4ike s\u00fcsiniku jalaj\u00e4lg &#8211; taaskasutatav pakend ja putukavalk on v\u00e4ga looduss\u00f5bralikud.<\/li>\n<p>&#13;<\/p>\n<li>Toodetud EL-is.<\/li>\n<p>&#13;<br \/>\n<br \/>&#13;<br \/>\n<b>Koostis<\/b><br \/>&#13;<br \/>\nPutukavalk (26%), hernes, vadak (14%), kartulit\u00e4rklis, kookos\u00f5li, hernevalk, linaseemned (5%), h\u00fcdrol\u00fc\u00fcsitud kanamaks, kuivatatud vetikas (2%, Schizochytrium limacinum), kuivatatud \u00f5una viljaliha, rapsi\u00f5li, inaktiveeritud Lactobacillus acidophilus HA-122 (15&#215;109 rakku\/kg).<br \/>&#13;<br \/>\n<br \/>&#13;<br \/>\n<b>Anal\u00fc\u00fctilised koostisosad<\/b><br \/>&#13;<br \/>\nToorvalk 25,0%, toorrasv 14,0%, niiskus 10,0%, toortuhk 4,5%, toorkiud 1,5%, kaltsium 0,3%, fosfor 0,3%, naatrium 0,15%, oomega-3 1,9%, oomega-6 0,35%, EPA (20 : 5 n-3) 0,1%, DHA (22 : 6 n-3) 0,5%, ALA (18 : 3 n-3) 1,1%.<br \/>&#13;<br \/>\n<br \/>&#13;<br \/>\n<b>S\u00f6\u00f6dalisandid<\/b><br \/>&#13;<br \/>\nSisaldab ELi poolt heakskiidetud antioks\u00fcdante: taime\u00f5lidest saadud tokoferooliekstraktid (1b306(i)), askorb\u00fc\u00fclpalmitaat (1b304) ja rosmariiniekstrakt.<br \/>&#13;<br \/>\n<br \/>&#13;<br \/>\n<b>Metaboliseeruv energia<\/b><br \/>&#13;<br \/>\n3 875 kcal\/kg<\/p>\n","protected":false},"excerpt":{"rendered":"<p>Putukate ja vadakuga maius, mis toetab tervet kasvu ja arengut.<\/p>\n","protected":false},"featured_media":11188,"template":"","meta":[],"product_cat":[1210,688],"product_tag":[],"class_list":{"0":"post-14809","1":"product","2":"type-product","3":"status-publish","4":"has-post-thumbnail","6":"product_cat-koerte-maiused","7":"product_cat-koerad","8":"pa_brand-brit-care","9":"pa_ean-2096","10":"pa_kaal-0-200","11":"pa_tootjariik-tsehhi","13":"first","14":"instock","15":"sale","16":"taxable","17":"shipping-taxable","18":"purchasable","19":"product-type-simple"},"_links":{"self":[{"href":"https:\/\/kasskoer.ee\/en\/wp-json\/wp\/v2\/product\/14809","targetHints":{"allow":["GET"]}}],"collection":[{"href":"https:\/\/kasskoer.ee\/en\/wp-json\/wp\/v2\/product"}],"about":[{"href":"https:\/\/kasskoer.ee\/en\/wp-json\/wp\/v2\/types\/product"}],"wp:featuredmedia":[{"embeddable":true,"href":"https:\/\/kasskoer.ee\/en\/wp-json\/wp\/v2\/media\/11188"}],"wp:attachment":[{"href":"https:\/\/kasskoer.ee\/en\/wp-json\/wp\/v2\/media?parent=14809"}],"wp:term":[{"taxonomy":"product_cat","embeddable":true,"href":"https:\/\/kasskoer.ee\/en\/wp-json\/wp\/v2\/product_cat?post=14809"},{"taxonomy":"product_tag","embeddable":true,"href":"https:\/\/kasskoer.ee\/en\/wp-json\/wp\/v2\/product_tag?post=14809"}],"curies":[{"name":"wp","href":"https:\/\/api.w.org\/{rel}","templated":true}]}}