{"id":14813,"date":"2026-04-20T03:06:02","date_gmt":"2026-04-20T00:06:02","guid":{"rendered":"https:\/\/kasskoer.ee\/product\/brit-care-insects-with-salmon-narimismaius-koertele-200g-2\/"},"modified":"2026-04-20T03:06:02","modified_gmt":"2026-04-20T00:06:02","slug":"brit-care-insects-with-salmon-narimismaius-koertele-200g","status":"publish","type":"product","link":"https:\/\/kasskoer.ee\/en\/toode\/brit-care-insects-with-salmon-narimismaius-koertele-200g\/","title":{"rendered":"Brit Care Insects with Salmon n\u00e4rimismaius koertele 200g"},"content":{"rendered":"<p><b>Brit Care putukate, l\u00f5he ja t\u00fc\u00fcmianiga maius. Funktsionaalne t\u00e4iends\u00f6\u00f6t t\u00e4iskasvanud koertele.<\/b>&#13;<\/p>\n<li>Tundliku seedimise parandamiseks.<\/li>\n<p>&#13;<\/p>\n<li>Tervislik ja maitsev preemia.<\/li>\n<p>&#13;<\/p>\n<li>Putukavalk \u2013 v\u00e4ga h\u00e4sti seeditav ja v\u00e4ikese allergiaohuga.<\/li>\n<p>&#13;<\/p>\n<li>Suur rasvhapete sisaldus terve naha ja l\u00e4ikiva karvkatte jaoks.<\/li>\n<p>&#13;<\/p>\n<li>V\u00e4ike s\u00fcsiniku jalaj\u00e4lg &#8211; taaskasutatav pakend ja putukavalk on v\u00e4ga looduss\u00f5bralikud.<\/li>\n<p>&#13;<\/p>\n<li>Toodetud EL-is.<\/li>\n<p>&#13;<br \/>\n<br \/>&#13;<br \/>\n<b>Koostis<\/b><br \/>&#13;<br \/>\nPutukavalk (26%), hernes, l\u00f5hevalk (14%), kartulit\u00e4rklis, kookos\u00f5li, linaseemned (4%), kuivatatud \u00f5una viljaliha, h\u00fcdrol\u00fc\u00fcsitud kanamaks, kuivatatud t\u00fc\u00fcmian (1%), kuivatatud vetikas (1%, Schizochytrium limacinum), rapsi\u00f5li.<br \/>&#13;<br \/>\n<br \/>&#13;<br \/>\n<b>Anal\u00fc\u00fctilised koostisosad<\/b><br \/>&#13;<br \/>\nToorvalk 27,0%, toorrasv 12,0%, niiskus 10,0%, toortuhk 6,5%, toorkiud 3,0%, kaltsium 1,0%, fosfor 0,7%, naatrium 0,25%, oomega-3 1,5%, oomega-6 0,6%, EPA (20 : 5 n-3) 0,15%, DHA (22 : 6 n-3) 0,25%, ALA (18 : 3 n-3) 0,85%.<br \/>&#13;<br \/>\n<br \/>&#13;<br \/>\n<b>S\u00f6\u00f6dalisandid<\/b><br \/>&#13;<br \/>\nSisaldab ELi poolt heakskiidetud antioks\u00fcdante: taime\u00f5lidest saadud tokoferooliekstraktid (1b306(i)), askorb\u00fc\u00fclpalmitaat (1b304) ja rosmariiniekstrakt.<br \/>&#13;<br \/>\n<br \/>&#13;<br \/>\n<b>Metaboliseeruv energia<\/b><br \/>&#13;<br \/>\n3 620 kcal\/kg<\/p>\n","protected":false},"excerpt":{"rendered":"<p>Putukate ja l\u00f5hega maius, mis toetab tundlikku seedimist.<\/p>\n","protected":false},"featured_media":11196,"template":"","meta":[],"product_cat":[1210,688],"product_tag":[],"class_list":{"0":"post-14813","1":"product","2":"type-product","3":"status-publish","4":"has-post-thumbnail","6":"product_cat-koerte-maiused","7":"product_cat-koerad","8":"pa_brand-brit-care","9":"pa_ean-2100","10":"pa_kaal-0-200","11":"pa_tootjariik-tsehhi","13":"first","14":"instock","15":"taxable","16":"shipping-taxable","17":"purchasable","18":"product-type-simple"},"_links":{"self":[{"href":"https:\/\/kasskoer.ee\/en\/wp-json\/wp\/v2\/product\/14813","targetHints":{"allow":["GET"]}}],"collection":[{"href":"https:\/\/kasskoer.ee\/en\/wp-json\/wp\/v2\/product"}],"about":[{"href":"https:\/\/kasskoer.ee\/en\/wp-json\/wp\/v2\/types\/product"}],"wp:featuredmedia":[{"embeddable":true,"href":"https:\/\/kasskoer.ee\/en\/wp-json\/wp\/v2\/media\/11196"}],"wp:attachment":[{"href":"https:\/\/kasskoer.ee\/en\/wp-json\/wp\/v2\/media?parent=14813"}],"wp:term":[{"taxonomy":"product_cat","embeddable":true,"href":"https:\/\/kasskoer.ee\/en\/wp-json\/wp\/v2\/product_cat?post=14813"},{"taxonomy":"product_tag","embeddable":true,"href":"https:\/\/kasskoer.ee\/en\/wp-json\/wp\/v2\/product_tag?post=14813"}],"curies":[{"name":"wp","href":"https:\/\/api.w.org\/{rel}","templated":true}]}}