{"id":14818,"date":"2026-04-20T03:06:02","date_gmt":"2026-04-20T00:06:02","guid":{"rendered":"https:\/\/kasskoer.ee\/product\/ciao-stew-chicken-salmon-margtoit-kassidele-40g-2\/"},"modified":"2026-04-20T03:06:02","modified_gmt":"2026-04-20T00:06:02","slug":"ciao-stew-chicken-salmon-margtoit-kassidele-40g","status":"publish","type":"product","link":"https:\/\/kasskoer.ee\/en\/toode\/ciao-stew-chicken-salmon-margtoit-kassidele-40g\/","title":{"rendered":"Ciao Stew Chicken Salmon m\u00e4rgtoit kassidele 40g"},"content":{"rendered":"<p>Ciao kanahautis l\u00f5hega &#8211; t\u00e4iends\u00f6\u00f6t kassidele.&#13;<\/p>\n<li>Valmistatud 100% puhtast ja looduslikust kana rinnalihast ja Vaiksest ookeanist p\u00fc\u00fctud l\u00f5hest.<\/li>\n<p>&#13;<\/p>\n<li>Ei sisalda teravilju, s\u00e4ilitusaineid ega kunstlikke v\u00e4rvaineid.<\/li>\n<p>&#13;<\/p>\n<li>Pakend sisaldab vedelikke, mis aitab kassi organismi h\u00fcdreerida.<\/li>\n<p>&#13;<\/p>\n<li>Madala kalorsusega.<\/li>\n<p>&#13;<br \/>\n<br \/>&#13;<br \/>\n<b>Koostis<\/b><br \/>&#13;<br \/>\nKammkarbi puljong (62,5%), kana (31,4%), l\u00f5he (2%), tapiokk (kuivatatud).<br \/>&#13;<br \/>\n<br \/>&#13;<br \/>\n<b>Anal\u00fc\u00fctilised koostisosad<\/b><br \/>&#13;<br \/>\nToorvalk 9,3%, toorrasv 0,5%, toorkiud 0,1%, toortuhk 1,5%, niiskus 86,5%.<br \/>&#13;<br \/>\n<br \/>&#13;<br \/>\n<b>Metaboliseeruv energia<\/b><br \/>&#13;<br \/>\n430 kcal\/kg<\/p>\n","protected":false},"excerpt":{"rendered":"<p>Ciao m\u00e4rgtoit kana ja l\u00f5hega kassidele.<\/p>\n","protected":false},"featured_media":11206,"template":"","meta":[],"product_cat":[689,33],"product_tag":[],"class_list":{"0":"post-14818","1":"product","2":"type-product","3":"status-publish","4":"has-post-thumbnail","6":"product_cat-kassid","7":"product_cat-konservid-kassidele","8":"pa_brand-ciao","9":"pa_ean-2103","10":"pa_kaal-0-040","11":"pa_tootjariik-tai","13":"first","14":"instock","15":"taxable","16":"shipping-taxable","17":"purchasable","18":"product-type-simple"},"_links":{"self":[{"href":"https:\/\/kasskoer.ee\/en\/wp-json\/wp\/v2\/product\/14818","targetHints":{"allow":["GET"]}}],"collection":[{"href":"https:\/\/kasskoer.ee\/en\/wp-json\/wp\/v2\/product"}],"about":[{"href":"https:\/\/kasskoer.ee\/en\/wp-json\/wp\/v2\/types\/product"}],"wp:featuredmedia":[{"embeddable":true,"href":"https:\/\/kasskoer.ee\/en\/wp-json\/wp\/v2\/media\/11206"}],"wp:attachment":[{"href":"https:\/\/kasskoer.ee\/en\/wp-json\/wp\/v2\/media?parent=14818"}],"wp:term":[{"taxonomy":"product_cat","embeddable":true,"href":"https:\/\/kasskoer.ee\/en\/wp-json\/wp\/v2\/product_cat?post=14818"},{"taxonomy":"product_tag","embeddable":true,"href":"https:\/\/kasskoer.ee\/en\/wp-json\/wp\/v2\/product_tag?post=14818"}],"curies":[{"name":"wp","href":"https:\/\/api.w.org\/{rel}","templated":true}]}}