{"id":14819,"date":"2026-04-20T03:06:02","date_gmt":"2026-04-20T00:06:02","guid":{"rendered":"https:\/\/kasskoer.ee\/product\/brit-care-cat-grain-free-sterilized-immunity-support-kassitoit-04kg-2\/"},"modified":"2026-04-20T03:06:03","modified_gmt":"2026-04-20T00:06:03","slug":"brit-care-cat-grain-free-sterilized-immunity-support-kassitoit-04kg","status":"publish","type":"product","link":"https:\/\/kasskoer.ee\/en\/toode\/brit-care-cat-grain-free-sterilized-immunity-support-kassitoit-04kg\/","title":{"rendered":"Brit Care Cat Grain-Free Sterilized Immunity Support kassitoit 0,4kg"},"content":{"rendered":"<p><b>Kassitoit Brit Care Cat Grain-Free Sterilized Immunity Support, spetsiaalselt kastreeritud v\u00f5i steriliseeritud kassidele.<\/b>&#13;<br \/>\nNeerude ja kuseteede tervist toetav h\u00fcpoallergeenne teraviljavaba koostis, mis sisaldab vilju ja maitsetaimi, mis on pungil looduslikest antioks\u00fcdantidest ja E-vitamiinist, kaitstes keha vabade radikaalide eest ja andes tugeva immuuns\u00fcsteemi kogu eluks.&#13;<\/p>\n<li>V\u00e4rske sealiha on suurep\u00e4rane tundliku k\u00f5huga kassidele.<\/li>\n<p>&#13;<\/p>\n<li>Probiootikumid soodustavad seedetrakti ja immuuns\u00fcsteemi tervist.<\/li>\n<p>&#13;<\/p>\n<li>Astelpaju toetab neerude ja kuseteede tervist.<\/li>\n<p>&#13;<\/p>\n<li>L-metioniini ja madal magneesiumi sisaldus aitavad hoida uriini pH-d optimaalses vahemikus 6,0\u20136,5 v\u00e4ltimaks kusekivide teket.<\/li>\n<p>&#13;<\/p>\n<li>Teraviljavaba \u2013 v\u00e4rvainevaba \u2013 s\u00e4ilitusainetevaba \u2013 GMO vaba \u2013 soja vaba.<\/li>\n<p>&#13;<br \/>\n<br \/>&#13;<br \/>\n<b>Koostis<\/b><br \/>&#13;<br \/>\nV\u00e4rske sealiha (26%), kollased herned (25%), deh\u00fcdreeritud sealiha (24%), kikerherned (4%), kuivatatud \u00f5unad (4%), linnurasv (konserveeritud tokoferoolidega, 4%), l\u00f5he\u00f5li (2%) , h\u00fcdrol\u00fc\u00fcsitud kanamaks (2%), \u00f5llep\u00e4rm (2%), naatriumkloriid (1,5%), hernejahu, linaseemned (1%), munakoored (1%), kaaliumkloriid (1%), kuivatatud s\u00fcdamerohi (0,5%), kuivatatud kummel (0,5%), merevetika\u00f5li (0,3%, Schizochytrium limacinum), kuivatatud astelpaju (0,3%), kuivatatud j\u00f5hvikad (0,2%), frukto-oligosahhariidid (0,015%), mannan-oligosahhariidid (0,015) %), Mojave yucca (0,008%), inaktiveeritud bakterid ja nende osad (Lactobacillus helveticus HA \u2013 122, 15&#215;109 rakku\/kg).<br \/>&#13;<br \/>\n<br \/>&#13;<br \/>\n<b>Anal\u00fc\u00fctilised koostisosad<\/b><br \/> Toorvalk 33,0%, toorrasv 12,0%, toorkiud 3,0%, toortuhk 8,5%, niiskus 10,0%, oomega-3 0,6%, oomega-6 1,7%, kaltsium 0,8%, fosfor 0,7%, naatrium 1,1%, magneesium 0,04%, EPA (20:5 n-3) 0,15%, DHA (22:6 n-3) 0,2%.<br \/>&#13;<br \/>\n<br \/>&#13;<br \/>\n<b>S\u00f6\u00f6dalisandid<\/b><br \/>&#13;<br \/>\nA-vitamiin (3a672a) 23000 R\u00dc, D3-vitamiin (3a671) 800 R\u00dc, E-vitamiin (3a700) 600 mg, C-vitamiin (3a312) 300 mg, tauriin (3a370) 2500 mg, L-karnitiin (3a910) 50 mg, koliinkloriid (3a890) 2500 mg, biotiin (3a880) 2,0 mg, vitamiin B1 (3a821) 10 mg, vitamiin B2 (3a825i) 12 mg, niatsiinamiid (3a315) 50 mg, D-kaltsiumpantotenaat (3a841) 40 mg, vitamiin B6 (3a841) 10 mg, foolhape (3a316) 2 mg, vitamiin B12 0,04 mg, tsink (3b606) 120 mg, raud (3b106) 45 mg, mangaan (3b504) 55 mg, jood (3b201) 4,0 mg, vask (3b406) 10 mg, seleen (3b810) 0,2 mg, L-metioniin (3c305) 4000 mg. Sisaldab EL-is heakskiidetud looduslikke antioks\u00fcdante: taime\u00f5list saadud tokoferoolirikkaid ekstrakte (1b306(i)), askorb\u00fc\u00fclpalmitaati (1b304) ja rosmariiniekstrakti.<br \/>&#13;<br \/>\n<br \/>&#13;<br \/>\n<b>Metaboliseeruv energia<\/b><br \/>&#13;<br \/>\n3 590 kcal\/kg<br \/>&#13;<br \/>\n<br \/>&#13;<br \/>\n<b>Toitmisjuhend<\/b><br \/> &#13;<br \/>\nServeeri toitu kuivalt v\u00f5i leiges vees niisutatud kujul. Veenduge, et teie kassil oleks kogu aeg juurdep\u00e4\u00e4s v\u00e4rskele joogiveele. Toit peaks olema kassile saadaval kogu p\u00e4eva. Esmakordsel serveerimisel segage \u00fclemineku h\u00f5lbustamiseks j\u00e4rk-j\u00e4rgult eelmise toiduga. Hoida kuivas ja jahedas, eemal otsesest p\u00e4ikesevalgusest. P\u00e4rast avamist sulgege uuesti.&#13;<\/p>\n<figure class=\"table\">\n<table>\n<tbody>\n<tr>\n<th>Kassi kaal (kg)<\/th>\n<th>2-3<\/th>\n<th>3-5<\/th>\n<th>5-7<\/th>\n<th>7-9<\/th>\n<\/tr>\n<tr>\n<th>Kogus (g\/p\u00e4evas)<\/th>\n<th>40-55<\/th>\n<th>55-75<\/th>\n<th>75-85<\/th>\n<th>85-95<\/th>\n<\/tr>\n<\/tbody>\n<\/table>\n<\/figure>\n","protected":false},"excerpt":{"rendered":"<p>Brit Care teraviljavaba h\u00fcpoallergeenne t\u00e4istoit t\u00e4iskasvanud steriliseeritud kassidele v\u00e4rske sealihaga.<\/p>\n","protected":false},"featured_media":11208,"template":"","meta":[],"product_cat":[689,75],"product_tag":[],"class_list":{"0":"post-14819","1":"product","2":"type-product","3":"status-publish","4":"has-post-thumbnail","6":"product_cat-kassid","7":"product_cat-kassitoit","8":"pa_brand-brit-care","9":"pa_ean-2093","10":"pa_kaal-0-400","11":"pa_tootjariik-tsehhi","13":"first","14":"instock","15":"taxable","16":"shipping-taxable","17":"purchasable","18":"product-type-simple"},"_links":{"self":[{"href":"https:\/\/kasskoer.ee\/en\/wp-json\/wp\/v2\/product\/14819","targetHints":{"allow":["GET"]}}],"collection":[{"href":"https:\/\/kasskoer.ee\/en\/wp-json\/wp\/v2\/product"}],"about":[{"href":"https:\/\/kasskoer.ee\/en\/wp-json\/wp\/v2\/types\/product"}],"wp:featuredmedia":[{"embeddable":true,"href":"https:\/\/kasskoer.ee\/en\/wp-json\/wp\/v2\/media\/11208"}],"wp:attachment":[{"href":"https:\/\/kasskoer.ee\/en\/wp-json\/wp\/v2\/media?parent=14819"}],"wp:term":[{"taxonomy":"product_cat","embeddable":true,"href":"https:\/\/kasskoer.ee\/en\/wp-json\/wp\/v2\/product_cat?post=14819"},{"taxonomy":"product_tag","embeddable":true,"href":"https:\/\/kasskoer.ee\/en\/wp-json\/wp\/v2\/product_tag?post=14819"}],"curies":[{"name":"wp","href":"https:\/\/api.w.org\/{rel}","templated":true}]}}