{"id":14824,"date":"2026-04-25T03:05:12","date_gmt":"2026-04-25T00:05:12","guid":{"rendered":"https:\/\/kasskoer.ee\/product\/brit-care-cat-grain-free-kitten-gentle-digestion-strong-immunity-kassitoit-7-kg-2\/"},"modified":"2026-04-25T03:05:14","modified_gmt":"2026-04-25T00:05:14","slug":"brit-care-cat-grain-free-kitten-gentle-digestion-strong-immunity-kassitoit-7-kg","status":"publish","type":"product","link":"https:\/\/kasskoer.ee\/en\/toode\/brit-care-cat-grain-free-kitten-gentle-digestion-strong-immunity-kassitoit-7-kg\/","title":{"rendered":"Brit Care Cat Grain-Free Kitten Gentle Digestion &#038; Strong Immunity kassitoit 7 kg"},"content":{"rendered":"<p>Brit Care Cat Grain-Free Kitten Gentle Digestion &#038; Strong Immunity t\u00e4istoit kassipoegadele ja imetavatele v\u00f5i tiinetele kassidele v\u00e4rske l\u00f5hega. H\u00fcpoallergeenne, teraviljavaba ja h\u00e4sti seeditav valem, mis on rikas oluliste toitainetega, rahuldab tiinete v\u00f5i imetavate kasside energiavajadusi ning toetab loote arengut. Kaltsiumi, fosfori, magneesiumi, D-vitamiini ja teiste vitamiinide, mineraalide ja asendamatute rasvhapete kompleks tagab tervete kassipoegade s\u00fcnni ja aitab ennetada rahhiidi teket.&#13;<br \/>\nProbiootikumid ja prebiootikumid edendavad seedes\u00fcsteemi ja immuuns\u00fcsteemi tervist.&#13;<br \/>\nTenespiim sisaldab immunoglobuliine, antikehi, mis aitavad kassipoegadel luua tugevat immuunsust.&#13;<br \/>\nOmega-3 DHA ja EPA koos tauriiniga soodustavad aju ja silmade arengut.&#13;<br \/>\nV\u00e4rske l\u00f5he on rikas oomega-3 rasvhapete poolest, mis aitavad s\u00e4ilitada naha ja karvkatte eluj\u00f5udu.&#13;<br \/>\nTeraviljavaba \u2013 v\u00e4rvainevaba \u2013 s\u00e4ilitusaineteta \u2013 GMO-vaba \u2013 sojavaba.&#13;<br \/>\n&#13;<br \/>\nKoostis&#13;<br \/>\nDeh\u00fcdreeritud l\u00f5he (30%), v\u00e4rske l\u00f5he (26%), linnurasv (konserveeritud tokoferoolidega, 12%), kollased herned (12%), kikerherned (7%), l\u00f5he\u00f5li (3%), h\u00fcdrol\u00fc\u00fcsitud kanamaks (2 %), linaseemned (2%), kuivatatud \u00f5unad (2%), hernejahu, \u00f5llep\u00e4rm (1%), ternespiim (0,5%), kuivatatud kummel (0,5%), merevetika\u00f5li (0,3%, Schizochytrium limacinum), kuivatatud astelpaju (0,3%), kuivatatud j\u00f5hvikad (0,2%), fruktooligosahhariidid (0,025%), mannan-oligosahhariidid (0,02%), Mojave yucca (0,01%), inaktiveeritud bakterid ja nende osad (Lactobacillus helveticus HA \u2013 122, 9 rakku 15&#215;10 \/kg).&#13;<br \/>\n&#13;<br \/>\nAnal\u00fc\u00fctilised koostisosad&#13;<br \/>\nToorproteiin 39,0%, toorrasv 18,0%, toorkiud 1,2%, toortuhk 7,5%, niiskus 10,0%, oomega-3 rasvhapped 1,3%, oomega-6 rasvhapped 2,0%, kaltsium 1,2%, fosfor 1,0%. naatrium 0,7%, magneesium 0,1%, EPA (20:5 n-3) 0,15%, DHA (22:6 n-3) 0,2%.&#13;<br \/>\n&#13;<br \/>\nS\u00f6\u00f6dalisandid&#13;<br \/>\nA-vitamiin (3a672a) 23000 R\u00dc, D3-vitamiin (3a671) 1000 R\u00dc, E-vitamiin (3a700) 800 mg, C-vitamiin (3a312) 400 mg, tauriin (3a370) 2800 mg, L-karnitiin (3a910, koliinkloriid) ( 3a890) 2800 mg, biotiin (3a880) 2,5 mg, vitamiin B1 (3a821) 12 mg, vitamiin B2 (3a825i) 15 mg, niatsiinamiid (3a315) 60 mg, D-kaltsiumpantotenaat (3a880, vitamiin B15 (3a88mg, 41) B1 ) 12 mg, foolhape (3a316) 3 mg, vitamiin B12 0,05 mg, tsink (3b606) 140 mg, raud (3b106) 55 mg, mangaan (3b504) 65 mg, jood (3b201) 4,5 mg (3b201) 4,5 mg (1b) 406 mg, seleen (3b810) 0,2 mg, L-metioniin (3c305) 2500 mg. Sisaldab EL-i poolt heakskiidetud looduslikke antioks\u00fcdante: tokoferoolirikkaid ekstrakte taime\u00f5list (1b306(i), askorb\u00fc\u00fclpalmitaat (1b304) ja rosmariini ekstrakti.&#13;<br \/>\n&#13;<br \/>\nMetaboliseeritav energia&#13;<br \/>\n3965 kcal\/kg&#13;<br \/>\n&#13;<br \/>\nS\u00f6\u00f6tmisjuhend&#13;<br \/>\nServeeri toitu kuivalt v\u00f5i leiges vees niisutatult. Veenduge, et teie kassil oleks kogu aeg juurdep\u00e4\u00e4s v\u00e4rskele joogiveele. Toit peaks olema kassile k\u00e4ttesaadav kogu p\u00e4eva jooksul. Esmakordsel serveerimisel segage \u00fclemineku h\u00f5lbustamiseks j\u00e4rk-j\u00e4rgult eelmise toiduga. Hoida kuivas ja jahedas, otsese p\u00e4ikesevalguse eest kaitstult. P\u00e4rast avamist sulgege uuesti.<\/p>\n<figure class=\"table\">\n<table>\n<tbody>\n<tr>\n<th>Kassipoja vanus(kuud)<\/th>\n<th>1-4<\/th>\n<th>4-7<\/th>\n<th>7-12<\/th>\n<\/tr>\n<tr>\n<th>Toidukogus p\u00e4evas (g)<\/th>\n<th>25-55<\/th>\n<th>55-80<\/th>\n<th>80-100<\/th>\n<\/tr>\n<\/tbody>\n<\/table>\n<\/figure>\n<figure class=\"table\">\n<table>\n<tbody>\n<tr>\n<th>Tiine v\u00f5i imetava kassi kaal (kg)<\/th>\n<th>3-4<\/th>\n<th>5-6<\/th>\n<\/tr>\n<tr>\n<th>Toidukogus p\u00e4evas (g)<\/th>\n<th> 55-80<\/th>\n<th>90-140<\/th>\n<\/tr>\n<\/tbody>\n<\/table>\n<\/figure>\n","protected":false},"excerpt":{"rendered":"<p>Brit Care teraviljavaba h\u00fcpoallergeenne t\u00e4istoit v\u00e4rske l\u00f5hega kassipoegadele ning tiinetele ja imetavatele kassidele.<\/p>\n","protected":false},"featured_media":11218,"template":"","meta":[],"product_cat":[689,75],"product_tag":[],"class_list":{"0":"post-14824","1":"product","2":"type-product","3":"status-publish","4":"has-post-thumbnail","6":"product_cat-kassid","7":"product_cat-kassitoit","8":"pa_brand-brit-care","9":"pa_ean-2106","10":"pa_kaal-7-000","11":"pa_tootjariik-tsehhi","13":"first","14":"instock","15":"taxable","16":"shipping-taxable","17":"purchasable","18":"product-type-simple"},"_links":{"self":[{"href":"https:\/\/kasskoer.ee\/en\/wp-json\/wp\/v2\/product\/14824","targetHints":{"allow":["GET"]}}],"collection":[{"href":"https:\/\/kasskoer.ee\/en\/wp-json\/wp\/v2\/product"}],"about":[{"href":"https:\/\/kasskoer.ee\/en\/wp-json\/wp\/v2\/types\/product"}],"wp:featuredmedia":[{"embeddable":true,"href":"https:\/\/kasskoer.ee\/en\/wp-json\/wp\/v2\/media\/11218"}],"wp:attachment":[{"href":"https:\/\/kasskoer.ee\/en\/wp-json\/wp\/v2\/media?parent=14824"}],"wp:term":[{"taxonomy":"product_cat","embeddable":true,"href":"https:\/\/kasskoer.ee\/en\/wp-json\/wp\/v2\/product_cat?post=14824"},{"taxonomy":"product_tag","embeddable":true,"href":"https:\/\/kasskoer.ee\/en\/wp-json\/wp\/v2\/product_tag?post=14824"}],"curies":[{"name":"wp","href":"https:\/\/api.w.org\/{rel}","templated":true}]}}