{"id":14825,"date":"2026-04-20T03:06:02","date_gmt":"2026-04-20T00:06:02","guid":{"rendered":"https:\/\/kasskoer.ee\/product\/select-diet-renal-kassitoit-2kg-2\/"},"modified":"2026-04-20T03:06:03","modified_gmt":"2026-04-20T00:06:03","slug":"select-diet-renal-kassitoit-2kg","status":"publish","type":"product","link":"https:\/\/kasskoer.ee\/en\/toode\/select-diet-renal-kassitoit-2kg\/","title":{"rendered":"Select Diet Renal kassitoit 2kg"},"content":{"rendered":"<p><b>Picart Select Diet Renal on t\u00e4isv\u00e4\u00e4rtuslik ja tasakaalustatud looduslikku p\u00e4ritolu koostisosadest dieettoit neerufunktsiooni toetamiseks kroonilise neerupuudulikkuse korral.<\/b><br \/>&#13;<br \/>\nSamuti aitab see v\u00e4hendada oksalaatkivide (n\u00e4iteks struviitkivid) moodustumist.&#13;<\/p>\n<li>Valitud valguallikad m\u00f5\u00f5dukal tasemel neerufunktsiooni toetamiseks.<\/li>\n<p>&#13;<\/p>\n<li>Uriini leelistavate omadustega koostisained, mis aitavad v\u00e4hendada oksalaatkive.<\/li>\n<p>&#13;<\/p>\n<li>Tasakaalustatud fosfori ja valgu sisaldus.<\/li>\n<p>&#13;<\/p>\n<li>Sisaldab rasvhappeid immuuns\u00fcsteemi toetamiseks ja piisava energiataseme tagamiseks.<\/li>\n<p>&#13;<br \/>\n<br \/>&#13;<br \/>\n<b>Koostis<\/b><br \/>&#13;<br \/>\nRiis, maisivalk, kanarasv, h\u00fcdrol\u00fc\u00fcsitud kana, deh\u00fcdreeritud kanaliha, plasmavalk, mineraalid, hernekiud, kala\u00f5li, h\u00fcdrol\u00fc\u00fcsitud p\u00e4rmiekstrakt, linnaseekstrakt, prebiootikum MOS, trikaaliumtsitraat (uriini leelistav aine) 0,4%.<br \/>&#13;<br \/>\n<br \/> &#13;<br \/>\n<b>Anal\u00fc\u00fctiline koostis<\/b><br \/>&#13;<br \/>\nToorvalk 26%, toorrasv 17%, anorgaaniline aine 6%, toorkiud 3.5%, niiskus 8%, kaltsium 0.8%, fosfor 0.5%, naatrium 0.25%, kaalium 0.8 %, magneesium 0.07%, kloriid 0.9%, v\u00e4\u00e4vel 0.2%, tauriin 1580 mg\/kg, h\u00fcdroks\u00fcproliin 0.09%, linoolhape 3.2%, arahhidoonhape 0.04%, EPA+DHA 0.2%.<br \/>&#13;<br \/>\n<br \/> &#13;<br \/>\n<b>S\u00f6\u00f6dalisandid<\/b><br \/> Toitainelised lisandid: Vitamiin A 30 000 UI, vitamiin D3 600 UI, vitamiin E 110 mg, raud (raud(II)monoh\u00fcdraat) 25mg, jood (kaetud granuleeritud kaltsiumjodaat, veevaba) 1mg, vask (metioniini h\u00fcdroks\u00fcanaloogi vaskellaat) 5mg, vask (vask(II)sulfaat pentah\u00fcdraat) 5mg, mangaan (metioniini h\u00fcdroks\u00fcanaloogi mangaankelaat) 4mg, mangaan (mangaansulfaadi monoh\u00fcdraat) 8mg, tsink (tsinksulfaadi monoh\u00fcdraat) 50mg, tsink (metioniini h\u00fcdroks\u00fcanaloogi tsinkkelaat) 30mg, seleen (kaetud granuleeritud naatriumseleniit) 0.1mg, seleen (seleeni orgaaniline vorm, mida toodab Saccharomyces cerevisiae CNCM I-3060 (seleniseeritud p\u00e4rm inaktiveeritud)) 0,2 mg. Aminohapped: DL-metioniin 500mg. Antioks\u00fcdandid: tokoferoolide rikas ekstrakt. Maitseained: rosmariini ekstrakt (0.14%).<br \/>&#13;<br \/>\n<br \/> &#13;<br \/>\n<b>Toitmisjuhend<\/b><br \/>&#13;<br \/>\nAnda loomale vastavalt tabelis soovitatud kogusele. V\u00e4rske vesi peab alati olema saadaval.<br \/>&#13;<br \/>\nP\u00e4rast kasutamist sulgege pakend kindlalt. Hoida jahedas ja kuivas kohas.&#13;<\/p>\n<figure class=\"table\">\n<table>\n<tbody>\n<tr>\n<td>\n<p><strong>Kassi kaal (kg)<\/strong><\/p>\n<\/td>\n<td>1<\/td>\n<td>1,5<\/td>\n<td>2<\/td>\n<td>2,5<\/td>\n<td>3<\/td>\n<td>3,5<\/td>\n<td>4<\/td>\n<td>4,5<\/td>\n<td>5<\/td>\n<td>5,5<\/td>\n<td>6<\/td>\n<\/tr>\n<tr>\n<td>\n<p><strong>P\u00e4evane kogus k\u00f5hnal kassil (g\/p\u00e4evas)<\/strong><\/p>\n<\/td>\n<td>28<\/td>\n<td>37<\/td>\n<td>45<\/td>\n<td>52<\/td>\n<td>59<\/td>\n<td>65<\/td>\n<td>72<\/td>\n<td>77<\/td>\n<td>83<\/td>\n<td>89<\/td>\n<td>94<\/td>\n<\/tr>\n<tr>\n<td>\n<p><strong>P\u00e4evane kogus normaalkaalus kassil (g\/p\u00e4evas)<\/strong><\/p>\n<\/td>\n<td>26<\/td>\n<td>34<\/td>\n<td>41<\/td>\n<td>47<\/td>\n<td>54<\/td>\n<td>59<\/td>\n<td>65<\/td>\n<td>70<\/td>\n<td>75<\/td>\n<td>80<\/td>\n<td>85<\/td>\n<\/tr>\n<tr>\n<td>\n<p><strong>P\u00e4evane kogus \u00fclekaalulisel kassil (g\/p\u00e4evas)<\/strong><\/p>\n<\/td>\n<td>15<\/td>\n<td>20<\/td>\n<td>25<\/td>\n<td>28<\/td>\n<td>32<\/td>\n<td>36<\/td>\n<td>39<\/td>\n<td>42<\/td>\n<td>45<\/td>\n<td>48<\/td>\n<td>53<\/td>\n<\/tr>\n<\/tbody>\n<\/table>\n<\/figure>\n","protected":false},"excerpt":{"rendered":"<p>Select t\u00e4istoit t\u00e4iskasvanud neerupuudulikkusega kassidele kanalihaga.<\/p>\n","protected":false},"featured_media":11220,"template":"","meta":[],"product_cat":[689,75],"product_tag":[],"class_list":{"0":"post-14825","1":"product","2":"type-product","3":"status-publish","4":"has-post-thumbnail","6":"product_cat-kassid","7":"product_cat-kassitoit","8":"pa_brand-select","9":"pa_ean-2090","10":"pa_kaal-2-000","11":"pa_tootjariik-hispaania","13":"first","14":"instock","15":"taxable","16":"shipping-taxable","17":"purchasable","18":"product-type-simple"},"_links":{"self":[{"href":"https:\/\/kasskoer.ee\/en\/wp-json\/wp\/v2\/product\/14825","targetHints":{"allow":["GET"]}}],"collection":[{"href":"https:\/\/kasskoer.ee\/en\/wp-json\/wp\/v2\/product"}],"about":[{"href":"https:\/\/kasskoer.ee\/en\/wp-json\/wp\/v2\/types\/product"}],"wp:featuredmedia":[{"embeddable":true,"href":"https:\/\/kasskoer.ee\/en\/wp-json\/wp\/v2\/media\/11220"}],"wp:attachment":[{"href":"https:\/\/kasskoer.ee\/en\/wp-json\/wp\/v2\/media?parent=14825"}],"wp:term":[{"taxonomy":"product_cat","embeddable":true,"href":"https:\/\/kasskoer.ee\/en\/wp-json\/wp\/v2\/product_cat?post=14825"},{"taxonomy":"product_tag","embeddable":true,"href":"https:\/\/kasskoer.ee\/en\/wp-json\/wp\/v2\/product_tag?post=14825"}],"curies":[{"name":"wp","href":"https:\/\/api.w.org\/{rel}","templated":true}]}}