{"id":14826,"date":"2026-04-20T03:06:02","date_gmt":"2026-04-20T00:06:02","guid":{"rendered":"https:\/\/kasskoer.ee\/product\/select-diet-urinary-kassitoit-2kg-2\/"},"modified":"2026-04-20T03:06:03","modified_gmt":"2026-04-20T00:06:03","slug":"select-diet-urinary-kassitoit-2kg","status":"publish","type":"product","link":"https:\/\/kasskoer.ee\/en\/toode\/select-diet-urinary-kassitoit-2kg\/","title":{"rendered":"Select Diet Urinary kassitoit 2kg"},"content":{"rendered":"<p><b>Picart Select Diet Urinary on t\u00e4isv\u00e4\u00e4rtuslik ja tasakaalustatud dieettoit steriliseeritud kassidele, mis on valmistatud looduslikku p\u00e4ritolu koostisosadest.<\/b><br \/>&#13;<br \/>\nToit on anorgaaniliste fosfaatkivide (struviidi) toitaineliseks haldamiseks, aidates kaasa nii nende lahustumisele nende esinemise korral kui ka nende ilmumise \u00e4rahoidmisele.&#13;<\/p>\n<li>Aitab ennetada \u00fclekaalu, mida seostatakse kusekivide tekkega.<\/li>\n<p>&#13;<\/p>\n<li>Sisaldab uriini hapestavate omadustega koostisosi, mis muudavad uriini pH-d ja aitavad j\u00e4rk-j\u00e4rgult lahustada struviitkive.<\/li>\n<p>&#13;<\/p>\n<li>Madala mineraalainete sisaldusega, mis aitab v\u00e4hendada kivide kordumise t\u00f5en\u00e4osust tulevikus.<\/li>\n<p>&#13;<\/p>\n<li>Madala magneesiumisisaldusega (0,07%), mis aitab kivide moodustumist ennetada.<\/li>\n<p>&#13;<br \/>\n<br \/>&#13;<br \/>\n<b>Koostis<\/b><br \/> Riis, taimne valk, deh\u00fcdreeritud kanaliha, kanarasv, h\u00fcdrol\u00fc\u00fcsitud kana, plasmavalk, mineraalid, p\u00e4rmiekstrakt, linnaseekstrakt, MOS-prebiootikum.<br \/>&#13;<br \/>\n<br \/> &#13;<br \/>\n<b>Anal\u00fc\u00fctiline koostis<\/b><br \/>&#13;<br \/>\nToorvalk 32%, toorrasv 12%, anorgaaniline aine 6%, toorkiud 2%, kaltsium 0.9%, fosfor 0.8%, naatrium 0.4%, magneesium 0.07%, kaalium 0.8 %, kloriid 1.1%, v\u00e4\u00e4vel 0.3%, tauriin 1580 mg\/kg.<br \/>&#13;<br \/>\n<br \/> &#13;<br \/>\n<b>S\u00f6\u00f6dalisandid<\/b><br \/> Toitainelised lisandid: Vitamiin A 30 000 UI, vitamiin D3 600 UI, vitamiin E 110 mg, raud (raud(II)monoh\u00fcdraat) 25mg, jood (kaetud granuleeritud kaltsiumjodaat, veevaba) 1mg, vask (metioniini h\u00fcdroks\u00fcanaloogi vaskellaat) 5mg, vask (vask(II)sulfaat pentah\u00fcdraat) 5mg, mangaan (metioniini h\u00fcdroks\u00fcanaloogi mangaankelaat) 4mg, mangaan (mangaansulfaadi monoh\u00fcdraat) 8mg, tsink (tsinksulfaadi monoh\u00fcdraat) 50mg, tsink (metioniini h\u00fcdroks\u00fcanaloogi tsinkkelaat) 30mg, seleen (kaetud granuleeritud naatriumseleniit) 0.1mg, seleen (seleeni orgaaniline vorm, mida toodab Saccharomyces cerevisiae CNCM I-3060 (seleniseeritud p\u00e4rm inaktiveeritud)) 0,2 mg. Antioks\u00fcdandid: tokoferoolide rikas ekstrakt. Maitseained: rosmariini ekstrakt (0.14%). Zootehnilised lisandid: ammooniumkloriid (0.3%). Tehnoloogilised lisandid: naatriumbisulfaat (0.5%).<br \/>&#13;<br \/>\n<br \/> &#13;<br \/>\n<b>Toitmisjuhend<\/b><br \/>&#13;<br \/>\nAnda loomale vastavalt tabelis soovitatud kogusele. V\u00e4rske vesi peab alati olema saadaval.<br \/>&#13;<br \/>\nP\u00e4rast kasutamist sulgege pakend kindlalt. Hoida jahedas ja kuivas kohas.&#13;<\/p>\n<figure class=\"table\">\n<table>\n<tbody>\n<tr>\n<td>\n<p><strong>Kassi kaal (kg)<\/strong><\/p>\n<\/td>\n<td>1<\/td>\n<td>1,5<\/td>\n<td>2<\/td>\n<td>2,5<\/td>\n<td>3<\/td>\n<td>3,5<\/td>\n<td>4<\/td>\n<td>4,5<\/td>\n<td>5<\/td>\n<td>5,5<\/td>\n<td>6<\/td>\n<\/tr>\n<tr>\n<td>\n<p><strong>P\u00e4evane kogus k\u00f5hnal kassil (g\/p\u00e4evas)<\/strong><\/p>\n<\/td>\n<td>29<\/td>\n<td>38<\/td>\n<td>46<\/td>\n<td>54<\/td>\n<td>61<\/td>\n<td>67<\/td>\n<td>74<\/td>\n<td>80<\/td>\n<td>86<\/td>\n<td>91<\/td>\n<td>97<\/td>\n<\/tr>\n<tr>\n<td>\n<p><strong>P\u00e4evane kogus normaalkaalus kassil (g\/p\u00e4evas)<\/strong><\/p>\n<\/td>\n<td>27<\/td>\n<td>35<\/td>\n<td>42<\/td>\n<td>49<\/td>\n<td>55<\/td>\n<td>61<\/td>\n<td>67<\/td>\n<td>73<\/td>\n<td>78<\/td>\n<td>83<\/td>\n<td>88<\/td>\n<\/tr>\n<tr>\n<td>\n<p><strong>P\u00e4evane kogus \u00fclekaalulisel kassil (g\/p\u00e4evas)<\/strong><\/p>\n<\/td>\n<td>16<\/td>\n<td>21<\/td>\n<td>25<\/td>\n<td>29<\/td>\n<td>33<\/td>\n<td>37<\/td>\n<td>40<\/td>\n<td>44<\/td>\n<td>47<\/td>\n<td>50<\/td>\n<td>53<\/td>\n<\/tr>\n<\/tbody>\n<\/table>\n<\/figure>\n","protected":false},"excerpt":{"rendered":"<p>Select t\u00e4istoit t\u00e4iskasvanud steriliseeritud kassidele kanalihaga.<\/p>\n","protected":false},"featured_media":11222,"template":"","meta":[],"product_cat":[689,75],"product_tag":[],"class_list":{"0":"post-14826","1":"product","2":"type-product","3":"status-publish","4":"has-post-thumbnail","6":"product_cat-kassid","7":"product_cat-kassitoit","8":"pa_brand-select","9":"pa_ean-2091","10":"pa_kaal-2-000","11":"pa_tootjariik-hispaania","13":"first","14":"instock","15":"taxable","16":"shipping-taxable","17":"purchasable","18":"product-type-simple"},"_links":{"self":[{"href":"https:\/\/kasskoer.ee\/en\/wp-json\/wp\/v2\/product\/14826","targetHints":{"allow":["GET"]}}],"collection":[{"href":"https:\/\/kasskoer.ee\/en\/wp-json\/wp\/v2\/product"}],"about":[{"href":"https:\/\/kasskoer.ee\/en\/wp-json\/wp\/v2\/types\/product"}],"wp:featuredmedia":[{"embeddable":true,"href":"https:\/\/kasskoer.ee\/en\/wp-json\/wp\/v2\/media\/11222"}],"wp:attachment":[{"href":"https:\/\/kasskoer.ee\/en\/wp-json\/wp\/v2\/media?parent=14826"}],"wp:term":[{"taxonomy":"product_cat","embeddable":true,"href":"https:\/\/kasskoer.ee\/en\/wp-json\/wp\/v2\/product_cat?post=14826"},{"taxonomy":"product_tag","embeddable":true,"href":"https:\/\/kasskoer.ee\/en\/wp-json\/wp\/v2\/product_tag?post=14826"}],"curies":[{"name":"wp","href":"https:\/\/api.w.org\/{rel}","templated":true}]}}