{"id":14827,"date":"2026-04-20T03:06:02","date_gmt":"2026-04-20T00:06:02","guid":{"rendered":"https:\/\/kasskoer.ee\/product\/flamingo-nariliste-kiik-tunnel-165x7x9cm-2\/"},"modified":"2026-04-20T03:06:03","modified_gmt":"2026-04-20T00:06:03","slug":"flamingo-nariliste-kiik-tunnel-165x7x9cm","status":"publish","type":"product","link":"https:\/\/kasskoer.ee\/en\/toode\/flamingo-nariliste-kiik-tunnel-165x7x9cm\/","title":{"rendered":"Flamingo n\u00e4riliste kiik tunnel 16,5x7x9cm"},"content":{"rendered":"<p>Palju m\u00e4ngur\u00f5\u00f5mu ja aktiivset tegevust pakkuv m\u00e4nnipuidust kiik m\u00e4ngutunnel seitsme erineva sissep\u00e4\u00e4suga.&#13;<br \/>\n<br \/>&#13;<br \/>\n<br \/><b>M\u00f5\u00f5dud<\/b>&#13;<br \/>\n<br \/>&#13;<br \/>\n16,5cm x 7cm x 9cm<\/p>\n","protected":false},"excerpt":{"rendered":"<p>Flamingo seitsme auguga puidust kiik tunnel n\u00e4rilistele.<\/p>\n","protected":false},"featured_media":11224,"template":"","meta":[],"product_cat":[1320,693,3078],"product_tag":[],"class_list":{"0":"post-14827","1":"product","2":"type-product","3":"status-publish","4":"has-post-thumbnail","6":"product_cat-nariliste-manguasjad","7":"product_cat-muud-loomad","8":"product_cat-narilised","9":"pa_brand-flamingo","10":"pa_ean-2367","11":"pa_kaal-0-100","12":"pa_tootjariik-hiina","14":"first","15":"instock","16":"taxable","17":"shipping-taxable","18":"purchasable","19":"product-type-simple"},"_links":{"self":[{"href":"https:\/\/kasskoer.ee\/en\/wp-json\/wp\/v2\/product\/14827","targetHints":{"allow":["GET"]}}],"collection":[{"href":"https:\/\/kasskoer.ee\/en\/wp-json\/wp\/v2\/product"}],"about":[{"href":"https:\/\/kasskoer.ee\/en\/wp-json\/wp\/v2\/types\/product"}],"wp:featuredmedia":[{"embeddable":true,"href":"https:\/\/kasskoer.ee\/en\/wp-json\/wp\/v2\/media\/11224"}],"wp:attachment":[{"href":"https:\/\/kasskoer.ee\/en\/wp-json\/wp\/v2\/media?parent=14827"}],"wp:term":[{"taxonomy":"product_cat","embeddable":true,"href":"https:\/\/kasskoer.ee\/en\/wp-json\/wp\/v2\/product_cat?post=14827"},{"taxonomy":"product_tag","embeddable":true,"href":"https:\/\/kasskoer.ee\/en\/wp-json\/wp\/v2\/product_tag?post=14827"}],"curies":[{"name":"wp","href":"https:\/\/api.w.org\/{rel}","templated":true}]}}