{"id":14833,"date":"2026-04-20T03:06:02","date_gmt":"2026-04-20T00:06:02","guid":{"rendered":"https:\/\/kasskoer.ee\/product\/brit-care-salmon-pate-meat-konserv-koertele-400g-2\/"},"modified":"2026-04-20T03:06:03","modified_gmt":"2026-04-20T00:06:03","slug":"brit-care-salmon-pate-meat-konserv-koertele-400g","status":"publish","type":"product","link":"https:\/\/kasskoer.ee\/en\/toode\/brit-care-salmon-pate-meat-konserv-koertele-400g\/","title":{"rendered":"Brit Care Salmon Pat\u00e9 &#038; Meat konserv koertele 400g"},"content":{"rendered":"<p><b>Superpremium konserv koertele l\u00f5he ja kanalihaga. T\u00e4iss\u00f6\u00f6t t\u00e4iskasvanud koertele.<\/b>&#13;<\/p>\n<li>T\u00f5elised lihat\u00fckid koos siseelundite t\u00fckkidega pasteedis.<\/li>\n<p>&#13;<\/p>\n<li>Ei sisalda teravilja, soja ega GMO-sid.<\/li>\n<p>&#13;<\/p>\n<li>70% kanaliha ja l\u00f5het.<\/li>\n<p>&#13;<br \/>\n<br \/>&#13;<br \/>\n<b>Koostis<\/b><br \/>&#13;<br \/>\n44% kana (liha ja organid), 26% l\u00f5he, 3% hernet\u00e4rklis, 1% hernekiud, 0,5% l\u00f5he\u00f5li.<br \/>&#13;<br \/>\n<br \/>&#13;<br \/>\n<b>Anal\u00fc\u00fctiline koostis<\/b><br \/>&#13;<br \/>\nToorproteiin 8%, toorrasv 7%, toortuhk 3,5%, niiskus 78%, toorkiud 0,5%, kaltsium 0,1%, fosfor 0,3%, naatrium 0,2%.<br \/>&#13;<br \/>\n<br \/>&#13;<br \/>\n<b>S\u00f6\u00f6dalisandid (1 kg kohta)<\/b><br \/>&#13;<br \/>\nToitainelised lisandid: D3-vitamiin (3a671) 250 R\u00dc, E-vitamiin (3a700) 100 mg, tsink (3b606) 15 mg, raud (3b106) 10 mg, mangaan (3b504) 3 mg, kaaliumjodiid (3b201) 0,75 mg, vask (3b406) 0,5 mg, biotiin (3a880) 0,2 mg. Tehnoloogilised lisandid: Jaanileivapuujahu (E410) 5000 mg.<br \/>&#13;<br \/>\n<br \/>&#13;<br \/>\n<b>Metaboliseeruv energia<\/b><br \/>&#13;<br \/>\n1054 kcal\/kg<br \/>&#13;<br \/>\n<br \/>&#13;<br \/>\n<b>S\u00f6\u00f6tmisjuhend<\/b><br \/>&#13;<br \/>\nV\u00e4rske vesi peab olema alati saadaval. Hoida kuivas jahedas kohas. Avatud konservi hoida k\u00fclmikus.<\/p>\n","protected":false},"excerpt":{"rendered":"<p>Brit Pat\u00e9 &#038; Meat konserv koertele l\u00f5he ja kanalihaga.<\/p>\n","protected":false},"featured_media":11232,"template":"","meta":[],"product_cat":[688,106],"product_tag":[],"class_list":{"0":"post-14833","1":"product","2":"type-product","3":"status-publish","4":"has-post-thumbnail","6":"product_cat-koerad","7":"product_cat-konservid-koertele","8":"pa_brand-brit-care","9":"pa_ean-2031","10":"pa_kaal-0-400","11":"pa_tootjariik-tsehhi","13":"first","14":"instock","15":"taxable","16":"shipping-taxable","17":"purchasable","18":"product-type-simple"},"_links":{"self":[{"href":"https:\/\/kasskoer.ee\/en\/wp-json\/wp\/v2\/product\/14833","targetHints":{"allow":["GET"]}}],"collection":[{"href":"https:\/\/kasskoer.ee\/en\/wp-json\/wp\/v2\/product"}],"about":[{"href":"https:\/\/kasskoer.ee\/en\/wp-json\/wp\/v2\/types\/product"}],"wp:featuredmedia":[{"embeddable":true,"href":"https:\/\/kasskoer.ee\/en\/wp-json\/wp\/v2\/media\/11232"}],"wp:attachment":[{"href":"https:\/\/kasskoer.ee\/en\/wp-json\/wp\/v2\/media?parent=14833"}],"wp:term":[{"taxonomy":"product_cat","embeddable":true,"href":"https:\/\/kasskoer.ee\/en\/wp-json\/wp\/v2\/product_cat?post=14833"},{"taxonomy":"product_tag","embeddable":true,"href":"https:\/\/kasskoer.ee\/en\/wp-json\/wp\/v2\/product_tag?post=14833"}],"curies":[{"name":"wp","href":"https:\/\/api.w.org\/{rel}","templated":true}]}}