{"id":14834,"date":"2026-04-20T03:06:02","date_gmt":"2026-04-20T00:06:02","guid":{"rendered":"https:\/\/kasskoer.ee\/product\/brit-care-functional-light-narimismaius-koertele-150g-2\/"},"modified":"2026-04-20T03:06:03","modified_gmt":"2026-04-20T00:06:03","slug":"brit-care-functional-light-narimismaius-koertele-150g","status":"publish","type":"product","link":"https:\/\/kasskoer.ee\/en\/toode\/brit-care-functional-light-narimismaius-koertele-150g\/","title":{"rendered":"Brit Care Functional Light n\u00e4rimismaius koertele 150g"},"content":{"rendered":"<p><b>Brit Care funktsionaalne k\u00fc\u00fcliku ja papaiaga maius optimaalse vormi s\u00e4ilitamiseks. T\u00e4iends\u00f6\u00f6t koertele.<\/b>&#13;<\/p>\n<li>Papaia on tuntud v\u00e4\u00e4rtusliku ravimtaime ja v\u00e4hese kalorsusega puuviljana. K\u00f5ige sagedamini kasutatakse seda suurep\u00e4rase lahustumatute kiudainete allikana, mis aitab parandada seedimist ja hoida head kehalist vormi.<\/li>\n<p>&#13;<\/p>\n<li>K\u00fc\u00fclik &#8211; v\u00e4hese rasvasisaldusega valguallikas, mis on suurep\u00e4rane toit \u00fclekaalulistele koertele.<\/li>\n<p>&#13;<\/p>\n<li>Rikastatud ps\u00fclliumi ja bambuse lignotselluloosiga &#8211; kiudaineallikatega, mis aitavad hoida sooli tervena.<\/li>\n<p>&#13;<\/p>\n<li>Ei sisalda teravilja ega kartuleid.<\/li>\n<p>&#13;<\/p>\n<li>Fulvohapped toetavad toitainete imendumist.<\/li>\n<p>&#13;<\/p>\n<li>Meloniekstrakt on antioks\u00fcdantide allikas.<\/li>\n<p>&#13;<\/p>\n<li>Kollageen toetab luude, lihaste ja liigeste tervist.<\/li>\n<p>&#13;<\/p>\n<li>Probiootikumid toetavad soolestiku mikrofloorat.<\/li>\n<p>&#13;<br \/>\n<br \/>&#13;<br \/>\n<b>Koostis<\/b><br \/>&#13;<br \/>\nDeh\u00fcdreeritud k\u00fc\u00fclik (26%), k\u00f5rvits (20%), vedel k\u00f6\u00f6giviljat\u00e4rklis (14%), punased l\u00e4\u00e4tsed (11%), k\u00fc\u00fclikuvalk* (10%), bambuse lignotselluloos (5%), k\u00fc\u00fcliku lihamahl* (5%), kollageen (4%), ps\u00fcllium (seemned ja kestad) (2%), kuivatatud papaia (1%), l\u00f5he\u00f5li (1%), fulvohape (0,5%), mineraalained, kantaluubi ekstrakt (0,01%), inaktiveeritud Lactobacillus acidophilus HA-122 (15 x 109 rakku\/kg). * H\u00fcdrol\u00fc\u00fcsitud.<br \/>&#13;<br \/>\n<br \/>&#13;<br \/>\n<b>Anal\u00fc\u00fctilised koostisosad<\/b><br \/>&#13;<br \/>\nToorvalk 28,0%, toorrasv 3,0%, niiskus 17,0%, toortuhk 5,2%, toorkiud 4,0%, kaltsium 1,2%, fosfor 0,8%, naatrium 0,3%, oomega-3 0,15%, oomega-6 0,25%.<br \/>&#13;<br \/>\n<br \/>&#13;<br \/>\n<b>S\u00f6\u00f6dalisandid<\/b><br \/>&#13;<br \/>\nL-karnitiin (3a910) 1000 mg. Sisaldab ELi poolt heakskiidetud s\u00e4ilitusaineid: sidrunhape (E330), \u00f5unhape (E296).<br \/>&#13;<br \/>\n<br \/>&#13;<br \/>\n<b>Metaboliseeruv energia<\/b><br \/>&#13;<br \/>\n2 950 kcal\/kg<\/p>\n","protected":false},"excerpt":{"rendered":"<p>Funktsionaalne maius koerale, mis aitab s\u00e4ilitada optimaalset vormi.<\/p>\n","protected":false},"featured_media":11234,"template":"","meta":[],"product_cat":[1210,688],"product_tag":[],"class_list":{"0":"post-14834","1":"product","2":"type-product","3":"status-publish","4":"has-post-thumbnail","6":"product_cat-koerte-maiused","7":"product_cat-koerad","8":"pa_brand-brit-care","9":"pa_ean-2038","10":"pa_kaal-0-150","11":"pa_tootjariik-tsehhi","13":"first","14":"instock","15":"sale","16":"taxable","17":"shipping-taxable","18":"purchasable","19":"product-type-simple"},"_links":{"self":[{"href":"https:\/\/kasskoer.ee\/en\/wp-json\/wp\/v2\/product\/14834","targetHints":{"allow":["GET"]}}],"collection":[{"href":"https:\/\/kasskoer.ee\/en\/wp-json\/wp\/v2\/product"}],"about":[{"href":"https:\/\/kasskoer.ee\/en\/wp-json\/wp\/v2\/types\/product"}],"wp:featuredmedia":[{"embeddable":true,"href":"https:\/\/kasskoer.ee\/en\/wp-json\/wp\/v2\/media\/11234"}],"wp:attachment":[{"href":"https:\/\/kasskoer.ee\/en\/wp-json\/wp\/v2\/media?parent=14834"}],"wp:term":[{"taxonomy":"product_cat","embeddable":true,"href":"https:\/\/kasskoer.ee\/en\/wp-json\/wp\/v2\/product_cat?post=14834"},{"taxonomy":"product_tag","embeddable":true,"href":"https:\/\/kasskoer.ee\/en\/wp-json\/wp\/v2\/product_tag?post=14834"}],"curies":[{"name":"wp","href":"https:\/\/api.w.org\/{rel}","templated":true}]}}