{"id":14835,"date":"2026-04-20T03:06:02","date_gmt":"2026-04-20T00:06:02","guid":{"rendered":"https:\/\/kasskoer.ee\/product\/brit-care-functional-antistress-narimismaius-koertele-150g-2\/"},"modified":"2026-04-20T03:06:04","modified_gmt":"2026-04-20T00:06:04","slug":"brit-care-functional-antistress-narimismaius-koertele-150g","status":"publish","type":"product","link":"https:\/\/kasskoer.ee\/en\/toode\/brit-care-functional-antistress-narimismaius-koertele-150g\/","title":{"rendered":"Brit Care Functional Antistress n\u00e4rimismaius koertele 150g"},"content":{"rendered":"<p><b>Brit Care funktsionaalne krevettide ja kanepiga maius stressi kontrolli all hoidmiseks. T\u00e4iends\u00f6\u00f6t koertele.<\/b>&#13;<\/p>\n<li>Kanep aitab harmoneerida p\u00f5hilisi kehas toimuvaid protsesse ning toetab selle loomulikku kaitsev\u00f5imet. See on raviva ja rahustava toimega ning toetab s\u00fcgavat taastumist, head seedimist ja \u00fcldist vaimset heaolu.<\/li>\n<p>&#13;<\/p>\n<li>Krevetid on rikkalikult aju ja s\u00fcdame-veresoonkonna \u00f5igeks toimimiseks vajalikke oomega-3 rasvhappeid ja B12-vitamiini sisaldav valguallikas.<\/li>\n<p>&#13;<\/p>\n<li>Ei sisalda teravilja ega kartuleid.<\/li>\n<p>&#13;<\/p>\n<li>Fulvohapped toetavad toitainete imendumist.<\/li>\n<p>&#13;<\/p>\n<li>Meloniekstrakt on antioks\u00fcdantide allikas.<\/li>\n<p>&#13;<\/p>\n<li>Kollageen toetab luude, lihaste ja liigeste tervist.<\/li>\n<p>&#13;<\/p>\n<li>Probiootikumid toetavad soolestiku mikrofloorat.<\/li>\n<p>&#13;<br \/>\n<br \/>&#13;<br \/>\n<b>Koostis<\/b><br \/>&#13;<br \/>\nDeh\u00fcdreeritud krevetid (26%), k\u00f5rvits (20%), punased l\u00e4\u00e4tsed (15%), vedel k\u00f6\u00f6giviljat\u00e4rklis (14%), krevetivalk* (10%), l\u00f5hemahl* (5%), kollageen (4%), kuivatatud kanep (1,5%), kuivatatud palderjani juur (1,5%), l\u00f5he\u00f5li (1%), mineraalained, kuivatatud viirpuu (0,5%), fulvohape (0,5%), kantaluubi ekstrakt (0,01%), inaktiveeritud Lactobacillus acidophilus HA-122 (15 x 109 rakku\/kg). * H\u00fcdrol\u00fc\u00fcsitud.<br \/>&#13;<br \/>\n<br \/>&#13;<br \/>\n<b>Anal\u00fc\u00fctiline koostis<\/b><br \/>&#13;<br \/>\nToorvalk 26,0%, toorrasv 4,0%, niiskus 17,0%, toortuhk 7,0%, toorkiud 1,0%, kaltsium 1,5%, fosfor 1,1%, naatrium 0,8%, oomega-3 0,2%, oomega-6 0,35%.<br \/>&#13;<br \/>\n<br \/>&#13;<br \/>\n<b>S\u00f6\u00f6dalisandid (1 kg kohta)<\/b><br \/>&#13;<br \/>\nToitainelised lisandid: C-vitamiin (3a312) 500 mg. Sisaldab ELi poolt heakskiidetud s\u00e4ilitusaineid: sidrunhape (E330), \u00f5unhape (E296).<br \/>&#13;<br \/>\n<br \/>&#13;<br \/>\n<b>Metaboliseeruv energia<\/b><br \/>&#13;<br \/>\n3 090 kcal\/kg<\/p>\n","protected":false},"excerpt":{"rendered":"<p>Funktsionaalne koeramaius, mis aitab stressi kontrolli all hoida.<\/p>\n","protected":false},"featured_media":11238,"template":"","meta":[],"product_cat":[1210,688],"product_tag":[],"class_list":{"0":"post-14835","1":"product","2":"type-product","3":"status-publish","4":"has-post-thumbnail","6":"product_cat-koerte-maiused","7":"product_cat-koerad","8":"pa_brand-brit-care","9":"pa_ean-2032","10":"pa_kaal-0-150","11":"pa_tootjariik-tsehhi","13":"first","14":"instock","15":"sale","16":"taxable","17":"shipping-taxable","18":"purchasable","19":"product-type-simple"},"_links":{"self":[{"href":"https:\/\/kasskoer.ee\/en\/wp-json\/wp\/v2\/product\/14835","targetHints":{"allow":["GET"]}}],"collection":[{"href":"https:\/\/kasskoer.ee\/en\/wp-json\/wp\/v2\/product"}],"about":[{"href":"https:\/\/kasskoer.ee\/en\/wp-json\/wp\/v2\/types\/product"}],"wp:featuredmedia":[{"embeddable":true,"href":"https:\/\/kasskoer.ee\/en\/wp-json\/wp\/v2\/media\/11238"}],"wp:attachment":[{"href":"https:\/\/kasskoer.ee\/en\/wp-json\/wp\/v2\/media?parent=14835"}],"wp:term":[{"taxonomy":"product_cat","embeddable":true,"href":"https:\/\/kasskoer.ee\/en\/wp-json\/wp\/v2\/product_cat?post=14835"},{"taxonomy":"product_tag","embeddable":true,"href":"https:\/\/kasskoer.ee\/en\/wp-json\/wp\/v2\/product_tag?post=14835"}],"curies":[{"name":"wp","href":"https:\/\/api.w.org\/{rel}","templated":true}]}}