{"id":14836,"date":"2026-04-20T03:06:02","date_gmt":"2026-04-20T00:06:02","guid":{"rendered":"https:\/\/kasskoer.ee\/product\/brit-care-functional-mineral-narimismaius-kutsikatele-150g-2\/"},"modified":"2026-04-20T03:06:04","modified_gmt":"2026-04-20T00:06:04","slug":"brit-care-functional-mineral-narimismaius-kutsikatele-150g","status":"publish","type":"product","link":"https:\/\/kasskoer.ee\/en\/toode\/brit-care-functional-mineral-narimismaius-kutsikatele-150g\/","title":{"rendered":"Brit Care Functional Mineral n\u00e4rimismaius kutsikatele 150g"},"content":{"rendered":"<p><b>Brit Care funktsionaalne singi ja pruunvetikaga maius mineraalainete optimaalse tasakaalu tagamiseks. T\u00e4iends\u00f6\u00f6t kutsikatele.<\/b>&#13;<\/p>\n<li>Pruunvetikas on suurep\u00e4rane oluliste mineraalainete ja mikroelementide allikas, mis on vajalikud \u00fcldise tervise, eriti seedimise ning luude elastsuse ja tugevuse seisukohast. See sisaldab rikkalikult vitamiine, orgaaniliselt seotud makroelemente ja mikroelemente, mis varustavad optimaalse koguse mineraalainetega, et tagada kutsikate terve kasvamine.<\/li>\n<p>&#13;<\/p>\n<li>Sink &#8211; allergiaohutu ja suurep\u00e4rase maitsega kergesti seeditava valgu allikas.<\/li>\n<p>&#13;<\/p>\n<li>Rikastatud mineraalainete tasakaalu saavutamiseks montmorilloniit savi ja munakoortega.<\/li>\n<p>&#13;<\/p>\n<li>Ei sisalda teravilja ega kartuleid.<\/li>\n<p>&#13;<\/p>\n<li>Fulvohapped toetavad toitainete imendumist.<\/li>\n<p>&#13;<\/p>\n<li>Meloniekstrakt on antioks\u00fcdantide allikas.<\/li>\n<p>&#13;<\/p>\n<li>Kollageen toetab luude, lihaste ja liigeste tervist.<\/li>\n<p>&#13;<\/p>\n<li>Probiootikumid toetavad soolestiku mikrofloorat.<\/li>\n<p>&#13;<br \/>\n<br \/>&#13;<br \/>\n<b>Koostis<\/b><br \/>&#13;<br \/>\nDeh\u00fcdreeritud sink (26%), k\u00f5rvits (22%), punased l\u00e4\u00e4tsed (16%), vedel k\u00f6\u00f6giviljat\u00e4rklis (14%), l\u00f5hevalk* (8%), l\u00f5hemahl* (5%), kollageen* (4%), munakoored (1,2%), kuivatatud merevetikas (1%), montmorilloniit (1%), l\u00f5he\u00f5li (1%), fulvohape (0,5%), mineraalained, kantaluubi ekstrakt (0,01%), inaktiveeritud Lactobacillus acidophilus HA-122 (15 x 109 rakku\/kg). * H\u00fcdrol\u00fc\u00fcsitud.<br \/>&#13;<br \/>\n<br \/>&#13;<br \/>\n<b>Anal\u00fc\u00fctilised koostisosad<\/b><br \/>&#13;<br \/>\nToorvalk 28,0%, toorrasv 4,0%, niiskus 17,0%, toortuhk 9,2%, toorkiud 0,9%, kaltsium 1,2%, fosfor 0,7%, naatrium 0,4%, oomega-3 0,15%, oomega-6 0,4%.<br \/>&#13;<br \/>\n<br \/>&#13;<br \/>\n<b>S\u00f6\u00f6dalisandid<\/b><br \/>&#13;<br \/>\nTsink (3b606) 150 mg, raud (3b106) 90 mg, mangaan (3b504) 80 mg, vask (3b406) 18 mg, seleen (3b8.10) 0,2 mg. Sisaldab ELi poolt heakskiidetud s\u00e4ilitusaineid: sidrunhape (E330), \u00f5unhape (E296).<br \/>&#13;<br \/>\n<br \/>&#13;<br \/>\n<b>Metaboliseeruv energia<\/b><br \/>&#13;<br \/>\n3 025 kcal\/kg<\/p>\n","protected":false},"excerpt":{"rendered":"<p>Funktsionaalne maius tiinetele ja imetavatele koertele ning kasvueas kutsikatele, mis hoiab terve kasvamise tagamiseks mineraalainete optimaalset tasakaalu.<\/p>\n","protected":false},"featured_media":11240,"template":"","meta":[],"product_cat":[1210,688],"product_tag":[],"class_list":{"0":"post-14836","1":"product","2":"type-product","3":"status-publish","4":"has-post-thumbnail","6":"product_cat-koerte-maiused","7":"product_cat-koerad","8":"pa_brand-brit-care","9":"pa_ean-2040","10":"pa_kaal-0-150","11":"pa_tootjariik-tsehhi","13":"first","14":"instock","15":"sale","16":"taxable","17":"shipping-taxable","18":"purchasable","19":"product-type-simple"},"_links":{"self":[{"href":"https:\/\/kasskoer.ee\/en\/wp-json\/wp\/v2\/product\/14836","targetHints":{"allow":["GET"]}}],"collection":[{"href":"https:\/\/kasskoer.ee\/en\/wp-json\/wp\/v2\/product"}],"about":[{"href":"https:\/\/kasskoer.ee\/en\/wp-json\/wp\/v2\/types\/product"}],"wp:featuredmedia":[{"embeddable":true,"href":"https:\/\/kasskoer.ee\/en\/wp-json\/wp\/v2\/media\/11240"}],"wp:attachment":[{"href":"https:\/\/kasskoer.ee\/en\/wp-json\/wp\/v2\/media?parent=14836"}],"wp:term":[{"taxonomy":"product_cat","embeddable":true,"href":"https:\/\/kasskoer.ee\/en\/wp-json\/wp\/v2\/product_cat?post=14836"},{"taxonomy":"product_tag","embeddable":true,"href":"https:\/\/kasskoer.ee\/en\/wp-json\/wp\/v2\/product_tag?post=14836"}],"curies":[{"name":"wp","href":"https:\/\/api.w.org\/{rel}","templated":true}]}}