{"id":14837,"date":"2026-04-20T03:06:02","date_gmt":"2026-04-20T00:06:02","guid":{"rendered":"https:\/\/kasskoer.ee\/product\/brit-care-functional-endurance-narimismaius-koertele-150g-2\/"},"modified":"2026-04-20T03:06:04","modified_gmt":"2026-04-20T00:06:04","slug":"brit-care-functional-endurance-narimismaius-koertele-150g","status":"publish","type":"product","link":"https:\/\/kasskoer.ee\/en\/toode\/brit-care-functional-endurance-narimismaius-koertele-150g\/","title":{"rendered":"Brit Care Functional Endurance n\u00e4rimismaius koertele 150g"},"content":{"rendered":"<p><b>Brit Care funktsionaalne lamba ja banaaniga maius koera aktiivsuse toetamiseks. T\u00e4iends\u00f6\u00f6t koertele.<\/b>&#13;<\/p>\n<li>Banaan on suurep\u00e4rane vitamiinide ja selliste mineraalainete allikas, nagu kaalium, magneesium, C-vitamiin, B6-vitamiin ja kiudained, t\u00e4nu millele aitavad need anda aktiivsetele koertele energiat juurde. Lisaks armastavad k\u00f5ik koerad banaane, sest need on \u00e4\u00e4rmiselt maitsvad!<\/li>\n<p>&#13;<\/p>\n<li>Lambaliha on suurep\u00e4rane oluliste aminohapete allikas, mis aitavad hoida kehas \u00f5iget energiataset.<\/li>\n<p>&#13;<\/p>\n<li>Rikastatud L-karnitiini ja tauriiniga, et hoida aktiivseid koeri heas vormis.<\/li>\n<p>&#13;<\/p>\n<li>Ei sisalda teravilja ega kartuleid.<\/li>\n<p>&#13;<\/p>\n<li>Fulvohapped toetavad toitainete imendumist.<\/li>\n<p>&#13;<\/p>\n<li>Meloniekstrakt on antioks\u00fcdantide allikas.<\/li>\n<p>&#13;<\/p>\n<li>Kollageen toetab luude, lihaste ja liigeste tervist.<\/li>\n<p>&#13;<\/p>\n<li>Probiootikumid toetavad soolestiku mikrofloorat.<\/li>\n<p>&#13;<br \/>\n<br \/>&#13;<br \/>\n<b>Koostis<\/b><br \/>&#13;<br \/>\nDeh\u00fcdreeritud lammas (26%), k\u00f5rvits (20%), punased l\u00e4\u00e4tsed (18%), vedel k\u00f6\u00f6giviljat\u00e4rklis (14%), lambavalk* (10%), lamba lihamahl* (5%), kollageen (4%), banaanihelbed (1%), l\u00f5he\u00f5li (1%), fulvohape (0,5%), mineraalained, kantaluubi ekstrakt (0,01%), inaktiveeritud Lactobacillus acidophilus HA-122 (15 x 109 rakku\/kg). * H\u00fcdrol\u00fc\u00fcsitud.<br \/>&#13;<br \/>\n<br \/>&#13;<br \/>\n<b>Anal\u00fc\u00fctilised koostisosad<\/b><br \/>&#13;<br \/>\nToorvalk 26,0%, toorrasv 5,0%, niiskus 17,0%, toortuhk 7,5%, toorkiud 1,6%, kaltsium 1,4%, fosfor 1,1%, naatrium 0,5%, oomega-3 0,2%, oomega-6 0,25%.<br \/>&#13;<br \/>\n<br \/>&#13;<br \/>\n<b>S\u00f6\u00f6dalisandid<\/b><br \/>&#13;<br \/>\nL-karnitiin (3a910) 1000 mg, tauriin (3a370) 1500 mg. Sisaldab ELi poolt heakskiidetud s\u00e4ilitusaineid: sidrunhape (E330), \u00f5unhape (E296).<br \/>&#13;<br \/>\n<br \/>&#13;<br \/>\n<b>Metaboliseeruv energia<\/b><br \/>&#13;<br \/>\n3 085 kcal\/kg<\/p>\n","protected":false},"excerpt":{"rendered":"<p>Funktsionaalne maius aktiivsele koerale.<\/p>\n","protected":false},"featured_media":11242,"template":"","meta":[],"product_cat":[1210,688],"product_tag":[],"class_list":{"0":"post-14837","1":"product","2":"type-product","3":"status-publish","4":"has-post-thumbnail","6":"product_cat-koerte-maiused","7":"product_cat-koerad","8":"pa_brand-brit-care","9":"pa_ean-2041","10":"pa_kaal-0-150","11":"pa_tootjariik-tsehhi","13":"first","14":"instock","15":"sale","16":"taxable","17":"shipping-taxable","18":"purchasable","19":"product-type-simple"},"_links":{"self":[{"href":"https:\/\/kasskoer.ee\/en\/wp-json\/wp\/v2\/product\/14837","targetHints":{"allow":["GET"]}}],"collection":[{"href":"https:\/\/kasskoer.ee\/en\/wp-json\/wp\/v2\/product"}],"about":[{"href":"https:\/\/kasskoer.ee\/en\/wp-json\/wp\/v2\/types\/product"}],"wp:featuredmedia":[{"embeddable":true,"href":"https:\/\/kasskoer.ee\/en\/wp-json\/wp\/v2\/media\/11242"}],"wp:attachment":[{"href":"https:\/\/kasskoer.ee\/en\/wp-json\/wp\/v2\/media?parent=14837"}],"wp:term":[{"taxonomy":"product_cat","embeddable":true,"href":"https:\/\/kasskoer.ee\/en\/wp-json\/wp\/v2\/product_cat?post=14837"},{"taxonomy":"product_tag","embeddable":true,"href":"https:\/\/kasskoer.ee\/en\/wp-json\/wp\/v2\/product_tag?post=14837"}],"curies":[{"name":"wp","href":"https:\/\/api.w.org\/{rel}","templated":true}]}}