{"id":14838,"date":"2026-04-20T03:06:02","date_gmt":"2026-04-20T00:06:02","guid":{"rendered":"https:\/\/kasskoer.ee\/product\/brit-care-functional-antiparasitic-narimismaius-koertele-150g-2\/"},"modified":"2026-04-20T03:06:04","modified_gmt":"2026-04-20T00:06:04","slug":"brit-care-functional-antiparasitic-narimismaius-koertele-150g","status":"publish","type":"product","link":"https:\/\/kasskoer.ee\/en\/toode\/brit-care-functional-antiparasitic-narimismaius-koertele-150g\/","title":{"rendered":"Brit Care Functional Antiparasitic n\u00e4rimismaius koertele 150g"},"content":{"rendered":"<p><b>Brit Care funktsionaalne l\u00f5he ja kummeliga maius parasiidivastase toimega. T\u00e4iends\u00f6\u00f6t koertele.<\/b>&#13;<\/p>\n<li>Kummelit on aastasadu kasutatud ravimtaimena ning see on t\u00e4htis antiseptiliste ja parasiidivastaste omadustega antioks\u00fcdantide looduslik allikas.<\/li>\n<p>&#13;<\/p>\n<li>L\u00f5he on suurep\u00e4rane oomega-3 rasvhapete allikas, mis toetavad immuuns\u00fcsteemi ja aitavad kehas piirata p\u00f5letikulisi protsesse.<\/li>\n<p>&#13;<\/p>\n<li>Ei sisalda teravilja ega kartuleid.<\/li>\n<p>&#13;<\/p>\n<li>Fulvohapped toetavad toitainete imendumist.<\/li>\n<p>&#13;<\/p>\n<li>Meloniekstrakt on antioks\u00fcdantide allikas.<\/li>\n<p>&#13;<\/p>\n<li>Kollageen toetab luude, lihaste ja liigeste tervist.<\/li>\n<p>&#13;<\/p>\n<li>Probiootikumid toetavad soolestiku mikrofloorat.<\/li>\n<p>&#13;<br \/>\n<br \/>&#13;<br \/>\n<b>Koostis<\/b><br \/>&#13;<br \/>\nDeh\u00fcdreeritud l\u00f5he (26%), k\u00f5rvits (20%), vedel k\u00f6\u00f6giviljat\u00e4rklis (14%), punased l\u00e4\u00e4tsed (13%), l\u00f5hevalk* (10%), l\u00f5hemahl* (5%), kollageen (4%), kuivatatud karulauk (1,8%), kuivatatud kummel (1,5%), kuivatatud piparm\u00fcnt (1,5%), l\u00f5he\u00f5li (1%), kuivatatud apteegitill (0,5%), kuivatatud n\u00f5ges (0,5%), fulvohape (0,5%), mineraalained, kuivatatud kaneel (0,2%), kantaluubi ekstrakt (0,01%), inaktiveeritud Lactobacillus acidophilus HA-122 (15 x 109 rakku\/kg). * H\u00fcdrol\u00fc\u00fcsitud.<br \/>&#13;<br \/>\n<br \/>&#13;<br \/>\n<b>Anal\u00fc\u00fctiline koostis<\/b><br \/>&#13;<br \/>\nToorvalk 28,0%, toorrasv 4,8%, niiskus 17,0%, toortuhk 6,8%, toorkiud 1,0%, kaltsium 1,1%, fosfor 0,8%, naatrium 0,8%, oomega-3 0,35%, oomega-6 0,45%.<br \/>&#13;<br \/>\n<br \/>&#13;<br \/>\n<b>S\u00f6\u00f6dalisandid (1 kg kohta)<\/b><br \/>&#13;<br \/>\nToitainelised lisandid: C-vitamiin (3a312) 300 mg. Sisaldab ELi poolt heakskiidetud s\u00e4ilitusaineid: sidrunhape (E330), \u00f5unhape (E296).<br \/>&#13;<br \/>\n<br \/>&#13;<br \/>\n<b>Metaboliseeruv energia<\/b><br \/>&#13;<br \/>\n3 140 kcal\/kg<\/p>\n","protected":false},"excerpt":{"rendered":"<p>Funktsionaalne maius koerale, mis on looduslikult parasiidivastase toimega.<\/p>\n","protected":false},"featured_media":11244,"template":"","meta":[],"product_cat":[1210,688],"product_tag":[],"class_list":{"0":"post-14838","1":"product","2":"type-product","3":"status-publish","4":"has-post-thumbnail","6":"product_cat-koerte-maiused","7":"product_cat-koerad","8":"pa_brand-brit-care","9":"pa_ean-2033","10":"pa_kaal-0-150","11":"pa_tootjariik-tsehhi","13":"first","14":"instock","15":"sale","16":"taxable","17":"shipping-taxable","18":"purchasable","19":"product-type-simple"},"_links":{"self":[{"href":"https:\/\/kasskoer.ee\/en\/wp-json\/wp\/v2\/product\/14838","targetHints":{"allow":["GET"]}}],"collection":[{"href":"https:\/\/kasskoer.ee\/en\/wp-json\/wp\/v2\/product"}],"about":[{"href":"https:\/\/kasskoer.ee\/en\/wp-json\/wp\/v2\/types\/product"}],"wp:featuredmedia":[{"embeddable":true,"href":"https:\/\/kasskoer.ee\/en\/wp-json\/wp\/v2\/media\/11244"}],"wp:attachment":[{"href":"https:\/\/kasskoer.ee\/en\/wp-json\/wp\/v2\/media?parent=14838"}],"wp:term":[{"taxonomy":"product_cat","embeddable":true,"href":"https:\/\/kasskoer.ee\/en\/wp-json\/wp\/v2\/product_cat?post=14838"},{"taxonomy":"product_tag","embeddable":true,"href":"https:\/\/kasskoer.ee\/en\/wp-json\/wp\/v2\/product_tag?post=14838"}],"curies":[{"name":"wp","href":"https:\/\/api.w.org\/{rel}","templated":true}]}}