{"id":14839,"date":"2026-04-20T03:06:02","date_gmt":"2026-04-20T00:06:02","guid":{"rendered":"https:\/\/kasskoer.ee\/product\/brit-care-functional-mobility-narimismaius-koertele-150g-2\/"},"modified":"2026-04-20T03:06:04","modified_gmt":"2026-04-20T00:06:04","slug":"brit-care-functional-mobility-narimismaius-koertele-150g","status":"publish","type":"product","link":"https:\/\/kasskoer.ee\/en\/toode\/brit-care-functional-mobility-narimismaius-koertele-150g\/","title":{"rendered":"Brit Care Functional Mobility n\u00e4rimismaius koertele 150g"},"content":{"rendered":"<p><b>Brit Care funktsionaalne kalmaari ja ananassiga maius liigeste ja k\u00f5hrede tervise toetamiseks. T\u00e4iends\u00f6\u00f6t koertele.<\/b>&#13;<\/p>\n<li>Ananass on uskumatult maitsev ja tervislik troopiline puuvili. See sisaldab rikkalikult ens\u00fc\u00fcme, vitamiine ja antioks\u00fcdante, mis kaitsevad rakke vabade radikaalide kahjuliku m\u00f5ju eest. Ananassis sisalduvad ens\u00fc\u00fcmid on ka looduslik valuvastane vahend.<\/li>\n<p>&#13;<\/p>\n<li>Kalmaar on v\u00e4hese rasvasisaldusega mereand, mis sisaldab rikkalikult tsinki ja vaske.<\/li>\n<p>&#13;<\/p>\n<li>Rikastatud gl\u00fckosamiini, kondroitiini, viirukipuu ja rohelise rannakarbi ekstraktiga liigeste ja k\u00f5hrede toetamiseks.<\/li>\n<p>&#13;<\/p>\n<li>Ei sisalda teravilja ega kartuleid.<\/li>\n<p>&#13;<\/p>\n<li>Fulvohapped toetavad toitainete imendumist.<\/li>\n<p>&#13;<\/p>\n<li>Meloniekstrakt on antioks\u00fcdantide allikas.<\/li>\n<p>&#13;<\/p>\n<li>Kollageen toetab luude, lihaste ja liigeste tervist.<\/li>\n<p>&#13;<\/p>\n<li>Probiootikumid toetavad soolestiku mikrofloorat.<\/li>\n<p>&#13;<br \/>\n<br \/>&#13;<br \/>\n<b>Koostis<\/b><br \/>&#13;<br \/>\nDeh\u00fcdreeritud kalmaar (26%), k\u00f5rvits (20%), punased l\u00e4\u00e4tsed (15%), vedel k\u00f6\u00f6giviljat\u00e4rklis (14%), kalmaarivalk* (10%), l\u00f5hemahl* (5%), kollageen* (4%), gl\u00fckosamiin (1,5%), kuivatatud ananass (1%), l\u00f5he\u00f5li (1%), kondroitiinsulfaat (1%), Boswellia serrata viirukipuu (0,5%), fulvohape (0,5%), mineraalained, munakoore membraan (0,1%), rohelise rannakarbi ekstrakt (0,1%), kantaluubi ekstrakt (0,01%), inaktiveeritud Lactobacillus acidophilus HA-122 (15 x 109 rakku\/kg). * H\u00fcdrol\u00fc\u00fcsitud.<br \/>&#13;<br \/>\n<br \/>&#13;<br \/>\n<b>Anal\u00fc\u00fctilised koostisosad<\/b><br \/>&#13;<br \/>\nToorvalk 30,0%, toorrasv 4,5%, niiskus 17,0%, toortuhk 5,0%, toorkiud 0,8%, kaltsium 1,0%, fosfor 0,8%, naatrium 0,8%, oomega-3 0,35%, oomega-6 0,4%.<br \/>&#13;<br \/>\n<br \/>&#13;<br \/>\n<b>S\u00f6\u00f6dalisandid<\/b><br \/>&#13;<br \/>\nC-vitamiin (3a312) 500 mg. Sisaldab ELi poolt heakskiidetud s\u00e4ilitusaineid: sidrunhape (E330), \u00f5unhape (E296).<br \/>&#13;<br \/>\n<br \/>&#13;<br \/>\n<b>Metaboliseeruv energia<\/b><br \/>&#13;<br \/>\n3 215 kcal\/kg<\/p>\n","protected":false},"excerpt":{"rendered":"<p>Funktsionaalne maius koerale, mis aitab hoida liigeste ja k\u00f5hrede tervist.<\/p>\n","protected":false},"featured_media":11246,"template":"","meta":[],"product_cat":[1210,688],"product_tag":[],"class_list":{"0":"post-14839","1":"product","2":"type-product","3":"status-publish","4":"has-post-thumbnail","6":"product_cat-koerte-maiused","7":"product_cat-koerad","8":"pa_brand-brit-care","9":"pa_ean-2044","10":"pa_kaal-0-150","11":"pa_tootjariik-tsehhi","13":"first","14":"instock","15":"sale","16":"taxable","17":"shipping-taxable","18":"purchasable","19":"product-type-simple"},"_links":{"self":[{"href":"https:\/\/kasskoer.ee\/en\/wp-json\/wp\/v2\/product\/14839","targetHints":{"allow":["GET"]}}],"collection":[{"href":"https:\/\/kasskoer.ee\/en\/wp-json\/wp\/v2\/product"}],"about":[{"href":"https:\/\/kasskoer.ee\/en\/wp-json\/wp\/v2\/types\/product"}],"wp:featuredmedia":[{"embeddable":true,"href":"https:\/\/kasskoer.ee\/en\/wp-json\/wp\/v2\/media\/11246"}],"wp:attachment":[{"href":"https:\/\/kasskoer.ee\/en\/wp-json\/wp\/v2\/media?parent=14839"}],"wp:term":[{"taxonomy":"product_cat","embeddable":true,"href":"https:\/\/kasskoer.ee\/en\/wp-json\/wp\/v2\/product_cat?post=14839"},{"taxonomy":"product_tag","embeddable":true,"href":"https:\/\/kasskoer.ee\/en\/wp-json\/wp\/v2\/product_tag?post=14839"}],"curies":[{"name":"wp","href":"https:\/\/api.w.org\/{rel}","templated":true}]}}