{"id":14840,"date":"2026-04-20T03:06:02","date_gmt":"2026-04-20T00:06:02","guid":{"rendered":"https:\/\/kasskoer.ee\/product\/brit-care-functional-dental-narimismaius-koertele-150g-2\/"},"modified":"2026-04-20T03:06:04","modified_gmt":"2026-04-20T00:06:04","slug":"brit-care-functional-dental-narimismaius-koertele-150g","status":"publish","type":"product","link":"https:\/\/kasskoer.ee\/en\/toode\/brit-care-functional-dental-narimismaius-koertele-150g\/","title":{"rendered":"Brit Care Functional Dental n\u00e4rimismaius koertele 150g"},"content":{"rendered":"<p><b>Brit Care funktsionaalne hirve ja rosmariiniga maius hammaste ja igemete kaitsmiseks hambakivi eest. T\u00e4iends\u00f6\u00f6t koertele.<\/b>&#13;<\/p>\n<li>Rosmariini kasutatakse sageli loodusliku ravimina tervete hammaste ja igemete toetamiseks. T\u00e4nu oma antibakteriaalsetele omadustele aitab see hambaid kaitsta hambakivi tekkimise eest ja v\u00e4hendab ebameeldivat suul\u00f5hna.<\/li>\n<p>&#13;<\/p>\n<li>Rikastatud vetikate, nelgi ja naatriumheksametafosfaadiga hammaste lisakaitseks.<\/li>\n<p>&#13;<\/p>\n<li>Hirveliha on hea valguallikas, mis sisaldab rikkalikult selliseid mineraalaineid nagu raud ja tsink.<\/li>\n<p>&#13;<\/p>\n<li>Ei sisalda teravilja ega kartuleid.<\/li>\n<p>&#13;<\/p>\n<li>Fulvohapped toetavad toitainete imendumist.<\/li>\n<p>&#13;<\/p>\n<li>Meloniekstrakt on antioks\u00fcdantide allikas.<\/li>\n<p>&#13;<\/p>\n<li>Kollageen toetab luude, lihaste ja liigeste tervist.<\/li>\n<p>&#13;<\/p>\n<li>Probiootikumid toetavad soolestiku mikrofloorat.<\/li>\n<p>&#13;<br \/>\n<br \/>&#13;<br \/>\n<b>Koostis<\/b><br \/>&#13;<br \/>\nDeh\u00fcdreeritud hirv (26%), k\u00f5rvits (20%), punased l\u00e4\u00e4tsed (16%), vedel k\u00f6\u00f6giviljat\u00e4rklis (14%), hirvevalk* (8%), hirve lihamahl* (5%), kollageen* (4%), kuivatatud merevetikas kelp (3,5%), kuivatatud rosmariin (1%), l\u00f5he\u00f5li (1%), fulvohape (0,5%), naatriumheksametafosfaat (0,4%), kuivatatud salvei (0,3%), kuivatatud nelk (0,2%), mineraalained, meloniekstrakt (0,01%), inaktiveeritud Lactobacillus acidophilus HA \u2013 122 (15&#215;109 rakku\/kg). * H\u00fcdrol\u00fc\u00fcsitud.<br \/>&#13;<br \/>\n<br \/>&#13;<br \/>\n<b>Anal\u00fc\u00fctilised koostisosad<\/b><br \/>&#13;<br \/>\nToorvalk 26,0%, toorrasv 5,0%, niiskus 17,0%, toortuhk 9,0%, toorkiud 1,5%, kaltsium 1,6%, fosfor 1,1%, naatrium 0,3%, oomega-3 0,25%, oomega-6 0,3%.<br \/>&#13;<br \/>\n<br \/>&#13;<br \/>\n<b>S\u00f6\u00f6dalisandid<\/b><br \/>&#13;<br \/>\nC-vitamiin (3a312) 500 mg, tsink (3b606) 150 mg. Sisaldab ELi poolt heakskiidetud s\u00e4ilitusaineid: sidrunhape (E330), \u00f5unhape (E296).<br \/>&#13;<br \/>\n<br \/>&#13;<br \/>\n<b>Metaboliseeruv energia<\/b><br \/>&#13;<br \/>\n3 040 kcal\/kg<\/p>\n","protected":false},"excerpt":{"rendered":"<p>Funktsionaalne maius koerale hammaste ja igemete tervise toetamiseks.<\/p>\n","protected":false},"featured_media":11248,"template":"","meta":[],"product_cat":[1210,688],"product_tag":[],"class_list":{"0":"post-14840","1":"product","2":"type-product","3":"status-publish","4":"has-post-thumbnail","6":"product_cat-koerte-maiused","7":"product_cat-koerad","8":"pa_brand-brit-care","9":"pa_ean-2042","10":"pa_kaal-0-150","11":"pa_tootjariik-tsehhi","13":"first","14":"instock","15":"sale","16":"taxable","17":"shipping-taxable","18":"purchasable","19":"product-type-simple"},"_links":{"self":[{"href":"https:\/\/kasskoer.ee\/en\/wp-json\/wp\/v2\/product\/14840","targetHints":{"allow":["GET"]}}],"collection":[{"href":"https:\/\/kasskoer.ee\/en\/wp-json\/wp\/v2\/product"}],"about":[{"href":"https:\/\/kasskoer.ee\/en\/wp-json\/wp\/v2\/types\/product"}],"wp:featuredmedia":[{"embeddable":true,"href":"https:\/\/kasskoer.ee\/en\/wp-json\/wp\/v2\/media\/11248"}],"wp:attachment":[{"href":"https:\/\/kasskoer.ee\/en\/wp-json\/wp\/v2\/media?parent=14840"}],"wp:term":[{"taxonomy":"product_cat","embeddable":true,"href":"https:\/\/kasskoer.ee\/en\/wp-json\/wp\/v2\/product_cat?post=14840"},{"taxonomy":"product_tag","embeddable":true,"href":"https:\/\/kasskoer.ee\/en\/wp-json\/wp\/v2\/product_tag?post=14840"}],"curies":[{"name":"wp","href":"https:\/\/api.w.org\/{rel}","templated":true}]}}